{"id":29727,"date":"2024-04-09T22:16:22","date_gmt":"2024-04-09T22:16:22","guid":{"rendered":"https:\/\/cheveuxluxe.com\/index.php\/product\/osmo-apres-shampoing-pour-usage-quotidien-x-posed-1l\/"},"modified":"2024-04-13T14:27:24","modified_gmt":"2024-04-13T14:27:24","slug":"osmo-apres-shampoing-pour-usage-quotidien-x-posed-1l","status":"publish","type":"product","link":"https:\/\/cheveuxluxe.com\/index.php\/product\/osmo-apres-shampoing-pour-usage-quotidien-x-posed-1l\/","title":{"rendered":"Osmo Apr\u00e8s-Shampoing pour Usage Quotidien X.POSED 1L"},"content":{"rendered":"<div class=\"product-content_bottom\">\n<div class=\"pdp-info\">\n<div class=\"pdp-tabs tab-container\">\n<div class=\"tab js-tab\">\n<h3 class=\"tab-title pdp-tabs_title js-tab-mobile-title open\"><span>Points cl\u00e9s<\/span><\/h3>\n<div class=\"tab-description pdp-tabs_description js-tab-description open\" itemprop=\"description\">\n<ul>\n<li>100% v\u00e9gan et sans cruaut\u00e9 animal<\/li>\n<li>97% d\u2019ingr\u00e9dients d\u2019origine naturelle<\/li>\n<li>Sans sulfate ni paraben<\/li>\n<li>Convient \u00e0 tous les types de cheveux<\/li>\n<li>Emballage PCR<\/li>\n<\/ul>\n<\/div>\n<\/div>\n<div class=\"tab js-tab\">\n<h3 class=\"tab-title pdp-tabs_title js-tab-mobile-title\"><span>Description<\/span><\/h3>\n<div class=\"tab-description pdp-tabs_description js-tab-description\" itemprop=\"description\">Enrichie en basilic, thym et en mandarine, la formule l\u00e9g\u00e8re de ce soin hydratant vegan est id\u00e9ale pour hydrater efficacement les cheveux, sans les alourdir. Nourrit et rafra\u00eechit les cheveux, qui sont nourris et faciles \u00e0 coiffer.<\/p>\n<p>PH\u00a0: De 3.0 \u00e0 5.0<br \/>Convient \u00e0: Tous les types de cheveux.<\/div>\n<\/div>\n<div class=\"tab js-tab\">\n<h3 class=\"tab-title pdp-tabs_title js-tab-mobile-title\"><span>Mode d&#8217;emploi<\/span><\/h3>\n<div class=\"tab-description pdp-tabs_description js-tab-description\">R\u00e9partir uniform\u00e9ment sur cheveux mouill\u00e9s. Masser d\u00e9licatement, en insistant sur les longueurs et les pointes. Laisser poser pendant 3 \u00e0 5 minutes avant de rincer soigneusement.<\/div>\n<\/div>\n<div class=\"tab js-tab\">\n<h3 class=\"tab-title pdp-tabs_title js-tab-mobile-title\"><span>Ingr\u00e9dients<\/span><\/h3>\n<div class=\"tab-description pdp-tabs_description js-tab-description\">Aqua (Water), Distearoylethyl Dimonium Chloride, Cetearyl Alcohol, Cetyl Alcohol, Stearamidopropyl Dimethylamine, Bertholletia Excelsa (Brazil Nut) Seed Oil, Thymus Vulgaris (Thyme) Oil, Ocimum Basilicum (Basil) Oil, Citrus Nobilis (Mandarin Orange) Peel Oil, Helianthus Annuus (Sunflower) Seed Extract, Trideceth-12, Cetrimonium Chloride, Butylene Glycol, Amodimethicone, Parfum (Fragrance), Linalool, Citric Acid, Phenoxyethanol, Triethylene Glycol, Sodium Benzoate<\/div>\n<\/div>\n<div class=\"tab js-tab\">\n<h3 class=\"tab-title pdp-tabs_title js-tab-mobile-title\"><span>Livraison et stock<\/span><\/h3>\n<div class=\"tab-description pdp-tabs_description js-tab-description\">\n<div class=\"pdp-delivery_info\">\n<div class=\"content-asset\">Livraison et d\u00e9laisRetours et remboursements<\/div>\n<\/div>\n<\/div>\n<\/div>\n<div class=\"tab js-tab\">\n<h3 class=\"tab-title pdp-tabs_title js-tab-mobile-title\"><span>Pr\u00e9cautions d&#8217;emploi<\/span><\/h3>\n<div class=\"tab-description pdp-tabs_description js-tab-description\">Usage externe uniquement. \u00c9viter tout contact avec les yeux.<\/div>\n<\/div>\n<\/div>\n<\/div>\n<\/div>\n","protected":false},"excerpt":{"rendered":"<p>Points cl\u00e9s 100% v\u00e9gan et sans cruaut\u00e9 animal 97% d\u2019ingr\u00e9dients d\u2019origine naturelle Sans sulfate ni&hellip;<\/p>\n","protected":false},"featured_media":21088,"comment_status":"open","ping_status":"closed","template":"","meta":[],"pwb-brand":[661],"product_cat":[617],"product_tag":[274,385,273],"class_list":{"0":"post-29727","1":"product","2":"type-product","3":"status-publish","4":"has-post-thumbnail","6":"pwb-brand-osmo","7":"product_cat-coiffure","8":"product_tag-coiffure","9":"product_tag-osmo","10":"product_tag-vegan","12":"first","13":"instock","14":"taxable","15":"shipping-taxable","16":"purchasable","17":"product-type-simple","18":"layout-style-3","19":"col-md-4 col-sm-4 col-xs-6","20":"col-lg-3","21":"product-style-default"},"aioseo_notices":[],"brands":[{"id":661,"name":"Osmo","slug":"osmo"}],"_links":{"self":[{"href":"https:\/\/cheveuxluxe.com\/index.php\/wp-json\/wp\/v2\/product\/29727","targetHints":{"allow":["GET"]}}],"collection":[{"href":"https:\/\/cheveuxluxe.com\/index.php\/wp-json\/wp\/v2\/product"}],"about":[{"href":"https:\/\/cheveuxluxe.com\/index.php\/wp-json\/wp\/v2\/types\/product"}],"replies":[{"embeddable":true,"href":"https:\/\/cheveuxluxe.com\/index.php\/wp-json\/wp\/v2\/comments?post=29727"}],"version-history":[{"count":0,"href":"https:\/\/cheveuxluxe.com\/index.php\/wp-json\/wp\/v2\/product\/29727\/revisions"}],"wp:featuredmedia":[{"embeddable":true,"href":"https:\/\/cheveuxluxe.com\/index.php\/wp-json\/wp\/v2\/media\/21088"}],"wp:attachment":[{"href":"https:\/\/cheveuxluxe.com\/index.php\/wp-json\/wp\/v2\/media?parent=29727"}],"wp:term":[{"taxonomy":"pwb-brand","embeddable":true,"href":"https:\/\/cheveuxluxe.com\/index.php\/wp-json\/wp\/v2\/pwb-brand?post=29727"},{"taxonomy":"product_cat","embeddable":true,"href":"https:\/\/cheveuxluxe.com\/index.php\/wp-json\/wp\/v2\/product_cat?post=29727"},{"taxonomy":"product_tag","embeddable":true,"href":"https:\/\/cheveuxluxe.com\/index.php\/wp-json\/wp\/v2\/product_tag?post=29727"}],"curies":[{"name":"wp","href":"https:\/\/api.w.org\/{rel}","templated":true}]}}