{"id":29728,"date":"2024-04-09T22:16:22","date_gmt":"2024-04-09T22:16:22","guid":{"rendered":"https:\/\/cheveuxluxe.com\/index.php\/product\/osmo-traitement-sans-rincage-effects-wonder-10-250ml\/"},"modified":"2024-04-13T14:00:08","modified_gmt":"2024-04-13T14:00:08","slug":"osmo-traitement-sans-rincage-effects-wonder-10-250ml","status":"publish","type":"product","link":"https:\/\/cheveuxluxe.com\/index.php\/product\/osmo-traitement-sans-rincage-effects-wonder-10-250ml\/","title":{"rendered":"Osmo Traitement sans Rin\u00e7age Effects Wonder 10 250ml"},"content":{"rendered":"<div class=\"product-content_bottom\">\n<div class=\"pdp-info\">\n<div class=\"pdp-tabs tab-container\">\n<div class=\"tab js-tab\">\n<h3 class=\"tab-title pdp-tabs_title js-tab-mobile-title open\"><span>Points cl\u00e9s<\/span><\/h3>\n<div class=\"tab-description pdp-tabs_description js-tab-description open\" itemprop=\"description\">\n<ul>\n<li>Soin 10-en-1<\/li>\n<li>Nutrition<\/li>\n<li>Hydratation<\/li>\n<li>Protection<\/li>\n<\/ul>\n<\/div>\n<\/div>\n<div class=\"tab js-tab\">\n<h3 class=\"tab-title pdp-tabs_title js-tab-mobile-title\"><span>Description<\/span><\/h3>\n<div class=\"tab-description pdp-tabs_description js-tab-description\" itemprop=\"description\">Le spray Effects Wonder 10, c\u2019est presque le super h\u00e9ros des cheveux au quotidien ! Multi-usage, il ravit tous les types de cheveux, des color\u00e9s aux plus sensibles et ab\u00eem\u00e9s.<\/p>\n<p>Il agit sur tous les plans pour magnifier les cheveux et les prot\u00e9ger des agressions ext\u00e9rieures. Des agents actifs nourrissants et hydratants vont r\u00e9parer la structure interne de la fibre capillaire, tout en la prot\u00e9geant des lavages r\u00e9guliers et des appareils de coiffage thermiques. La mati\u00e8re du cheveu va tout naturellement se redresser pour apporter un volume sensationnel, et pour toute la journ\u00e9e !<\/p>\n<p>Cette formulation exclusive referme les \u00e9cailles \u00e0 la surface du cheveu et forme un film gainant non gras des longueurs jusqu\u2019aux pointes. Visiblement liss\u00e9s et prot\u00e9g\u00e9s, les cheveux r\u00e9sistent \u00e0 l\u2019humidit\u00e9 et \u00e0 la chaleur, pour un effet anti-frizz garanti. Et ce n\u2019est pas tout : ce spray prot\u00e8ge aussi les colorations, pour des reflets sublimes jour apr\u00e8s jour. En un seul geste, vous d\u00e9couvrez des cheveux \u00e9clatants de vitalit\u00e9, au toucher soyeux et \u00e0 la brillance miroir !<\/p>\n<p>Gr\u00e2ce \u00e0 ces actions cibl\u00e9es, vous d\u00e9m\u00ealez et coiffez les cheveux en un tour de main pour un r\u00e9sultat \u00e0 la hauteur de vos attentes. Le spray sans rin\u00e7age Effects Wonder 10 Leave-In Treatment d\u2019Osmo est un v\u00e9ritable alli\u00e9 pour donner vie \u00e0 toutes vos inspirations !<\/p><\/div>\n<\/div>\n<div class=\"tab js-tab\">\n<h3 class=\"tab-title pdp-tabs_title js-tab-mobile-title\"><span>Mode d&#8217;emploi<\/span><\/h3>\n<div class=\"tab-description pdp-tabs_description js-tab-description\">Vaporiser uniform\u00e9ment sur cheveux humides en insistant sur les longueurs et les pointes.<br \/>Ne pas rincer.<br \/>Coiffer comme d&rsquo;habitude.<\/div>\n<\/div>\n<div class=\"tab js-tab\">\n<h3 class=\"tab-title pdp-tabs_title js-tab-mobile-title\"><span>Ingr\u00e9dients<\/span><\/h3>\n<div class=\"tab-description pdp-tabs_description js-tab-description\">Aqua (Water) , Alcohol Denat. (Alcohol) , Quaternium-80 , Polysilicone-18 Cetyl Phosphate , Cetyl Alcohol , Cetearyl Alcohol , Cetrimonium Methosulfate , Hydrolyzed Keratin , Superoxide Dismutase , Tocopheryl Acetate , Helianthus Annuus (Sunflower) Seed Extract , Hydrolyzed Wheat Protein , Hydrolyzed Wheat Starch , Hydrolyzed Vegetable Protein PG-Propyl Silanetriol , PPG-1 Trideceth-6 , Polyquaternium-37 , Propylene Glycol Dicaprylate, Dicaprate , Butylene Glycol , Behentrimonium Methosulfate , C10-40 Isoalkylamidopropylethyldimonium Ethosulfate , Quaternium-91 , Behentrimonium Chloride , Parfum (Fragrance) , Alpha-isomethyl Ionone , Linalool , Hexyl Cinnamal , Citronellol , Pentylene Glycol , Tromethamine , Disodium EDTA , Benzoic Acid , Potassium Sorbate , Phenoxyethanol , Dehydroacetic Acid<\/div>\n<\/div>\n<div class=\"tab js-tab\">\n<h3 class=\"tab-title pdp-tabs_title js-tab-mobile-title\"><span>Livraison et stock<\/span><\/h3>\n<div class=\"tab-description pdp-tabs_description js-tab-description\">\n<div class=\"pdp-delivery_info\">\n<div class=\"content-asset\">Livraison et d\u00e9laisRetours et remboursements<\/div>\n<\/div>\n<\/div>\n<\/div>\n<\/div>\n<\/div>\n<\/div>\n","protected":false},"excerpt":{"rendered":"<p>Points cl\u00e9s Soin 10-en-1 Nutrition Hydratation Protection Description Le spray Effects Wonder 10, c\u2019est presque&hellip;<\/p>\n","protected":false},"featured_media":16159,"comment_status":"open","ping_status":"closed","template":"","meta":[],"pwb-brand":[661],"product_cat":[583],"product_tag":[131,385,127],"class_list":{"0":"post-29728","1":"product","2":"type-product","3":"status-publish","4":"has-post-thumbnail","6":"pwb-brand-osmo","7":"product_cat-apres-shampooing","8":"product_tag-apres-shampooing","9":"product_tag-osmo","10":"product_tag-shampooing-et-coiffure","12":"first","13":"instock","14":"taxable","15":"shipping-taxable","16":"purchasable","17":"product-type-simple","18":"layout-style-3","19":"col-md-4 col-sm-4 col-xs-6","20":"col-lg-3","21":"product-style-default"},"aioseo_notices":[],"brands":[{"id":661,"name":"Osmo","slug":"osmo"}],"_links":{"self":[{"href":"https:\/\/cheveuxluxe.com\/index.php\/wp-json\/wp\/v2\/product\/29728","targetHints":{"allow":["GET"]}}],"collection":[{"href":"https:\/\/cheveuxluxe.com\/index.php\/wp-json\/wp\/v2\/product"}],"about":[{"href":"https:\/\/cheveuxluxe.com\/index.php\/wp-json\/wp\/v2\/types\/product"}],"replies":[{"embeddable":true,"href":"https:\/\/cheveuxluxe.com\/index.php\/wp-json\/wp\/v2\/comments?post=29728"}],"version-history":[{"count":0,"href":"https:\/\/cheveuxluxe.com\/index.php\/wp-json\/wp\/v2\/product\/29728\/revisions"}],"wp:featuredmedia":[{"embeddable":true,"href":"https:\/\/cheveuxluxe.com\/index.php\/wp-json\/wp\/v2\/media\/16159"}],"wp:attachment":[{"href":"https:\/\/cheveuxluxe.com\/index.php\/wp-json\/wp\/v2\/media?parent=29728"}],"wp:term":[{"taxonomy":"pwb-brand","embeddable":true,"href":"https:\/\/cheveuxluxe.com\/index.php\/wp-json\/wp\/v2\/pwb-brand?post=29728"},{"taxonomy":"product_cat","embeddable":true,"href":"https:\/\/cheveuxluxe.com\/index.php\/wp-json\/wp\/v2\/product_cat?post=29728"},{"taxonomy":"product_tag","embeddable":true,"href":"https:\/\/cheveuxluxe.com\/index.php\/wp-json\/wp\/v2\/product_tag?post=29728"}],"curies":[{"name":"wp","href":"https:\/\/api.w.org\/{rel}","templated":true}]}}