{"id":29740,"date":"2024-04-09T22:16:53","date_gmt":"2024-04-09T22:16:53","guid":{"rendered":"https:\/\/cheveuxluxe.com\/index.php\/product\/osmo-apres-shampooing-silver-cheveux-blonds-300ml\/"},"modified":"2024-04-13T14:25:13","modified_gmt":"2024-04-13T14:25:13","slug":"osmo-apres-shampooing-silver-cheveux-blonds-300ml","status":"publish","type":"product","link":"https:\/\/cheveuxluxe.com\/index.php\/product\/osmo-apres-shampooing-silver-cheveux-blonds-300ml\/","title":{"rendered":"Osmo Apr\u00e8s-shampooing Silver Cheveux Blonds 300ml"},"content":{"rendered":"<div class=\"product-content_bottom\">\n<div class=\"pdp-info\">\n<div class=\"pdp-tabs tab-container\">\n<div class=\"tab js-tab\">\n<h3 class=\"tab-title pdp-tabs_title js-tab-mobile-title open\"><span>Points cl\u00e9s<\/span><\/h3>\n<div class=\"tab-description pdp-tabs_description js-tab-description open\" itemprop=\"description\">\n<ul>\n<li> Cheveux blonds, blancs ou gris<\/li>\n<li>D\u00e9jaunisseur<\/li>\n<li>Brillance et douceur<\/li>\n<li>Sans sulfate<\/li>\n<li>Filtres UV <\/li>\n<\/ul>\n<\/div>\n<\/div>\n<div class=\"tab js-tab\">\n<h3 class=\"tab-title pdp-tabs_title js-tab-mobile-title\"><span>Description<\/span><\/h3>\n<div class=\"tab-description pdp-tabs_description js-tab-description\" itemprop=\"description\">l\u2019Apr\u00e8s-Shampoing D\u00e9jaunisseur Silverising d\u2019Osmo est une formule douce sans sulfate et sans sel id\u00e9ale pour transformer les reflets des cheveux blonds, blancs ou gris et soigner sans d\u00e9caper la couleur.Sa couleur d\u2019un violet profond vise \u00e0 neutraliser puis \u00e0 limiter les reflets jaunes g\u00eanants et peu esth\u00e9tiques des cheveux blonds ou d\u00e9color\u00e9s, et apporte de la brillance aux cheveux blancs ou gris.L\u2019absolu de rose associ\u00e9 \u00e0 l\u2019huile de lin nourrit et hydrate les cheveux pour leur apporter un fini lisse et soyeux. Les filtres UV les prot\u00e8gent des effets n\u00e9fastes du soleil, de la chaleur ou de la pollution pouvant agresser et ternir le blond. La couleur est raviv\u00e9e, les cheveux sont doux, brillants et incroyablement lumineux.<\/div>\n<\/div>\n<div class=\"tab js-tab\">\n<h3 class=\"tab-title pdp-tabs_title js-tab-mobile-title\"><span>Mode d&#8217;emploi<\/span><\/h3>\n<div class=\"tab-description pdp-tabs_description js-tab-description\">\u2013\u00a0Appliquez l\u2019Apr\u00e8s-Shampoing D\u00e9jaunisseur Silverising sur cheveux mouill\u00e9s.\u2013\u00a0Frottez doucement des racines jusqu\u2019aux pointes.\u2013\u00a0Laissez poser trois \u00e0 cinq minutes pour de meilleurs r\u00e9sultats, puis rincez abondamment. Faites une deuxi\u00e8me application si n\u00e9cessaire.\u00c0 utiliser avec d\u2019autres produits de la marque Osmo, notamment avec le Shampoing D\u00e9jaunisseur Silverising.<\/div>\n<\/div>\n<div class=\"tab js-tab\">\n<h3 class=\"tab-title pdp-tabs_title js-tab-mobile-title\"><span>Ingr\u00e9dients<\/span><\/h3>\n<div class=\"tab-description pdp-tabs_description js-tab-description\">Aqua (Water), Cetyl Alcohol, Cetrimonium Chloride, Cetearyl Alcohol, Diethylhexyl Succinate, Amodimethicone, Ceteareth-20, Hydroxyethylcellulose, Tetrasodium Edta, Citric Acid, Parfum (Fragrance), Amyl Cinnamal, Hexyl Cinnamal, Linalool, Benzyl Salicylate, Limonene, Benzyl Benzoate, Benzophenone-3, Benzophenone-4, Tocopheryl Acetate, Rose Absolute, Linum Usitatissimum (Linseed) Oil, Cocamidopropyl Betaine, Trideceth-12, Sodium Benzoate, Methylchloroisothiazolinone, Methylisothiazolinone, Ci 60730 (Ext.Violet 2)<\/div>\n<\/div>\n<div class=\"tab js-tab\">\n<h3 class=\"tab-title pdp-tabs_title js-tab-mobile-title\"><span>Livraison et stock<\/span><\/h3>\n<div class=\"tab-description pdp-tabs_description js-tab-description\">\n<div class=\"pdp-delivery_info\">\n<div class=\"content-asset\">Livraison et d\u00e9laisRetours et remboursements<\/div>\n<\/div>\n<\/div>\n<\/div>\n<\/div>\n<\/div>\n<\/div>\n","protected":false},"excerpt":{"rendered":"<p>Points cl\u00e9s Cheveux blonds, blancs ou gris D\u00e9jaunisseur Brillance et douceur Sans sulfate Filtres UV&hellip;<\/p>\n","protected":false},"featured_media":19943,"comment_status":"open","ping_status":"closed","template":"","meta":[],"pwb-brand":[661],"product_cat":[617],"product_tag":[274,385,273],"class_list":{"0":"post-29740","1":"product","2":"type-product","3":"status-publish","4":"has-post-thumbnail","6":"pwb-brand-osmo","7":"product_cat-coiffure","8":"product_tag-coiffure","9":"product_tag-osmo","10":"product_tag-vegan","12":"first","13":"instock","14":"taxable","15":"shipping-taxable","16":"purchasable","17":"product-type-simple","18":"layout-style-3","19":"col-md-4 col-sm-4 col-xs-6","20":"col-lg-3","21":"product-style-default"},"aioseo_notices":[],"brands":[{"id":661,"name":"Osmo","slug":"osmo"}],"_links":{"self":[{"href":"https:\/\/cheveuxluxe.com\/index.php\/wp-json\/wp\/v2\/product\/29740","targetHints":{"allow":["GET"]}}],"collection":[{"href":"https:\/\/cheveuxluxe.com\/index.php\/wp-json\/wp\/v2\/product"}],"about":[{"href":"https:\/\/cheveuxluxe.com\/index.php\/wp-json\/wp\/v2\/types\/product"}],"replies":[{"embeddable":true,"href":"https:\/\/cheveuxluxe.com\/index.php\/wp-json\/wp\/v2\/comments?post=29740"}],"version-history":[{"count":0,"href":"https:\/\/cheveuxluxe.com\/index.php\/wp-json\/wp\/v2\/product\/29740\/revisions"}],"wp:featuredmedia":[{"embeddable":true,"href":"https:\/\/cheveuxluxe.com\/index.php\/wp-json\/wp\/v2\/media\/19943"}],"wp:attachment":[{"href":"https:\/\/cheveuxluxe.com\/index.php\/wp-json\/wp\/v2\/media?parent=29740"}],"wp:term":[{"taxonomy":"pwb-brand","embeddable":true,"href":"https:\/\/cheveuxluxe.com\/index.php\/wp-json\/wp\/v2\/pwb-brand?post=29740"},{"taxonomy":"product_cat","embeddable":true,"href":"https:\/\/cheveuxluxe.com\/index.php\/wp-json\/wp\/v2\/product_cat?post=29740"},{"taxonomy":"product_tag","embeddable":true,"href":"https:\/\/cheveuxluxe.com\/index.php\/wp-json\/wp\/v2\/product_tag?post=29740"}],"curies":[{"name":"wp","href":"https:\/\/api.w.org\/{rel}","templated":true}]}}