{"id":29741,"date":"2024-04-09T22:16:53","date_gmt":"2024-04-09T22:16:53","guid":{"rendered":"https:\/\/cheveuxluxe.com\/index.php\/product\/osmo-apres-shampoing-brillance-blinding-shine-1l\/"},"modified":"2024-04-13T14:21:41","modified_gmt":"2024-04-13T14:21:41","slug":"osmo-apres-shampoing-brillance-blinding-shine-1l","status":"publish","type":"product","link":"https:\/\/cheveuxluxe.com\/index.php\/product\/osmo-apres-shampoing-brillance-blinding-shine-1l\/","title":{"rendered":"Osmo Apr\u00e8s-shampoing Brillance Blinding Shine 1l"},"content":{"rendered":"<div class=\"product-content_bottom\">\n<div class=\"pdp-info\">\n<div class=\"pdp-tabs tab-container\">\n<div class=\"tab js-tab\">\n<h3 class=\"tab-title pdp-tabs_title js-tab-mobile-title open\"><span>Points cl\u00e9s<\/span><\/h3>\n<div class=\"tab-description pdp-tabs_description js-tab-description open\" itemprop=\"description\">\n<ul>\n<li> Brillance extr\u00eame<\/li>\n<li>Coiffage facile<\/li>\n<li>D\u00e9m\u00ealage ais\u00e9<\/li>\n<li>Anti-frisottis<\/li>\n<li>Hydratation <\/li>\n<\/ul>\n<\/div>\n<\/div>\n<div class=\"tab js-tab\">\n<h3 class=\"tab-title pdp-tabs_title js-tab-mobile-title\"><span>Description<\/span><\/h3>\n<div class=\"tab-description pdp-tabs_description js-tab-description\" itemprop=\"description\">Marre de vous battre avec des cheveux secs et sans vie?? Essayez l\u2019apr\u00e8s-shampoing Blinding Shine imagin\u00e9 par Osmo. Il apporte de la vitalit\u00e9 aux cheveux et permet de les travailler plus facilement pour obtenir la coiffure d\u00e9sir\u00e9e. L\u2019apr\u00e8s-shampoing assure une hydratation en profondeur et nourrit la fibre capillaire pour lui redonner force et vigueur.L\u2019apr\u00e8s-shampoing Blinding Shine facilite le lissage des cheveux et offre une brillance incroyable. Adieu les frisottis, avec ce produit vous pourrez travailler sur une chevelure lisse et douce. Les cheveux sont plus sains et le d\u00e9sagr\u00e9ment des cheveux cassants et fragilis\u00e9s disparait au fil des applications. Il est enrichi par de l\u2019huile de moringa et des prot\u00e9ines de soie pour une hydratation respectueuse de la fibre capillaire. Retrouvez le plaisir de cr\u00e9er des coiffures gr\u00e2ce \u00e0 des cheveux faciles \u00e0 lisser et \u00e0 dompter au quotidien.<\/div>\n<\/div>\n<div class=\"tab js-tab\">\n<h3 class=\"tab-title pdp-tabs_title js-tab-mobile-title\"><span>Mode d&#8217;emploi<\/span><\/h3>\n<div class=\"tab-description pdp-tabs_description js-tab-description\">Appliquez sur cheveux mouill\u00e9s.Massez d\u00e9licatement des racines jusqu\u2019aux pointes avec la pulpe des doigts.Laissez poser 3 mn puis rincez abondamment avant de s\u00e9cher la chevelure.<\/div>\n<\/div>\n<div class=\"tab js-tab\">\n<h3 class=\"tab-title pdp-tabs_title js-tab-mobile-title\"><span>Ingr\u00e9dients<\/span><\/h3>\n<div class=\"tab-description pdp-tabs_description js-tab-description\">Aqua (Water), Polysorbate 20, Cetearyl Alcohol, Hydroxyethylcellulose, Behentrimonium Chloride, Peg, Ppg-15, 15 Acetate Dimethicone, Peg, Ppg-15, 15 Allyl Ether Acetate, Cetrimonium Chloride, Tetrasodium Edta, Polyquaternium-10, Peg, Ppg-15, 15 Copolymer, Moringa Oleifera Seed Oil, Hydrolyzed Silk, Parfum (Fragrance), Linalool, Citric Acid, Disodium Edta, Sodium Benzoate, Methylchloroisothiazolinone, Methylisothiazolinone<\/div>\n<\/div>\n<div class=\"tab js-tab\">\n<h3 class=\"tab-title pdp-tabs_title js-tab-mobile-title\"><span>Livraison et stock<\/span><\/h3>\n<div class=\"tab-description pdp-tabs_description js-tab-description\">\n<div class=\"pdp-delivery_info\">\n<div class=\"content-asset\">Livraison et d\u00e9laisRetours et remboursements<\/div>\n<\/div>\n<\/div>\n<\/div>\n<\/div>\n<\/div>\n<\/div>\n","protected":false},"excerpt":{"rendered":"<p>Points cl\u00e9s Brillance extr\u00eame Coiffage facile D\u00e9m\u00ealage ais\u00e9 Anti-frisottis Hydratation Description Marre de vous battre&hellip;<\/p>\n","protected":false},"featured_media":16106,"comment_status":"open","ping_status":"closed","template":"","meta":[],"pwb-brand":[661],"product_cat":[610],"product_tag":[611,385,127],"class_list":{"0":"post-29741","1":"product","2":"type-product","3":"status-publish","4":"has-post-thumbnail","6":"pwb-brand-osmo","7":"product_cat-grands-formats","8":"product_tag-grands-formats","9":"product_tag-osmo","10":"product_tag-shampooing-et-coiffure","12":"first","13":"instock","14":"taxable","15":"shipping-taxable","16":"purchasable","17":"product-type-simple","18":"layout-style-3","19":"col-md-4 col-sm-4 col-xs-6","20":"col-lg-3","21":"product-style-default"},"aioseo_notices":[],"brands":[{"id":661,"name":"Osmo","slug":"osmo"}],"_links":{"self":[{"href":"https:\/\/cheveuxluxe.com\/index.php\/wp-json\/wp\/v2\/product\/29741","targetHints":{"allow":["GET"]}}],"collection":[{"href":"https:\/\/cheveuxluxe.com\/index.php\/wp-json\/wp\/v2\/product"}],"about":[{"href":"https:\/\/cheveuxluxe.com\/index.php\/wp-json\/wp\/v2\/types\/product"}],"replies":[{"embeddable":true,"href":"https:\/\/cheveuxluxe.com\/index.php\/wp-json\/wp\/v2\/comments?post=29741"}],"version-history":[{"count":0,"href":"https:\/\/cheveuxluxe.com\/index.php\/wp-json\/wp\/v2\/product\/29741\/revisions"}],"wp:featuredmedia":[{"embeddable":true,"href":"https:\/\/cheveuxluxe.com\/index.php\/wp-json\/wp\/v2\/media\/16106"}],"wp:attachment":[{"href":"https:\/\/cheveuxluxe.com\/index.php\/wp-json\/wp\/v2\/media?parent=29741"}],"wp:term":[{"taxonomy":"pwb-brand","embeddable":true,"href":"https:\/\/cheveuxluxe.com\/index.php\/wp-json\/wp\/v2\/pwb-brand?post=29741"},{"taxonomy":"product_cat","embeddable":true,"href":"https:\/\/cheveuxluxe.com\/index.php\/wp-json\/wp\/v2\/product_cat?post=29741"},{"taxonomy":"product_tag","embeddable":true,"href":"https:\/\/cheveuxluxe.com\/index.php\/wp-json\/wp\/v2\/product_tag?post=29741"}],"curies":[{"name":"wp","href":"https:\/\/api.w.org\/{rel}","templated":true}]}}