{"id":29742,"date":"2024-04-09T22:16:54","date_gmt":"2024-04-09T22:16:54","guid":{"rendered":"https:\/\/cheveuxluxe.com\/index.php\/product\/osmo-super-silver-mousse-revitalisante-violette-200ml\/"},"modified":"2024-04-13T14:26:14","modified_gmt":"2024-04-13T14:26:14","slug":"osmo-super-silver-mousse-revitalisante-violette-200ml","status":"publish","type":"product","link":"https:\/\/cheveuxluxe.com\/index.php\/product\/osmo-super-silver-mousse-revitalisante-violette-200ml\/","title":{"rendered":"Osmo Super Silver Mousse Revitalisante Violette 200ml"},"content":{"rendered":"<div class=\"product-content_bottom\">\n<div class=\"pdp-info\">\n<div class=\"pdp-tabs tab-container\">\n<div class=\"tab js-tab\">\n<h3 class=\"tab-title pdp-tabs_title js-tab-mobile-title open\"><span>Points cl\u00e9s<\/span><\/h3>\n<div class=\"tab-description pdp-tabs_description js-tab-description open\" itemprop=\"description\">\n<ul>\n<li>100% Vegan<\/li>\n<li>Sans cruaut\u00e9<\/li>\n<li>Sp\u00e9cialement formul\u00e9e pour cheveux blonds, d\u00e9color\u00e9s et gris.<\/li>\n<li>Formule contenant des pigments violets pour \u00e9claircir les cheveux et pr\u00e9server leur tonalit\u00e9 entre deux passages chez le coiffeur.<\/li>\n<li>Prot\u00e8ge les cheveux contre les m\u00e9faits des instruments thermiques.<\/li>\n<li>Parfum frais tr\u00e8s agr\u00e9able<\/li>\n<\/ul>\n<\/div>\n<\/div>\n<div class=\"tab js-tab\">\n<h3 class=\"tab-title pdp-tabs_title js-tab-mobile-title\"><span>Description<\/span><\/h3>\n<div class=\"tab-description pdp-tabs_description js-tab-description\" itemprop=\"description\">Mousse revitalisante \u00e0 la formule l\u00e9g\u00e8re.<br \/>Destin\u00e9e \u00e0 toutes les tonalit\u00e9s blondes et grises, elle est enrichie en pigments violets pour neutraliser les teintes jaunes ind\u00e9sirables.<br \/>Le Complexe Marin, unique en son genre, nourrit les cheveux, les renforce et les r\u00e9pare tout en les prot\u00e9geant contre les m\u00e9faits des instruments thermiques.<br \/>Laisse les cheveux brillants, doux et faciles \u00e0 coiffer.<\/div>\n<\/div>\n<div class=\"tab js-tab\">\n<h3 class=\"tab-title pdp-tabs_title js-tab-mobile-title\"><span>Mode d&#8217;emploi<\/span><\/h3>\n<div class=\"tab-description pdp-tabs_description js-tab-description\">BIEN AGITER AVANT EMPLOI.<br \/>R\u00e9partir une grosse noix de produit sur cheveux humides en insistant sur les longueurs et les pointes.<br \/>Peigner et coiffer comme d&rsquo;habitude.<\/div>\n<\/div>\n<div class=\"tab js-tab\">\n<h3 class=\"tab-title pdp-tabs_title js-tab-mobile-title\"><span>Ingr\u00e9dients<\/span><\/h3>\n<div class=\"tab-description pdp-tabs_description js-tab-description\">Aqua (Water), Glycereth-26, Decyl Glucoside, Polyquaternium-7, Cetrimonium Chloride, Glycerin, Cystoseira Compressa Extract, Silicone Quaternium-22, Zea Mays (Corn) Starch, Gluconolactone, Dehydroacetic Acid, Calcium Gluconate, Parfum (Fragrance), Limonene, Hexyl Cinnamal, Benzyl Alcohol, Linalool, Citronellol, Citric Acid, Phenoxyethanol, Triethylene Glycol, Sodium Benzoate, Acid Violet 43<\/div>\n<\/div>\n<div class=\"tab js-tab\">\n<h3 class=\"tab-title pdp-tabs_title js-tab-mobile-title\"><span>Livraison et stock<\/span><\/h3>\n<div class=\"tab-description pdp-tabs_description js-tab-description\">\n<div class=\"pdp-delivery_info\">\n<div class=\"content-asset\">Livraison et d\u00e9laisRetours et remboursements<\/div>\n<\/div>\n<\/div>\n<\/div>\n<div class=\"tab js-tab\">\n<h3 class=\"tab-title pdp-tabs_title js-tab-mobile-title\"><span>Pr\u00e9cautions d&#8217;emploi<\/span><\/h3>\n<div class=\"tab-description pdp-tabs_description js-tab-description\">Pour usage externe uniquement.<br \/>\u00c9viter tout contact avec les yeux.<\/div>\n<\/div>\n<\/div>\n<\/div>\n<\/div>\n","protected":false},"excerpt":{"rendered":"<p>Points cl\u00e9s 100% Vegan Sans cruaut\u00e9 Sp\u00e9cialement formul\u00e9e pour cheveux blonds, d\u00e9color\u00e9s et gris. Formule&hellip;<\/p>\n","protected":false},"featured_media":22310,"comment_status":"open","ping_status":"closed","template":"","meta":[],"pwb-brand":[661],"product_cat":[617],"product_tag":[274,385,273],"class_list":{"0":"post-29742","1":"product","2":"type-product","3":"status-publish","4":"has-post-thumbnail","6":"pwb-brand-osmo","7":"product_cat-coiffure","8":"product_tag-coiffure","9":"product_tag-osmo","10":"product_tag-vegan","12":"first","13":"instock","14":"taxable","15":"shipping-taxable","16":"purchasable","17":"product-type-simple","18":"layout-style-3","19":"col-md-4 col-sm-4 col-xs-6","20":"col-lg-3","21":"product-style-default"},"aioseo_notices":[],"brands":[{"id":661,"name":"Osmo","slug":"osmo"}],"_links":{"self":[{"href":"https:\/\/cheveuxluxe.com\/index.php\/wp-json\/wp\/v2\/product\/29742","targetHints":{"allow":["GET"]}}],"collection":[{"href":"https:\/\/cheveuxluxe.com\/index.php\/wp-json\/wp\/v2\/product"}],"about":[{"href":"https:\/\/cheveuxluxe.com\/index.php\/wp-json\/wp\/v2\/types\/product"}],"replies":[{"embeddable":true,"href":"https:\/\/cheveuxluxe.com\/index.php\/wp-json\/wp\/v2\/comments?post=29742"}],"version-history":[{"count":0,"href":"https:\/\/cheveuxluxe.com\/index.php\/wp-json\/wp\/v2\/product\/29742\/revisions"}],"wp:featuredmedia":[{"embeddable":true,"href":"https:\/\/cheveuxluxe.com\/index.php\/wp-json\/wp\/v2\/media\/22310"}],"wp:attachment":[{"href":"https:\/\/cheveuxluxe.com\/index.php\/wp-json\/wp\/v2\/media?parent=29742"}],"wp:term":[{"taxonomy":"pwb-brand","embeddable":true,"href":"https:\/\/cheveuxluxe.com\/index.php\/wp-json\/wp\/v2\/pwb-brand?post=29742"},{"taxonomy":"product_cat","embeddable":true,"href":"https:\/\/cheveuxluxe.com\/index.php\/wp-json\/wp\/v2\/product_cat?post=29742"},{"taxonomy":"product_tag","embeddable":true,"href":"https:\/\/cheveuxluxe.com\/index.php\/wp-json\/wp\/v2\/product_tag?post=29742"}],"curies":[{"name":"wp","href":"https:\/\/api.w.org\/{rel}","templated":true}]}}