{"id":29752,"date":"2024-04-09T22:17:18","date_gmt":"2024-04-09T22:17:18","guid":{"rendered":"https:\/\/cheveuxluxe.com\/index.php\/product\/olaplex-no-5-apres-shampooing-bond-maintenance-100ml\/"},"modified":"2024-04-13T14:24:32","modified_gmt":"2024-04-13T14:24:32","slug":"olaplex-no-5-apres-shampooing-bond-maintenance-100ml","status":"publish","type":"product","link":"https:\/\/cheveuxluxe.com\/index.php\/product\/olaplex-no-5-apres-shampooing-bond-maintenance-100ml\/","title":{"rendered":"Olaplex No. 5 Apr\u00e8s-Shampooing Bond Maintenance 100ml"},"content":{"rendered":"<div class=\"product-content_bottom\">\n<div class=\"pdp-info\">\n<div class=\"pdp-tabs tab-container\">\n<div class=\"tab js-tab\">\n<h3 class=\"tab-title pdp-tabs_title js-tab-mobile-title open\"><span>Points cl\u00e9s<\/span><\/h3>\n<div class=\"tab-description pdp-tabs_description js-tab-description open\" itemprop=\"description\">\n<ul>\n<li>R\u00e9pare les cheveux ab\u00eem\u00e9s<\/li>\n<li>Hydrate sans alourdir<\/li>\n<li>\u00c9limine les frisottis<\/li>\n<li>Rends les cheveux brillant et soyeux<\/li>\n<li>Renforce la fibre capillaire pour des cheveux plus forts<\/li>\n<\/ul>\n<\/div>\n<\/div>\n<div class=\"tab js-tab\">\n<h3 class=\"tab-title pdp-tabs_title js-tab-mobile-title\"><span>Description<\/span><\/h3>\n<div class=\"tab-description pdp-tabs_description js-tab-description\" itemprop=\"description\">Vos cheveux sont ab\u00eem\u00e9s par des cassures dues \u00e0 la chaleur, aux traitements chimiques et \u00e0 l&rsquo;usure quotidienne ? L&rsquo;apr\u00e8s-shampoing Olaplex n\u00b05 Bond Maintenance r\u00e9pare et prot\u00e9ge tous les types de cheveux de tout dommage, pour qu&rsquo;ils puissent rapidement renouer avec leur rendu naturel. Gr\u00e2ce \u00e0 la technologie brevet\u00e9e d&rsquo;Olaplex, cette formule v\u00e9g\u00e9talienne et sans sulfate r\u00e9tablit les liens bris\u00e9s des cheveux tout en augmentant leur niveau d&rsquo;hydratation et en am\u00e9liorant leur brillance naturelle, apr\u00e8s chaque utilisation. Combin\u00e9 au shampooing Olaplex No. 4 Bond Maintenance et au traitement hebdomadaire Olaplex No. 3 Perfecteur Cheveux, ce produit constitue la recette d&rsquo;une routine de soins capillaires unique en son genre.<\/p>\n<p>Principaux avantages :<br \/>Formule v\u00e9g\u00e9talienne et sans cruaut\u00e9 envers les animaux convenant \u00e0 tous les types de cheveux.<br \/>La technologie brevet\u00e9e aide \u00e0 maintenir la sant\u00e9 et la force des cheveux entre les visites au salon.<br \/>Maintient une couleur de haute qualit\u00e9.<br \/>Renforce les liens bris\u00e9s dans les cheveux et r\u00e9pare les dommages caus\u00e9s par la chaleur et les traitements chimiques.<\/div>\n<\/div>\n<div class=\"tab js-tab\">\n<h3 class=\"tab-title pdp-tabs_title js-tab-mobile-title\"><span>Mode d&#8217;emploi<\/span><\/h3>\n<div class=\"tab-description pdp-tabs_description js-tab-description\">Apr\u00e8s avoir utilis\u00e9 le shampooing d&rsquo;entretien Olaplex No. 4, appliquez une quantit\u00e9 g\u00e9n\u00e9reuse du cuir chevelu jusqu&rsquo;aux pointes. Laissez agir pendant au moins 2 \u00e0 3 minutes, puis rincez.<\/div>\n<\/div>\n<div class=\"tab js-tab\">\n<h3 class=\"tab-title pdp-tabs_title js-tab-mobile-title\"><span>Ingr\u00e9dients<\/span><\/h3>\n<div class=\"tab-description pdp-tabs_description js-tab-description\">Water (Aqua), Cetearyl Alcohol, PPG-3 Benzyl Ether Myristate, Caprylic\/Capric Triglyceride, Cetyl Alcohol, Octyldodecyl Ricinoleate, Quaternium-91, Cetrimonium Chloride, Divinyldimethicone\/Dimethicone Copolymer, Behentrimonium Chloride, Glycerin, Cetyl Esters, Isododecane, Bis-Aminopropyl Diglycol Dimaleate, Fragrance (Parfum), Panthenol, Phospholipids, Dimethicone PEG-7 Isostearate, Pseudozyma Epicola\/Argania Spinosa Kernel Oil Ferment Filtrate, Pseudozyma Epicola\/Camellia Sinensis Seed Oil Ferment Extract Filtrate, Tocopheryl Linoleate\/Oleate, Quaternium-95, Propanediol, Punica Granatum Extract, Morinda Citrifolia Fruit Extract, PEG-8, Euterpe Oleracea Fruit Extract, Camellia Sinensis Seed Oil, Crambe Abyssinica Seed Oil, Hydroxypropyl Cyclodextrin, Persea Gratissima (Avocado) Oil, Vitis Vinifera (Grape) Seed Oil, Disodium EDTA, Polysilicone-15, C11-15 Pareth-7, Hydroxypropyl Guar, Glycine Soja (Soybean) Oil, PEG-45M, PEG-7 Amodimethicone, Amodimethicone, C12-13 Pareth-23, C12-13 Pareth-3, Laureth-9, Pentaerythrityl Tetra-Di-T-Butyl Hydroxyhydrocinnamate, PEG-4, Phenoxyethanol, Hexyl Cinnamal, Limonene, Trideceth-12, Sodium Polyaspartate, Citral, Potassium Sorbate, Iodopropynyl Butylcarbamate, Silica, Acetic Acid, Etidronic Acid, Sodium Acetate, Chlorphenesin, Propylene Glycol, PEG-4 Dilaurate, PEG-4 Laurate, BHT, Sodium Dehydroacetate, PEG-8\/SMDI Copolymer, Palmitoyl Myristyl Serinate, Sodium Polyacrylate, Ahnfeltiopsis Concinna Extract, Sodium Benzoate, Citric Acid, Tocopherol, Hydrolyzed Hyaluronic Acid, Biotin, Helianthus Annuus (Sunflower) Seed Extract, Helianthus Annuus (Sunflower) Seed Oil* The exact percentage (concentration) of composition has been withheld as a trade secret.<\/div>\n<\/div>\n<div class=\"tab js-tab\">\n<h3 class=\"tab-title pdp-tabs_title js-tab-mobile-title\"><span>Livraison et stock<\/span><\/h3>\n<div class=\"tab-description pdp-tabs_description js-tab-description\">\n<div class=\"pdp-delivery_info\">\n<div class=\"content-asset\">Livraison et d\u00e9laisRetours et remboursements<\/div>\n<\/div>\n<\/div>\n<\/div>\n<\/div>\n<\/div>\n<\/div>\n","protected":false},"excerpt":{"rendered":"<p>Points cl\u00e9s R\u00e9pare les cheveux ab\u00eem\u00e9s Hydrate sans alourdir \u00c9limine les frisottis Rends les cheveux&hellip;<\/p>\n","protected":false},"featured_media":20452,"comment_status":"open","ping_status":"closed","template":"","meta":[],"pwb-brand":[662],"product_cat":[617],"product_tag":[274,260,273],"class_list":{"0":"post-29752","1":"product","2":"type-product","3":"status-publish","4":"has-post-thumbnail","6":"pwb-brand-olaplex","7":"product_cat-coiffure","8":"product_tag-coiffure","9":"product_tag-olaplex","10":"product_tag-vegan","12":"first","13":"instock","14":"taxable","15":"shipping-taxable","16":"purchasable","17":"product-type-simple","18":"layout-style-3","19":"col-md-4 col-sm-4 col-xs-6","20":"col-lg-3","21":"product-has-gallery","22":"product-style-default"},"aioseo_notices":[],"brands":[{"id":662,"name":"Olaplex","slug":"olaplex"}],"_links":{"self":[{"href":"https:\/\/cheveuxluxe.com\/index.php\/wp-json\/wp\/v2\/product\/29752","targetHints":{"allow":["GET"]}}],"collection":[{"href":"https:\/\/cheveuxluxe.com\/index.php\/wp-json\/wp\/v2\/product"}],"about":[{"href":"https:\/\/cheveuxluxe.com\/index.php\/wp-json\/wp\/v2\/types\/product"}],"replies":[{"embeddable":true,"href":"https:\/\/cheveuxluxe.com\/index.php\/wp-json\/wp\/v2\/comments?post=29752"}],"version-history":[{"count":0,"href":"https:\/\/cheveuxluxe.com\/index.php\/wp-json\/wp\/v2\/product\/29752\/revisions"}],"wp:featuredmedia":[{"embeddable":true,"href":"https:\/\/cheveuxluxe.com\/index.php\/wp-json\/wp\/v2\/media\/20452"}],"wp:attachment":[{"href":"https:\/\/cheveuxluxe.com\/index.php\/wp-json\/wp\/v2\/media?parent=29752"}],"wp:term":[{"taxonomy":"pwb-brand","embeddable":true,"href":"https:\/\/cheveuxluxe.com\/index.php\/wp-json\/wp\/v2\/pwb-brand?post=29752"},{"taxonomy":"product_cat","embeddable":true,"href":"https:\/\/cheveuxluxe.com\/index.php\/wp-json\/wp\/v2\/product_cat?post=29752"},{"taxonomy":"product_tag","embeddable":true,"href":"https:\/\/cheveuxluxe.com\/index.php\/wp-json\/wp\/v2\/product_tag?post=29752"}],"curies":[{"name":"wp","href":"https:\/\/api.w.org\/{rel}","templated":true}]}}