{"id":29761,"date":"2024-04-09T22:17:21","date_gmt":"2024-04-09T22:17:21","guid":{"rendered":"https:\/\/cheveuxluxe.com\/index.php\/product\/lome-paris-couleur-apres-shampooing-250ml\/"},"modified":"2024-04-13T14:14:08","modified_gmt":"2024-04-13T14:14:08","slug":"lome-paris-couleur-apres-shampooing-250ml","status":"publish","type":"product","link":"https:\/\/cheveuxluxe.com\/index.php\/product\/lome-paris-couleur-apres-shampooing-250ml\/","title":{"rendered":"L\u00f4m\u00e9 Paris Couleur Apr\u00e8s-Shampooing 250ml"},"content":{"rendered":"<div class=\"product-content_bottom\">\n<div class=\"pdp-info\">\n<div class=\"pdp-tabs tab-container\">\n<div class=\"tab js-tab\">\n<h3 class=\"tab-title pdp-tabs_title js-tab-mobile-title open\"><span>Points cl\u00e9s<\/span><\/h3>\n<div class=\"tab-description pdp-tabs_description js-tab-description open\" itemprop=\"description\">\n<ul>\n<li>Enrichi \u00e0 la k\u00e9ratine, \u00e0 l\u2019acide hyaluronique et \u00e0 l\u2019huile de carthame<\/li>\n<li>Nourrit les cheveux color\u00e9s tout en les rendant plus faciles \u00e0 d\u00e9m\u00ealer et plus doux<\/li>\n<li>L\u2019\u00e9clat des cheveux color\u00e9s est prot\u00e9g\u00e9 tandis que la brillance de la couleur est renforc\u00e9e<\/li>\n<li>Avec filtre UV<\/li>\n<\/ul>\n<\/div>\n<\/div>\n<div class=\"tab js-tab\">\n<h3 class=\"tab-title pdp-tabs_title js-tab-mobile-title\"><span>Description<\/span><\/h3>\n<div class=\"tab-description pdp-tabs_description js-tab-description\" itemprop=\"description\">Cet apr\u00e8s-shampooing enrichi \u00e0 la k\u00e9ratine, \u00e0 l\u2019acide hyaluronique et \u00e0 l\u2019huile de carthame nourrit les cheveux color\u00e9s tout en les rendant plus faciles \u00e0 d\u00e9m\u00ealer et plus doux.<br \/>L\u2019\u00e9clat des cheveux color\u00e9s est prot\u00e9g\u00e9 tandis que la brillance de la couleur est renforc\u00e9e.<br \/>Avec filtre UV.<\/div>\n<\/div>\n<div class=\"tab js-tab\">\n<h3 class=\"tab-title pdp-tabs_title js-tab-mobile-title\"><span>Mode d&#8217;emploi<\/span><\/h3>\n<div class=\"tab-description pdp-tabs_description js-tab-description\">Appliquez uniform\u00e9ment sur les cheveux lav\u00e9s et laissez poser pendant une minute.<br \/>Rincez abondamment.<\/div>\n<\/div>\n<div class=\"tab js-tab\">\n<h3 class=\"tab-title pdp-tabs_title js-tab-mobile-title\"><span>Ingr\u00e9dients<\/span><\/h3>\n<div class=\"tab-description pdp-tabs_description js-tab-description\">AQUA, CYCLOPENTASILOXANE,POLYQUATERNIUM-37, PROPYLENE GLYCOLDICAPRYLATE\/DICAPRATE, CARTHAMUSTINCTORIUS SEED OIL, GLUCONOLACTONE, ORYZASATIVA EXTRACT, ORYZA SATIVA SEED PROTEIN,PHYTIC ACID, SODIUM HYALURONATE, CALCIUMGLUCONATE, HYDROLYZED KERATIN, PANTHENOL,SODIUM PCA, ALCOHOL DENAT., DIMETHICONOL,GLYCERIN, PPG-1 TRIDECETH-6, PROPYLENEGLYCOL, SORBITAN OLEATE, VINYL CAPROLACTAM\/VP DIMETHYLAMINOETHYL METHACRYLATECOPOLYMER, BENZOPHENONE-4, PARFUM,CITRIC ACID, TRIETHANOLAMINE, CAPRYLYLGLYCOL, PHENOXYETHANOL,SODIUM BENZOATE,TETRASODIUM EDTA,ALPHA-ISOMETHYL IONONE,BENZYL ALCOHOL, BENZYLSALICYLATE, CITRONELLOL,HEXYL CINNAMAL, LIMONENE,LINALOOL.<\/div>\n<\/div>\n<div class=\"tab js-tab\">\n<h3 class=\"tab-title pdp-tabs_title js-tab-mobile-title\"><span>Livraison et stock<\/span><\/h3>\n<div class=\"tab-description pdp-tabs_description js-tab-description\">\n<div class=\"pdp-delivery_info\">\n<div class=\"content-asset\">Livraison et d\u00e9laisRetours et remboursements<\/div>\n<\/div>\n<\/div>\n<\/div>\n<div class=\"tab js-tab\">\n<h3 class=\"tab-title pdp-tabs_title js-tab-mobile-title\"><span>Pr\u00e9cautions d&#8217;emploi<\/span><\/h3>\n<div class=\"tab-description pdp-tabs_description js-tab-description\">\u00c9vitez le contact avec les yeux.<\/div>\n<\/div>\n<\/div>\n<\/div>\n<\/div>\n","protected":false},"excerpt":{"rendered":"<p>Points cl\u00e9s Enrichi \u00e0 la k\u00e9ratine, \u00e0 l\u2019acide hyaluronique et \u00e0 l\u2019huile de carthame Nourrit&hellip;<\/p>\n","protected":false},"featured_media":21898,"comment_status":"open","ping_status":"closed","template":"","meta":[],"pwb-brand":[656],"product_cat":[600],"product_tag":[144,355,127],"class_list":{"0":"post-29761","1":"product","2":"type-product","3":"status-publish","4":"has-post-thumbnail","6":"pwb-brand-lome-paris","7":"product_cat-lissage-et-keratine","8":"product_tag-lissage-et-keratine","9":"product_tag-lome-paris","10":"product_tag-shampooing-et-coiffure","12":"first","13":"instock","14":"taxable","15":"shipping-taxable","16":"purchasable","17":"product-type-simple","18":"layout-style-3","19":"col-md-4 col-sm-4 col-xs-6","20":"col-lg-3","21":"product-style-default"},"aioseo_notices":[],"brands":[{"id":656,"name":"L\u00f4m\u00e9 Paris","slug":"lome-paris"}],"_links":{"self":[{"href":"https:\/\/cheveuxluxe.com\/index.php\/wp-json\/wp\/v2\/product\/29761","targetHints":{"allow":["GET"]}}],"collection":[{"href":"https:\/\/cheveuxluxe.com\/index.php\/wp-json\/wp\/v2\/product"}],"about":[{"href":"https:\/\/cheveuxluxe.com\/index.php\/wp-json\/wp\/v2\/types\/product"}],"replies":[{"embeddable":true,"href":"https:\/\/cheveuxluxe.com\/index.php\/wp-json\/wp\/v2\/comments?post=29761"}],"version-history":[{"count":0,"href":"https:\/\/cheveuxluxe.com\/index.php\/wp-json\/wp\/v2\/product\/29761\/revisions"}],"wp:featuredmedia":[{"embeddable":true,"href":"https:\/\/cheveuxluxe.com\/index.php\/wp-json\/wp\/v2\/media\/21898"}],"wp:attachment":[{"href":"https:\/\/cheveuxluxe.com\/index.php\/wp-json\/wp\/v2\/media?parent=29761"}],"wp:term":[{"taxonomy":"pwb-brand","embeddable":true,"href":"https:\/\/cheveuxluxe.com\/index.php\/wp-json\/wp\/v2\/pwb-brand?post=29761"},{"taxonomy":"product_cat","embeddable":true,"href":"https:\/\/cheveuxluxe.com\/index.php\/wp-json\/wp\/v2\/product_cat?post=29761"},{"taxonomy":"product_tag","embeddable":true,"href":"https:\/\/cheveuxluxe.com\/index.php\/wp-json\/wp\/v2\/product_tag?post=29761"}],"curies":[{"name":"wp","href":"https:\/\/api.w.org\/{rel}","templated":true}]}}