{"id":29765,"date":"2024-04-09T22:17:26","date_gmt":"2024-04-09T22:17:26","guid":{"rendered":"https:\/\/cheveuxluxe.com\/index.php\/product\/lealuo-play-nice-soothing-apres-shampoing-300ml\/"},"modified":"2024-04-13T14:07:38","modified_gmt":"2024-04-13T14:07:38","slug":"lealuo-play-nice-soothing-apres-shampoing-300ml","status":"publish","type":"product","link":"https:\/\/cheveuxluxe.com\/index.php\/product\/lealuo-play-nice-soothing-apres-shampoing-300ml\/","title":{"rendered":"LeaLuo Play Nice Soothing Apr\u00e8s-shampoing 300ml"},"content":{"rendered":"<div class=\"product-content_bottom\">\n<div class=\"pdp-info\">\n<div class=\"pdp-tabs tab-container\">\n<div class=\"tab js-tab\">\n<h3 class=\"tab-title pdp-tabs_title js-tab-mobile-title open\"><span>Points cl\u00e9s<\/span><\/h3>\n<div class=\"tab-description pdp-tabs_description js-tab-description open\" itemprop=\"description\">Herbe du tigre pour ses propri\u00e9t\u00e9s anti-inflammatoires<br \/>Piroctone olamine pour lutter contre les d\u00e9mangeaisons<br \/>Pour les cuirs chevelus sensibles<br \/>Ingr\u00e9dients 100 % vegan<br \/>Production su\u00e9doise<br \/>Non test\u00e9 sur les animaux<\/div>\n<\/div>\n<div class=\"tab js-tab\">\n<h3 class=\"tab-title pdp-tabs_title js-tab-mobile-title\"><span>Description<\/span><\/h3>\n<div class=\"tab-description pdp-tabs_description js-tab-description\" itemprop=\"description\">Il peut vous aider si vous avez un cuir chevelu sensible. En plus de l\u2019herbe du tigre et de ses propri\u00e9t\u00e9s anti-inflammatoires, ce produit contient l\u2019ingr\u00e9dient actif piroctone olamine qui apaise les d\u00e9mangeaisons.<\/div>\n<\/div>\n<div class=\"tab js-tab\">\n<h3 class=\"tab-title pdp-tabs_title js-tab-mobile-title\"><span>Mode d&#8217;emploi<\/span><\/h3>\n<div class=\"tab-description pdp-tabs_description js-tab-description\">Lavez les cheveux deux fois avec le shampooing apaisant. Massez d\u00e9licatement le cuir chevelu pour stimuler les principes actifs en \u00e9tirant les cellules des follicules capillaires. Rincez, puis laissez poser l\u2019apr\u00e8s-shampooing pendant 1 \u00e0 2\u00a0minutes et rincez abondamment.<\/div>\n<\/div>\n<div class=\"tab js-tab\">\n<h3 class=\"tab-title pdp-tabs_title js-tab-mobile-title\"><span>Ingr\u00e9dients<\/span><\/h3>\n<div class=\"tab-description pdp-tabs_description js-tab-description\">Ingredients:Aqua\/Water\/Eau, Cetearyl Alcohol, Behentrimonium Chloride, Dimethicone, Glycerin, Isoamyl Laurate, Synthetic Fluorphlogopite, Camellia Sinensis Leaf Extract, Centella Asiatica Leaf Extract, Citrus Aurantifolia (Lime) Fruit Extract, Citrus Paradisi (Grapefruit) Fruit Extract, Cannabis Sativa Seed Oil, Olea Europaea (Olive) Fruit Extract, Prunus Persica (Peach) Flower Extract, Piroctone Olamine, GuarHydroxypropyltrimonium Chloride, Caprylyl Glycol, Dimethiconol, Sodium Metabisulfite, Butylene Glycol, Lactic Acid, Sodium Benzoate, Citric Acid, Phenoxyethanol, Parfum\/Fragrance, CI 77891\/Titanium Dioxide<\/div>\n<\/div>\n<div class=\"tab js-tab\">\n<h3 class=\"tab-title pdp-tabs_title js-tab-mobile-title\"><span>Livraison et stock<\/span><\/h3>\n<div class=\"tab-description pdp-tabs_description js-tab-description\">\n<div class=\"pdp-delivery_info\">\n<div class=\"content-asset\">Livraison et d\u00e9laisRetours et remboursements<\/div>\n<\/div>\n<\/div>\n<\/div>\n<\/div>\n<\/div>\n<\/div>\n","protected":false},"excerpt":{"rendered":"<p>Points cl\u00e9s Herbe du tigre pour ses propri\u00e9t\u00e9s anti-inflammatoiresPiroctone olamine pour lutter contre les d\u00e9mangeaisonsPour&hellip;<\/p>\n","protected":false},"featured_media":29764,"comment_status":"open","ping_status":"closed","template":"","meta":[],"pwb-brand":[710],"product_cat":[598],"product_tag":[577,127,599],"class_list":{"0":"post-29765","1":"product","2":"type-product","3":"status-publish","4":"has-post-thumbnail","6":"pwb-brand-lealuo","7":"product_cat-type-de-cheveux","8":"product_tag-lealuo","9":"product_tag-shampooing-et-coiffure","10":"product_tag-type-de-cheveux","12":"first","13":"instock","14":"taxable","15":"shipping-taxable","16":"purchasable","17":"product-type-simple","18":"layout-style-3","19":"col-md-4 col-sm-4 col-xs-6","20":"col-lg-3","21":"product-style-default"},"aioseo_notices":[],"brands":[{"id":710,"name":"LeaLuo","slug":"lealuo"}],"_links":{"self":[{"href":"https:\/\/cheveuxluxe.com\/index.php\/wp-json\/wp\/v2\/product\/29765","targetHints":{"allow":["GET"]}}],"collection":[{"href":"https:\/\/cheveuxluxe.com\/index.php\/wp-json\/wp\/v2\/product"}],"about":[{"href":"https:\/\/cheveuxluxe.com\/index.php\/wp-json\/wp\/v2\/types\/product"}],"replies":[{"embeddable":true,"href":"https:\/\/cheveuxluxe.com\/index.php\/wp-json\/wp\/v2\/comments?post=29765"}],"version-history":[{"count":0,"href":"https:\/\/cheveuxluxe.com\/index.php\/wp-json\/wp\/v2\/product\/29765\/revisions"}],"wp:featuredmedia":[{"embeddable":true,"href":"https:\/\/cheveuxluxe.com\/index.php\/wp-json\/wp\/v2\/media\/29764"}],"wp:attachment":[{"href":"https:\/\/cheveuxluxe.com\/index.php\/wp-json\/wp\/v2\/media?parent=29765"}],"wp:term":[{"taxonomy":"pwb-brand","embeddable":true,"href":"https:\/\/cheveuxluxe.com\/index.php\/wp-json\/wp\/v2\/pwb-brand?post=29765"},{"taxonomy":"product_cat","embeddable":true,"href":"https:\/\/cheveuxluxe.com\/index.php\/wp-json\/wp\/v2\/product_cat?post=29765"},{"taxonomy":"product_tag","embeddable":true,"href":"https:\/\/cheveuxluxe.com\/index.php\/wp-json\/wp\/v2\/product_tag?post=29765"}],"curies":[{"name":"wp","href":"https:\/\/api.w.org\/{rel}","templated":true}]}}