{"id":29776,"date":"2024-04-09T22:17:43","date_gmt":"2024-04-09T22:17:43","guid":{"rendered":"https:\/\/cheveuxluxe.com\/index.php\/product\/loreal-professionnel-serie-expert-apres-shampooing-absolut-repair\/"},"modified":"2024-04-13T14:22:02","modified_gmt":"2024-04-13T14:22:02","slug":"loreal-professionnel-serie-expert-apres-shampooing-absolut-repair","status":"publish","type":"product","link":"https:\/\/cheveuxluxe.com\/index.php\/product\/loreal-professionnel-serie-expert-apres-shampooing-absolut-repair\/","title":{"rendered":"L&rsquo;Or\u00e9al Professionnel S\u00e9rie Expert Apr\u00e8s-shampooing Absolut Repair"},"content":{"rendered":"<div class=\"product-content_bottom\">\n<div class=\"pdp-info\">\n<div class=\"pdp-tabs tab-container\">\n<div class=\"tab js-tab\">\n<h3 class=\"tab-title pdp-tabs_title js-tab-mobile-title open\"><span>Points cl\u00e9s<\/span><\/h3>\n<div class=\"tab-description pdp-tabs_description js-tab-description open\" itemprop=\"description\">\n<ul>\n<li>Enrichie en prot\u00e9ine de quinoa dor\u00e9, la formule du masque golden restaure les cheveux secs et ab\u00eem\u00e9s et les rend plus brillants et l\u00e9gers.<\/li>\n<\/ul>\n<\/div>\n<\/div>\n<div class=\"tab js-tab\">\n<h3 class=\"tab-title pdp-tabs_title js-tab-mobile-title\"><span>Description<\/span><\/h3>\n<div class=\"tab-description pdp-tabs_description js-tab-description\" itemprop=\"description\">\n<p>L&rsquo;Or\u00e9al Professionnel Serie Expert Absolut Repair Conditioner est un apr\u00e8s-shampooing r\u00e9parateur pour cheveux ab\u00eem\u00e9s, qui nourrit et renforce intens\u00e9ment les cheveux. Les cheveux sont imm\u00e9diatement plus sains, plus doux et plus brillants. La formule contient de tr\u00e8s petites mol\u00e9cules qui p\u00e9n\u00e8trent plus facilement dans la fibre capillaire et peuvent p\u00e9n\u00e9trer en profondeur dans les parties endommag\u00e9es.<\/p>\n<p>La Phyto-K\u00e9ratine et les C\u00e9ramides restaurent la structure de la cuticule et apportent de la force. Les Lipides prot\u00e8gent les cheveux contre les radicaux libres et les Polym\u00e8res Intelligents ciblent les fibres sensibles. L&rsquo;apr\u00e8s-shampooing est enrichi en Golden Quinoa et en Prot\u00e9ines pour une r\u00e9cup\u00e9ration intense des cheveux, sans les alourdir.<\/p>\n<p>R\u00e9sultat<\/p>\n<p>Les cheveux sont intens\u00e9ment soign\u00e9s et renforc\u00e9s, mais restent merveilleusement l\u00e9gers. Les cheveux sont plus lisses, plus doux et plus brillants. Le Xylose pr\u00e9sent dans la formule prot\u00e8ge la fibre capillaire de la chaleur. Les cheveux sont plus faciles \u00e0 d\u00e9m\u00ealer et les parties ab\u00eem\u00e9es sont r\u00e9par\u00e9es.<\/p>\n<\/div>\n<\/div>\n<div class=\"tab js-tab\">\n<h3 class=\"tab-title pdp-tabs_title js-tab-mobile-title\"><span>Mode d&#8217;emploi<\/span><\/h3>\n<div class=\"tab-description pdp-tabs_description js-tab-description\">\u00c9tape 1. Appliquez l&rsquo;apr\u00e8s-shampooing sur les cheveux lav\u00e9s et mouill\u00e9s. Pour de meilleurs r\u00e9sultats, utilisez en combinaison avec le Shampooing Absolut Repair de Serie Expert. Travaillez les longueurs.<br \/>Etape 2. Laissez poser pendant deux \u00e0 trois minutes et rincez abondamment.<\/div>\n<\/div>\n<div class=\"tab js-tab\">\n<h3 class=\"tab-title pdp-tabs_title js-tab-mobile-title\"><span>Ingr\u00e9dients<\/span><\/h3>\n<div class=\"tab-description pdp-tabs_description js-tab-description\">AQUA \/ WATER, CETEARYL ALCOHOL, DICETYLDIMONIUM CHLORIDE, CETRIMONIUM CHLORIDE, DIMETHICONE, CETYL ESTERS, SODIUM BENZOATE, ISOPROPYL ALCOHOL, AMODIMETHICONE, LINALOOL, TRIDECETH-10, TARTARIC ACID, HEXYL CINNAMAL, CHLORHEXIDINE DIGLUCONATE, LIMONENE, PEG-100 STEARATE, PHENOXYETHANOL, STEARETH-6, TRIDECETH-3, CHENOPODIUM QUINOA SEED EXTRACT, CI 19140 \/ YELLOW 5, ACETIC ACID, HYDROXYPROPYLTRIMONIUM HYDROLYZED WHEAT PROTEIN, TRISODIUM HEDTA, CI 17200 \/ RED 33, PARFUM \/ FRAGRANCE<\/div>\n<\/div>\n<div class=\"tab js-tab\">\n<h3 class=\"tab-title pdp-tabs_title js-tab-mobile-title\"><span>Livraison et stock<\/span><\/h3>\n<div class=\"tab-description pdp-tabs_description js-tab-description\">\n<div class=\"pdp-delivery_info\">\n<div class=\"content-asset\">Livraison et d\u00e9laisRetours et remboursements<\/div>\n<\/div>\n<\/div>\n<\/div>\n<div class=\"tab js-tab\">\n<h3 class=\"tab-title pdp-tabs_title js-tab-mobile-title\"><span>Pr\u00e9cautions d&#8217;emploi<\/span><\/h3>\n<div class=\"tab-description pdp-tabs_description js-tab-description\">En cas de contact avec les yeux,rincer avec de l&rsquo;eau imm\u00e9diatement et abondamment. Usage externe exclusivement.<\/div>\n<\/div>\n<\/div>\n<\/div>\n<\/div>\n","protected":false},"excerpt":{"rendered":"<p>Points cl\u00e9s Enrichie en prot\u00e9ine de quinoa dor\u00e9, la formule du masque golden restaure les&hellip;<\/p>\n","protected":false},"featured_media":21183,"comment_status":"open","ping_status":"closed","template":"","meta":[],"pwb-brand":[649],"product_cat":[610],"product_tag":[611,325,127],"class_list":{"0":"post-29776","1":"product","2":"type-product","3":"status-publish","4":"has-post-thumbnail","6":"pwb-brand-loreal-professionnel","7":"product_cat-grands-formats","8":"product_tag-grands-formats","9":"product_tag-loreal-professionnel","10":"product_tag-shampooing-et-coiffure","12":"first","13":"instock","14":"taxable","15":"shipping-taxable","16":"purchasable","17":"product-type-simple","18":"layout-style-3","19":"col-md-4 col-sm-4 col-xs-6","20":"col-lg-3","21":"product-has-gallery","22":"product-style-default"},"aioseo_notices":[],"brands":[{"id":649,"name":"L'Or\u00e9al Professionnel","slug":"loreal-professionnel"}],"_links":{"self":[{"href":"https:\/\/cheveuxluxe.com\/index.php\/wp-json\/wp\/v2\/product\/29776","targetHints":{"allow":["GET"]}}],"collection":[{"href":"https:\/\/cheveuxluxe.com\/index.php\/wp-json\/wp\/v2\/product"}],"about":[{"href":"https:\/\/cheveuxluxe.com\/index.php\/wp-json\/wp\/v2\/types\/product"}],"replies":[{"embeddable":true,"href":"https:\/\/cheveuxluxe.com\/index.php\/wp-json\/wp\/v2\/comments?post=29776"}],"version-history":[{"count":0,"href":"https:\/\/cheveuxluxe.com\/index.php\/wp-json\/wp\/v2\/product\/29776\/revisions"}],"wp:featuredmedia":[{"embeddable":true,"href":"https:\/\/cheveuxluxe.com\/index.php\/wp-json\/wp\/v2\/media\/21183"}],"wp:attachment":[{"href":"https:\/\/cheveuxluxe.com\/index.php\/wp-json\/wp\/v2\/media?parent=29776"}],"wp:term":[{"taxonomy":"pwb-brand","embeddable":true,"href":"https:\/\/cheveuxluxe.com\/index.php\/wp-json\/wp\/v2\/pwb-brand?post=29776"},{"taxonomy":"product_cat","embeddable":true,"href":"https:\/\/cheveuxluxe.com\/index.php\/wp-json\/wp\/v2\/product_cat?post=29776"},{"taxonomy":"product_tag","embeddable":true,"href":"https:\/\/cheveuxluxe.com\/index.php\/wp-json\/wp\/v2\/product_tag?post=29776"}],"curies":[{"name":"wp","href":"https:\/\/api.w.org\/{rel}","templated":true}]}}