{"id":29778,"date":"2024-04-09T22:17:45","date_gmt":"2024-04-09T22:17:45","guid":{"rendered":"https:\/\/cheveuxluxe.com\/index.php\/product\/loreal-professionnel-serie-expert-inforcer-apres-shampooing-750ml\/"},"modified":"2024-04-13T14:22:12","modified_gmt":"2024-04-13T14:22:12","slug":"loreal-professionnel-serie-expert-inforcer-apres-shampooing-750ml","status":"publish","type":"product","link":"https:\/\/cheveuxluxe.com\/index.php\/product\/loreal-professionnel-serie-expert-inforcer-apres-shampooing-750ml\/","title":{"rendered":"L&rsquo;Or\u00e9al Professionnel S\u00e9rie Expert Inforcer Apr\u00e8s-shampooing 750ml"},"content":{"rendered":"<div class=\"product-content_bottom\">\n<div class=\"pdp-info\">\n<div class=\"pdp-tabs tab-container\">\n<div class=\"tab js-tab\">\n<h3 class=\"tab-title pdp-tabs_title js-tab-mobile-title open\"><span>Points cl\u00e9s<\/span><\/h3>\n<div class=\"tab-description pdp-tabs_description js-tab-description open\" itemprop=\"description\">\n<ul>\n<li>Apr\u00e8s-shampooing renfor\u00e7ateur anti-casse.<\/li>\n<li>Formule professionnelle renfor\u00e7atrice enrichie en vitamine B6 et Biotine pour une action anti-casse profonde et imm\u00e9diate*.<\/li>\n<li>Les cheveux sont plus r\u00e9sistants, plus forts, nourris et plus facile \u00e0 coiffer.<\/li>\n<li>Jour apr\u00e8s jour la fibre est comme incassable.<\/li>\n<\/ul>\n<\/div>\n<\/div>\n<div class=\"tab js-tab\">\n<h3 class=\"tab-title pdp-tabs_title js-tab-mobile-title\"><span>Description<\/span><\/h3>\n<div class=\"tab-description pdp-tabs_description js-tab-description\" itemprop=\"description\">Le Soin L&rsquo;Or\u00e9al Professionnel Serie Expert Inforcer est un apr\u00e8s-shampooing fortifiant sp\u00e9cialement formul\u00e9 pour les cheveux fragiles qui pr\u00e9vient la casse des cheveux lors du brossage, nourrit les cheveux et les laisse agr\u00e9ablement doux.<br \/>La vitamine B6 et la biotine assurent que la structure prot\u00e9ique de la fibre capillaire est renforc\u00e9e de l&rsquo;int\u00e9rieur, rendant les cheveux moins sujets \u00e0 la casse. La formule nourrissante laisse simultan\u00e9ment les cheveux merveilleusement doux et lisses, ce qui les rend faciles \u00e0 d\u00e9m\u00ealer.<\/p>\n<p>R\u00e9sultats<br \/>Les cheveux rel\u00e2ch\u00e9s sont plus forts et plus r\u00e9sistants aux cassures. Les cheveux sont totalement soign\u00e9s et nourris, avec une brillance naturelle et soyeuse. Le brossage est facilit\u00e9.<\/div>\n<\/div>\n<div class=\"tab js-tab\">\n<h3 class=\"tab-title pdp-tabs_title js-tab-mobile-title\"><span>Mode d&#8217;emploi<\/span><\/h3>\n<div class=\"tab-description pdp-tabs_description js-tab-description\">\u00c9tape 1. Appliquez l&rsquo;apr\u00e8s-shampooing sur les cheveux lav\u00e9s et mouill\u00e9s. Pour de meilleurs r\u00e9sultats, utilisez en combinaison avec le Shampooing Inforcer Serie Expert. Travaillez l&rsquo;apr\u00e8s-shampooing sur les longueurs.<br \/>\u00c9tape 2. Laissez poser pendant deux \u00e0 trois minutes et rincez abondamment.<br \/>\u00c9tape 3. Pour un r\u00e9sultat encore plus remarquable, utilisez \u00e9galement le Serie Expert Inforcer Leave-In avant le brushing ou le Serie Expert Inforcer Brush-Proof avant le brossage pour r\u00e9duire la casse des cheveux.<\/div>\n<\/div>\n<div class=\"tab js-tab\">\n<h3 class=\"tab-title pdp-tabs_title js-tab-mobile-title\"><span>Ingr\u00e9dients<\/span><\/h3>\n<div class=\"tab-description pdp-tabs_description js-tab-description\">AQUA \/ WATER, CETEARYL ALCOHOL, GLYCERIN, CETYL ALCOHOL, BEHENTRIMONIUM CHLORIDE, PHENOXYETHANOL, CETEARETH-33, HYDROXYPROPYL GUAR, OCTYLDODECANOL, CETRIMONIUM CHLORIDE, ISOPROPYL ALCOHOL, AMODIMETHICONE, SODIUM PCA, PYRIDOXINE HCl, LIMONENE, TRIDECETH-6, BIOTIN, BENZYL SALICYLATE, LINALOOL, CITRIC ACID, CI 15510 \/ ORANGE 4, CI 17200 \/ RED 33, PARFUM \/ FRAGRANCE<\/div>\n<\/div>\n<div class=\"tab js-tab\">\n<h3 class=\"tab-title pdp-tabs_title js-tab-mobile-title\"><span>Livraison et stock<\/span><\/h3>\n<div class=\"tab-description pdp-tabs_description js-tab-description\">\n<div class=\"pdp-delivery_info\">\n<div class=\"content-asset\">Livraison et d\u00e9laisRetours et remboursements<\/div>\n<\/div>\n<\/div>\n<\/div>\n<div class=\"tab js-tab\">\n<h3 class=\"tab-title pdp-tabs_title js-tab-mobile-title\"><span>Pr\u00e9cautions d&#8217;emploi<\/span><\/h3>\n<div class=\"tab-description pdp-tabs_description js-tab-description\">En cas de contact avec les yeux,rincer avec de l&rsquo;eau imm\u00e9diatement et abondamment. Usage externe exclusivement.<\/div>\n<\/div>\n<\/div>\n<\/div>\n<\/div>\n","protected":false},"excerpt":{"rendered":"<p>Points cl\u00e9s Apr\u00e8s-shampooing renfor\u00e7ateur anti-casse. Formule professionnelle renfor\u00e7atrice enrichie en vitamine B6 et Biotine pour&hellip;<\/p>\n","protected":false},"featured_media":21221,"comment_status":"open","ping_status":"closed","template":"","meta":[],"pwb-brand":[649],"product_cat":[610],"product_tag":[611,325,127],"class_list":{"0":"post-29778","1":"product","2":"type-product","3":"status-publish","4":"has-post-thumbnail","6":"pwb-brand-loreal-professionnel","7":"product_cat-grands-formats","8":"product_tag-grands-formats","9":"product_tag-loreal-professionnel","10":"product_tag-shampooing-et-coiffure","12":"first","13":"instock","14":"taxable","15":"shipping-taxable","16":"purchasable","17":"product-type-simple","18":"layout-style-3","19":"col-md-4 col-sm-4 col-xs-6","20":"col-lg-3","21":"product-has-gallery","22":"product-style-default"},"aioseo_notices":[],"brands":[{"id":649,"name":"L'Or\u00e9al Professionnel","slug":"loreal-professionnel"}],"_links":{"self":[{"href":"https:\/\/cheveuxluxe.com\/index.php\/wp-json\/wp\/v2\/product\/29778","targetHints":{"allow":["GET"]}}],"collection":[{"href":"https:\/\/cheveuxluxe.com\/index.php\/wp-json\/wp\/v2\/product"}],"about":[{"href":"https:\/\/cheveuxluxe.com\/index.php\/wp-json\/wp\/v2\/types\/product"}],"replies":[{"embeddable":true,"href":"https:\/\/cheveuxluxe.com\/index.php\/wp-json\/wp\/v2\/comments?post=29778"}],"version-history":[{"count":0,"href":"https:\/\/cheveuxluxe.com\/index.php\/wp-json\/wp\/v2\/product\/29778\/revisions"}],"wp:featuredmedia":[{"embeddable":true,"href":"https:\/\/cheveuxluxe.com\/index.php\/wp-json\/wp\/v2\/media\/21221"}],"wp:attachment":[{"href":"https:\/\/cheveuxluxe.com\/index.php\/wp-json\/wp\/v2\/media?parent=29778"}],"wp:term":[{"taxonomy":"pwb-brand","embeddable":true,"href":"https:\/\/cheveuxluxe.com\/index.php\/wp-json\/wp\/v2\/pwb-brand?post=29778"},{"taxonomy":"product_cat","embeddable":true,"href":"https:\/\/cheveuxluxe.com\/index.php\/wp-json\/wp\/v2\/product_cat?post=29778"},{"taxonomy":"product_tag","embeddable":true,"href":"https:\/\/cheveuxluxe.com\/index.php\/wp-json\/wp\/v2\/product_tag?post=29778"}],"curies":[{"name":"wp","href":"https:\/\/api.w.org\/{rel}","templated":true}]}}