{"id":29779,"date":"2024-04-09T22:17:46","date_gmt":"2024-04-09T22:17:46","guid":{"rendered":"https:\/\/cheveuxluxe.com\/index.php\/product\/loreal-professionnel-serie-expert-silver-apres-shampooing-cheveux-gris-200ml\/"},"modified":"2024-04-13T14:00:35","modified_gmt":"2024-04-13T14:00:35","slug":"loreal-professionnel-serie-expert-silver-apres-shampooing-cheveux-gris-200ml","status":"publish","type":"product","link":"https:\/\/cheveuxluxe.com\/index.php\/product\/loreal-professionnel-serie-expert-silver-apres-shampooing-cheveux-gris-200ml\/","title":{"rendered":"L&rsquo;Or\u00e9al Professionnel S\u00e9rie Expert Silver Apr\u00e8s-shampooing Cheveux Gris 200ml"},"content":{"rendered":"<div class=\"product-content_bottom\">\n<div class=\"pdp-info\">\n<div class=\"pdp-tabs tab-container\">\n<div class=\"tab js-tab\">\n<h3 class=\"tab-title pdp-tabs_title js-tab-mobile-title open\"><span>Points cl\u00e9s<\/span><\/h3>\n<div class=\"tab-description pdp-tabs_description js-tab-description open\" itemprop=\"description\">\n<ul>\n<li>La formule du Shampoing Silver int\u00e8gre des pigments violets pour neutraliser les reflets jaunes et est enrichie en magn\u00e9sium ac\u00e9tate pour laisser les cheveux doux et brillants.<\/li>\n<li>N&rsquo;alourdit pas les cheveux <\/li>\n<\/ul>\n<p>.<\/p><\/div>\n<\/div>\n<div class=\"tab js-tab\">\n<h3 class=\"tab-title pdp-tabs_title js-tab-mobile-title\"><span>Description<\/span><\/h3>\n<div class=\"tab-description pdp-tabs_description js-tab-description\" itemprop=\"description\">Le Soin L&rsquo;Or\u00e9al Professionnel Serie Expert Silver est un apr\u00e8s-shampooing pour les cheveux blancs et gris naturels qui nourrit intens\u00e9ment, apporte de la brillance et neutralise les reflets jaunes. La formule est enrichie en c\u00e9ramide et en huile de babassu, ce qui en fait le traitement l\u00e9ger parfait pour laisser les cheveux doux et brillants.<br \/>Les acides amin\u00e9s contenus dans l&rsquo;apr\u00e8s-shampooing garantissent des cheveux non seulement merveilleusement souples, mais aussi avec du corps. Soulignez la beaut\u00e9 de vos cheveux blancs ou gris naturels avec cet apr\u00e8s-shampooing argent\u00e9 qui ravive et adoucit la couleur. Le syst\u00e8me Gloss Protect assure une brillance pure.<\/p>\n<p>R\u00e9sultat<br \/>Vos cheveux blancs ou gris sont revitalis\u00e9s et ont la possibilit\u00e9 de briller \u00e0 leur plein potentiel. L&rsquo;\u00e9clat jaune est neutralis\u00e9, pour une couleur blanche ou grise renforc\u00e9e. Les cheveux sont souples, doux et ont une brillance naturelle.<\/div>\n<\/div>\n<div class=\"tab js-tab\">\n<h3 class=\"tab-title pdp-tabs_title js-tab-mobile-title\"><span>Mode d&#8217;emploi<\/span><\/h3>\n<div class=\"tab-description pdp-tabs_description js-tab-description\">\u00c9tape 1. Appliquez l&rsquo;apr\u00e8s-shampooing sur des cheveux lav\u00e9s et mouill\u00e9s et utilisez des gants jetables appropri\u00e9s en raison du pigment neutralisant. Pour de meilleurs r\u00e9sultats, utilisez en combinaison avec le Shampooing Silver de Serie Expert. Travaillez les longueurs.<br \/>\u00c9tape 2. Laissez poser jusqu&rsquo;\u00e0 trois minutes &#8211; plus c&rsquo;est long, plus c&rsquo;est intense &#8211; et rincez abondamment.<\/div>\n<\/div>\n<div class=\"tab js-tab\">\n<h3 class=\"tab-title pdp-tabs_title js-tab-mobile-title\"><span>Ingr\u00e9dients<\/span><\/h3>\n<div class=\"tab-description pdp-tabs_description js-tab-description\">AQUA \/ WATER, CETEARYL ALCOHOL, COCAMIDOPROPYL BETAINE, BEHENTRIMONIUM CHLORIDE, PROPYLENE GLYCOL, AMODIMETHICONE, SCLEROTIUM GUM, PHENOXYETHANOL, CI 60730 \/ ACID VIOLET 43, SODIUM CHLORIDE, MAGNESIUM ACETATE, ETHANOLAMINE, TRIDECETH-6, CHLORHEXIDINE DIGLUCONATE, BENZYL SALICYLATE, BENZYL ALCOHOL, ISOPROPYL ALCOHOL, CITRIC ACID, CETRIMONIUM CHLORIDE, PARFUM \/ FRAGRANCE<\/div>\n<\/div>\n<div class=\"tab js-tab\">\n<h3 class=\"tab-title pdp-tabs_title js-tab-mobile-title\"><span>Livraison et stock<\/span><\/h3>\n<div class=\"tab-description pdp-tabs_description js-tab-description\">\n<div class=\"pdp-delivery_info\">\n<div class=\"content-asset\">Livraison et d\u00e9laisRetours et remboursements<\/div>\n<\/div>\n<\/div>\n<\/div>\n<div class=\"tab js-tab\">\n<h3 class=\"tab-title pdp-tabs_title js-tab-mobile-title\"><span>Pr\u00e9cautions d&#8217;emploi<\/span><\/h3>\n<div class=\"tab-description pdp-tabs_description js-tab-description\">En cas de contact avec les yeux,rincer avec de l&rsquo;eau imm\u00e9diatement et abondamment. Usage externe exclusivement.<\/div>\n<\/div>\n<\/div>\n<\/div>\n<\/div>\n","protected":false},"excerpt":{"rendered":"<p>Points cl\u00e9s La formule du Shampoing Silver int\u00e8gre des pigments violets pour neutraliser les reflets&hellip;<\/p>\n","protected":false},"featured_media":21601,"comment_status":"open","ping_status":"closed","template":"","meta":[],"pwb-brand":[649],"product_cat":[583],"product_tag":[131,325,127],"class_list":{"0":"post-29779","1":"product","2":"type-product","3":"status-publish","4":"has-post-thumbnail","6":"pwb-brand-loreal-professionnel","7":"product_cat-apres-shampooing","8":"product_tag-apres-shampooing","9":"product_tag-loreal-professionnel","10":"product_tag-shampooing-et-coiffure","12":"first","13":"instock","14":"taxable","15":"shipping-taxable","16":"purchasable","17":"product-type-simple","18":"layout-style-3","19":"col-md-4 col-sm-4 col-xs-6","20":"col-lg-3","21":"product-has-gallery","22":"product-style-default"},"aioseo_notices":[],"brands":[{"id":649,"name":"L'Or\u00e9al Professionnel","slug":"loreal-professionnel"}],"_links":{"self":[{"href":"https:\/\/cheveuxluxe.com\/index.php\/wp-json\/wp\/v2\/product\/29779","targetHints":{"allow":["GET"]}}],"collection":[{"href":"https:\/\/cheveuxluxe.com\/index.php\/wp-json\/wp\/v2\/product"}],"about":[{"href":"https:\/\/cheveuxluxe.com\/index.php\/wp-json\/wp\/v2\/types\/product"}],"replies":[{"embeddable":true,"href":"https:\/\/cheveuxluxe.com\/index.php\/wp-json\/wp\/v2\/comments?post=29779"}],"version-history":[{"count":0,"href":"https:\/\/cheveuxluxe.com\/index.php\/wp-json\/wp\/v2\/product\/29779\/revisions"}],"wp:featuredmedia":[{"embeddable":true,"href":"https:\/\/cheveuxluxe.com\/index.php\/wp-json\/wp\/v2\/media\/21601"}],"wp:attachment":[{"href":"https:\/\/cheveuxluxe.com\/index.php\/wp-json\/wp\/v2\/media?parent=29779"}],"wp:term":[{"taxonomy":"pwb-brand","embeddable":true,"href":"https:\/\/cheveuxluxe.com\/index.php\/wp-json\/wp\/v2\/pwb-brand?post=29779"},{"taxonomy":"product_cat","embeddable":true,"href":"https:\/\/cheveuxluxe.com\/index.php\/wp-json\/wp\/v2\/product_cat?post=29779"},{"taxonomy":"product_tag","embeddable":true,"href":"https:\/\/cheveuxluxe.com\/index.php\/wp-json\/wp\/v2\/product_tag?post=29779"}],"curies":[{"name":"wp","href":"https:\/\/api.w.org\/{rel}","templated":true}]}}