{"id":29785,"date":"2024-04-09T22:17:48","date_gmt":"2024-04-09T22:17:48","guid":{"rendered":"https:\/\/cheveuxluxe.com\/index.php\/product\/dikson-natura-diksonatura-apres-shampoing-tous-types-de-cheveux-250ml\/"},"modified":"2024-04-13T14:27:29","modified_gmt":"2024-04-13T14:27:29","slug":"dikson-natura-diksonatura-apres-shampoing-tous-types-de-cheveux-250ml","status":"publish","type":"product","link":"https:\/\/cheveuxluxe.com\/index.php\/product\/dikson-natura-diksonatura-apres-shampoing-tous-types-de-cheveux-250ml\/","title":{"rendered":"Dikson Natura DIKSONATURA Apr\u00e8s-Shampoing Tous Types de Cheveux 250ml"},"content":{"rendered":"<div class=\"product-content_bottom\">\n<div class=\"pdp-info\">\n<div class=\"pdp-tabs tab-container\">\n<div class=\"tab js-tab\">\n<h3 class=\"tab-title pdp-tabs_title js-tab-mobile-title open\"><span>Points cl\u00e9s<\/span><\/h3>\n<div class=\"tab-description pdp-tabs_description js-tab-description open\" itemprop=\"description\">\n<ul>\n<li> Att\u00e9nu l&rsquo;effet cr\u00e9pu<\/li>\n<li>Protection<\/li>\n<li>Hydrate<\/li>\n<li>Nourrit <\/li>\n<\/ul>\n<\/div>\n<\/div>\n<div class=\"tab js-tab\">\n<h3 class=\"tab-title pdp-tabs_title js-tab-mobile-title\"><span>Description<\/span><\/h3>\n<div class=\"tab-description pdp-tabs_description js-tab-description\" itemprop=\"description\">Apr\u00e8s-shampooing pour tout type de cheveux avec extrait de Thym et Huile essentielle de Lavande: accomplit une action conditionnante imm\u00e9diate en att\u00e9nuant l&rsquo;effet cr\u00e9pu et en agissant comme protecteur gr\u00e2ce \u00e0 la pr\u00e9sence de l&rsquo;Huile Essentielle de Lavande et \u00e0 l&rsquo;extrait de la plante de Thym. Il contribue au maintien du taux d&rsquo;hydratation correct et apporte nourissement en cas de s\u00e9cheresse.Ne contient pas: parfums artificiels, colorants artificiels, PEG, silicones, p\u00e9trole, huiles min\u00e9rales, ingr\u00e9dients animaux, EDTA. PROCESSUS SYNYS BREVET\u00c9.<\/div>\n<\/div>\n<div class=\"tab js-tab\">\n<h3 class=\"tab-title pdp-tabs_title js-tab-mobile-title\"><span>Mode d&#8217;emploi<\/span><\/h3>\n<div class=\"tab-description pdp-tabs_description js-tab-description\">\u00c0 appliquer apr\u00e8s le shampooing sur cheveux mouill\u00e9s, en partant des pointes, et en remontant vers les racines. Laisser en pose quelques minutes pour permettre aux principes actifs b\u00e9n\u00e9fiques d\u2019accomplir leur fonction. Rincer abondamment.<\/div>\n<\/div>\n<div class=\"tab js-tab\">\n<h3 class=\"tab-title pdp-tabs_title js-tab-mobile-title\"><span>Ingr\u00e9dients<\/span><\/h3>\n<div class=\"tab-description pdp-tabs_description js-tab-description\">AQUA (WATER) (EAU), CETEARYL ALCOHOL, DISTEAROYLETHYL HYDROXYETHYLMONIUM METHOSULFATE, HELIANTHUS ANNUUS (SUNFLOWER) SEED OIL, , BEHENAMIDOPROPYL DIMETHYLAMINE, THYMUS SERPILLUM EXTRACT, THYMUS VULGARIS (THYME) EXTRACT, LAVANDULA ANGUSTIFOLIA (LAVENDER) OIL, WHEAT AMINO ACIDS, ALCOHOL DENAT., LACTIC ACID, ETHYLHEXYLGLYCERIN, PHENOXYETHANOL, LINALOOL., SUSTAINABLE AGRICULTURE , AGRICULTURE BIOLOGIQUE<\/div>\n<\/div>\n<div class=\"tab js-tab\">\n<h3 class=\"tab-title pdp-tabs_title js-tab-mobile-title\"><span>Livraison et stock<\/span><\/h3>\n<div class=\"tab-description pdp-tabs_description js-tab-description\">\n<div class=\"pdp-delivery_info\">\n<div class=\"content-asset\">Livraison et d\u00e9laisRetours et remboursements<\/div>\n<\/div>\n<\/div>\n<\/div>\n<\/div>\n<\/div>\n<\/div>\n","protected":false},"excerpt":{"rendered":"<p>Points cl\u00e9s Att\u00e9nu l&rsquo;effet cr\u00e9pu Protection Hydrate Nourrit Description Apr\u00e8s-shampooing pour tout type de cheveux&hellip;<\/p>\n","protected":false},"featured_media":22445,"comment_status":"open","ping_status":"closed","template":"","meta":[],"pwb-brand":[712],"product_cat":[617],"product_tag":[274,581,273],"class_list":{"0":"post-29785","1":"product","2":"type-product","3":"status-publish","4":"has-post-thumbnail","6":"pwb-brand-dikson-natura","7":"product_cat-coiffure","8":"product_tag-coiffure","9":"product_tag-dikson-natura","10":"product_tag-vegan","12":"first","13":"instock","14":"taxable","15":"shipping-taxable","16":"purchasable","17":"product-type-simple","18":"layout-style-3","19":"col-md-4 col-sm-4 col-xs-6","20":"col-lg-3","21":"product-style-default"},"aioseo_notices":[],"brands":[{"id":712,"name":"Dikson Natura","slug":"dikson-natura"}],"_links":{"self":[{"href":"https:\/\/cheveuxluxe.com\/index.php\/wp-json\/wp\/v2\/product\/29785","targetHints":{"allow":["GET"]}}],"collection":[{"href":"https:\/\/cheveuxluxe.com\/index.php\/wp-json\/wp\/v2\/product"}],"about":[{"href":"https:\/\/cheveuxluxe.com\/index.php\/wp-json\/wp\/v2\/types\/product"}],"replies":[{"embeddable":true,"href":"https:\/\/cheveuxluxe.com\/index.php\/wp-json\/wp\/v2\/comments?post=29785"}],"version-history":[{"count":0,"href":"https:\/\/cheveuxluxe.com\/index.php\/wp-json\/wp\/v2\/product\/29785\/revisions"}],"wp:featuredmedia":[{"embeddable":true,"href":"https:\/\/cheveuxluxe.com\/index.php\/wp-json\/wp\/v2\/media\/22445"}],"wp:attachment":[{"href":"https:\/\/cheveuxluxe.com\/index.php\/wp-json\/wp\/v2\/media?parent=29785"}],"wp:term":[{"taxonomy":"pwb-brand","embeddable":true,"href":"https:\/\/cheveuxluxe.com\/index.php\/wp-json\/wp\/v2\/pwb-brand?post=29785"},{"taxonomy":"product_cat","embeddable":true,"href":"https:\/\/cheveuxluxe.com\/index.php\/wp-json\/wp\/v2\/product_cat?post=29785"},{"taxonomy":"product_tag","embeddable":true,"href":"https:\/\/cheveuxluxe.com\/index.php\/wp-json\/wp\/v2\/product_tag?post=29785"}],"curies":[{"name":"wp","href":"https:\/\/api.w.org\/{rel}","templated":true}]}}