{"id":29788,"date":"2024-04-09T22:17:53","date_gmt":"2024-04-09T22:17:53","guid":{"rendered":"https:\/\/cheveuxluxe.com\/index.php\/product\/damage-undo-apres-shampooing-reparateur\/"},"modified":"2024-04-13T14:26:10","modified_gmt":"2024-04-13T14:26:10","slug":"damage-undo-apres-shampooing-reparateur","status":"publish","type":"product","link":"https:\/\/cheveuxluxe.com\/index.php\/product\/damage-undo-apres-shampooing-reparateur\/","title":{"rendered":"Damage Undo Apr\u00e8s Shampooing R\u00e9parateur"},"content":{"rendered":"<div class=\"product-content_bottom\">\n<div class=\"pdp-info\">\n<div class=\"pdp-tabs tab-container\">\n<div class=\"tab js-tab\">\n<h3 class=\"tab-title pdp-tabs_title js-tab-mobile-title open\"><span>Points cl\u00e9s<\/span><\/h3>\n<div class=\"tab-description pdp-tabs_description js-tab-description open\" itemprop=\"description\">\n<ul>\n<li>Un apr\u00e8s-shampooing adoucissant et r\u00e9parateur qui prot\u00e8ge les cheveux de la casse, r\u00e9duit l\u2019apparence des fourches et fixe la coloration<\/li>\n<li>Restaure le pH naturel et l\u2019hydratation des cheveux, et d\u00e9m\u00eale<\/li>\n<li>\u00c0 base de beurre de karit\u00e9 nourrissant, d\u2019acides de fruits et d\u2019huile de calendula<\/li>\n<li>Pour des cheveux en bonne sant\u00e9, brillants et \u00e9clatants, avec plus de texture<\/li>\n<li>Formule vegan sans parabens, SLES et SLS<\/li>\n<\/ul>\n<\/div>\n<\/div>\n<div class=\"tab js-tab\">\n<h3 class=\"tab-title pdp-tabs_title js-tab-mobile-title\"><span>Description<\/span><\/h3>\n<div class=\"tab-description pdp-tabs_description js-tab-description\" itemprop=\"description\">R\u00e9parez les effets des dommages gr\u00e2ce \u00e0 la technologie brevet\u00e9e Keraboost. Damage Undo est un puissant syst\u00e8me de r\u00e9paration des liaisons en six \u00e9tapes qui inverse les effets des dommages, r\u00e9\u00e9quilibre le pH des cheveux, prolonge la coloration et offre des cheveux en bonne sant\u00e9. Le syst\u00e8me de Damage Undo comporte six produits faciles \u00e0 utiliser qui ont pour objectif de cr\u00e9er le pH parfait pour vos cheveux. Sa technologie brevet\u00e9e Keraboost reconstruit les liaisons rompues dans les cuticules des cheveux pour r\u00e9parer et prot\u00e9ger les cheveux de l\u2019int\u00e9rieur, tout en les prot\u00e9geant des dommages caus\u00e9s par les soins chimiques et thermiques. Damage Undo cr\u00e9e la base parfaite pour les colorations et les d\u00e9colorations en prot\u00e9geant vos cheveux de la suroxydation. La coloration est fix\u00e9e pour tenir plus longtemps avec une hydratation et une brillance optimales.<\/p>\n<p>Damage Undo convient \u00e0 tous types et textures de cheveux, y compris les cheveux color\u00e9s, vierges et boucl\u00e9s. Chaque produit de la gamme est vegan et ne contient aucun ingr\u00e9dient d\u2019origine animale. Tous les produits sont certifi\u00e9s dermatologiquement et sont sans parabens et sans sulfates.<\/p>\n<p>Le Damage Undo Repairing Conditioner est un apr\u00e8s-shampooing unique destin\u00e9 aux soins de coloration, \u00e0 la r\u00e9paration et \u00e0 l\u2019hydratation, qui r\u00e9pare les dommages de l&rsquo;int\u00e9rieur pour r\u00e9duire l\u2019apparence des fourches, pr\u00e9venir la perte et la casse de cheveux et ramener les cheveux \u00e0 leur pH naturel. Sa formule adoucissante et polyvalente d\u00e9m\u00eale et donne du corps aux cheveux, tout en fixant la coloration avec une finition brillante pour des cheveux soyeux et lisses.<\/p>\n<p>Ingr\u00e9dients principaux :<br \/>Beurre de karit\u00e9 : il hydrate et nourrit les cheveux tout en les rendant soyeux<br \/>Acides de fruits : ils ferment les cuticules, prot\u00e8gent la couleur et apportent de la brillance<br \/>Huile de calendula : un antioxydant aux propri\u00e9t\u00e9s rajeunissantes qui prot\u00e8ge les cheveux et le cuir chevelu des radicaux libres<\/div>\n<\/div>\n<div class=\"tab js-tab\">\n<h3 class=\"tab-title pdp-tabs_title js-tab-mobile-title\"><span>Mode d&#8217;emploi<\/span><\/h3>\n<div class=\"tab-description pdp-tabs_description js-tab-description\">Apr\u00e8s avoir nettoy\u00e9 les cheveux avec le shampooing fortifiant Damage Undo, appliquez la quantit\u00e9 d\u00e9sir\u00e9e sur les cheveux essor\u00e9s.<br \/>Bien masser sur les mi-longueurs et les pointes et sur le cuir chevelu.<br \/>Laissez agir 2 \u00e0 5 minutes, peignez et rincez abondamment.<\/div>\n<\/div>\n<div class=\"tab js-tab\">\n<h3 class=\"tab-title pdp-tabs_title js-tab-mobile-title\"><span>Ingr\u00e9dients<\/span><\/h3>\n<div class=\"tab-description pdp-tabs_description js-tab-description\">Aqua (Water, Eau), Cetearyl Alcohol, Cetrimonium Chloride, Cocos Nucifera (Coconut) Oil,Caprylic\/Capric Triglyceride, Mangifera Indica (Mango) Seed Butter, Hydrogenated Coconut Oil,Octyldodecanol, Cetyl Alcohol, Euphorbia Cerifera Cera (Euphorbia Cerifera (Candelilla) Wax), Polyglyceryl-3Stearate, Sodium Stearoyl Lactylate, Helianthus Annuus (Sunflower) Seed Oil, Calendula Officinalis FlowerExtract, Butyrospermum Parkii (Shea) Butter, Prunus Amygdalus Dulcis (Sweet Almond) Oil, HydrolyzedVegetable Protein, Niacinamide, Tartaric Acid, Vitis Vinifera (Grape) Skin Extract, Pyrus Malus (Apple) FruitExtract, Triticum Vulgare (Wheat) Bran Extract, Citrus Limon (Lemon) Fruit Extract, Polyglyceryl-4 Caprate,Sodium Gluconate, Polyglyceryl-3 Ricinoleate, Sodium Benzoate, Potassium Sorbate, Citric Acid,Phenoxyethanol, Ethylhexylglycerin, Parfum (Fragrance)<\/div>\n<\/div>\n<div class=\"tab js-tab\">\n<h3 class=\"tab-title pdp-tabs_title js-tab-mobile-title\"><span>Livraison et stock<\/span><\/h3>\n<div class=\"tab-description pdp-tabs_description js-tab-description\">\n<div class=\"pdp-delivery_info\">\n<div class=\"content-asset\">Livraison et d\u00e9laisRetours et remboursements<\/div>\n<\/div>\n<\/div>\n<\/div>\n<\/div>\n<\/div>\n<\/div>\n","protected":false},"excerpt":{"rendered":"<p>Points cl\u00e9s Un apr\u00e8s-shampooing adoucissant et r\u00e9parateur qui prot\u00e8ge les cheveux de la casse, r\u00e9duit&hellip;<\/p>\n","protected":false},"featured_media":29786,"comment_status":"open","ping_status":"closed","template":"","meta":[],"pwb-brand":[713],"product_cat":[617],"product_tag":[274,582,273],"class_list":{"0":"post-29788","1":"product","2":"type-product","3":"status-publish","4":"has-post-thumbnail","6":"pwb-brand-damage-undo","7":"product_cat-coiffure","8":"product_tag-coiffure","9":"product_tag-damage-undo","10":"product_tag-vegan","12":"first","13":"instock","14":"taxable","15":"shipping-taxable","16":"purchasable","17":"product-type-simple","18":"layout-style-3","19":"col-md-4 col-sm-4 col-xs-6","20":"col-lg-3","21":"product-has-gallery","22":"product-style-default"},"aioseo_notices":[],"brands":[{"id":713,"name":"Damage Undo","slug":"damage-undo"}],"_links":{"self":[{"href":"https:\/\/cheveuxluxe.com\/index.php\/wp-json\/wp\/v2\/product\/29788","targetHints":{"allow":["GET"]}}],"collection":[{"href":"https:\/\/cheveuxluxe.com\/index.php\/wp-json\/wp\/v2\/product"}],"about":[{"href":"https:\/\/cheveuxluxe.com\/index.php\/wp-json\/wp\/v2\/types\/product"}],"replies":[{"embeddable":true,"href":"https:\/\/cheveuxluxe.com\/index.php\/wp-json\/wp\/v2\/comments?post=29788"}],"version-history":[{"count":0,"href":"https:\/\/cheveuxluxe.com\/index.php\/wp-json\/wp\/v2\/product\/29788\/revisions"}],"wp:featuredmedia":[{"embeddable":true,"href":"https:\/\/cheveuxluxe.com\/index.php\/wp-json\/wp\/v2\/media\/29786"}],"wp:attachment":[{"href":"https:\/\/cheveuxluxe.com\/index.php\/wp-json\/wp\/v2\/media?parent=29788"}],"wp:term":[{"taxonomy":"pwb-brand","embeddable":true,"href":"https:\/\/cheveuxluxe.com\/index.php\/wp-json\/wp\/v2\/pwb-brand?post=29788"},{"taxonomy":"product_cat","embeddable":true,"href":"https:\/\/cheveuxluxe.com\/index.php\/wp-json\/wp\/v2\/product_cat?post=29788"},{"taxonomy":"product_tag","embeddable":true,"href":"https:\/\/cheveuxluxe.com\/index.php\/wp-json\/wp\/v2\/product_tag?post=29788"}],"curies":[{"name":"wp","href":"https:\/\/api.w.org\/{rel}","templated":true}]}}