{"id":29844,"date":"2024-04-09T22:22:22","date_gmt":"2024-04-09T22:22:22","guid":{"rendered":"https:\/\/cheveuxluxe.com\/index.php\/product\/wella-professionals-oil-reflections-huile-lissante-legere-100ml\/"},"modified":"2024-04-13T14:08:49","modified_gmt":"2024-04-13T14:08:49","slug":"wella-professionals-oil-reflections-huile-lissante-legere-100ml","status":"publish","type":"product","link":"https:\/\/cheveuxluxe.com\/index.php\/product\/wella-professionals-oil-reflections-huile-lissante-legere-100ml\/","title":{"rendered":"Wella Professionals Oil Reflections Huile Lissante L\u00e9g\u00e8re 100ml"},"content":{"rendered":"<div class=\"product-content_bottom\">\n<div class=\"pdp-info\">\n<div class=\"pdp-tabs tab-container\">\n<div class=\"tab js-tab\">\n<h3 class=\"tab-title pdp-tabs_title js-tab-mobile-title open\"><span>Points cl\u00e9s<\/span><\/h3>\n<div class=\"tab-description pdp-tabs_description js-tab-description open\" itemprop=\"description\">\n<ul>\n<li>Huile capillaire l\u00e9g\u00e8re r\u00e9v\u00e9latrice de lumi\u00e8re<\/li>\n<li>D\u00e9velopp\u00e9e pour des cheveux instantan\u00e9ment plus brillants<\/li>\n<li>Formule l\u00e9g\u00e8re contenant de l\u2019huile de cam\u00e9lia et des extraits de th\u00e9 blanc<\/li>\n<\/ul>\n<\/div>\n<\/div>\n<div class=\"tab js-tab\">\n<h3 class=\"tab-title pdp-tabs_title js-tab-mobile-title\"><span>Description<\/span><\/h3>\n<div class=\"tab-description pdp-tabs_description js-tab-description\" itemprop=\"description\">Huile lissante sublimatrice Oil Reflections pour tous les types de cheveux.<br \/>Une huile de finition polyvalente pour des cheveux lisses et brillants, avec de l\u2019huile de noix de macadamia et d\u2019avocat.<\/div>\n<\/div>\n<div class=\"tab js-tab\">\n<h3 class=\"tab-title pdp-tabs_title js-tab-mobile-title\"><span>Mode d&#8217;emploi<\/span><\/h3>\n<div class=\"tab-description pdp-tabs_description js-tab-description\">Agitez avant chaque utilisation.<br \/>Placez 1 ou 2 noisettes d\u2019huile lissante sublimatrice dans les paumes, puis appliquez de mani\u00e8re uniforme des mi-longueurs jusqu\u2019aux pointes.<\/div>\n<\/div>\n<div class=\"tab js-tab\">\n<h3 class=\"tab-title pdp-tabs_title js-tab-mobile-title\"><span>Ingr\u00e9dients<\/span><\/h3>\n<div class=\"tab-description pdp-tabs_description js-tab-description\">Cyclopentasiloxane,Dimethiconol, Dimethicone, Dimethicone, VinylDimethicone Crosspolymer, Parfum, Tocopheryl Acetate,Hexyl Cinnamal, Linalool, Alpha-Isomethyl Ionone,Coumarin, Camellia Oleifera Seed Oil, Limonene,Citronellol, Farnesol, Geraniol<\/div>\n<\/div>\n<div class=\"tab js-tab\">\n<h3 class=\"tab-title pdp-tabs_title js-tab-mobile-title\"><span>Livraison et stock<\/span><\/h3>\n<div class=\"tab-description pdp-tabs_description js-tab-description\">\n<div class=\"pdp-delivery_info\">\n<div class=\"content-asset\">Livraison et d\u00e9laisRetours et remboursements<\/div>\n<\/div>\n<\/div>\n<\/div>\n<div class=\"tab js-tab\">\n<h3 class=\"tab-title pdp-tabs_title js-tab-mobile-title\"><span>Pr\u00e9cautions d&#8217;emploi<\/span><\/h3>\n<div class=\"tab-description pdp-tabs_description js-tab-description\">Inflammable.<br \/>Conserver \u00e0 l&rsquo;\u00e9cart de toute source d&rsquo;ignition.<br \/>Tenir hors de port\u00e9e des enfants.<\/div>\n<\/div>\n<\/div>\n<\/div>\n<\/div>\n","protected":false},"excerpt":{"rendered":"<p>Points cl\u00e9s Huile capillaire l\u00e9g\u00e8re r\u00e9v\u00e9latrice de lumi\u00e8re D\u00e9velopp\u00e9e pour des cheveux instantan\u00e9ment plus brillants&hellip;<\/p>\n","protected":false},"featured_media":29837,"comment_status":"open","ping_status":"closed","template":"","meta":[],"pwb-brand":[648],"product_cat":[598],"product_tag":[127,599,323],"class_list":{"0":"post-29844","1":"product","2":"type-product","3":"status-publish","4":"has-post-thumbnail","6":"pwb-brand-wella-professionals","7":"product_cat-type-de-cheveux","8":"product_tag-shampooing-et-coiffure","9":"product_tag-type-de-cheveux","10":"product_tag-wella-professionals","12":"first","13":"instock","14":"taxable","15":"shipping-taxable","16":"purchasable","17":"product-type-simple","18":"layout-style-3","19":"col-md-4 col-sm-4 col-xs-6","20":"col-lg-3","21":"product-has-gallery","22":"product-style-default"},"aioseo_notices":[],"brands":[{"id":648,"name":"Wella Professionals","slug":"wella-professionals"}],"_links":{"self":[{"href":"https:\/\/cheveuxluxe.com\/index.php\/wp-json\/wp\/v2\/product\/29844","targetHints":{"allow":["GET"]}}],"collection":[{"href":"https:\/\/cheveuxluxe.com\/index.php\/wp-json\/wp\/v2\/product"}],"about":[{"href":"https:\/\/cheveuxluxe.com\/index.php\/wp-json\/wp\/v2\/types\/product"}],"replies":[{"embeddable":true,"href":"https:\/\/cheveuxluxe.com\/index.php\/wp-json\/wp\/v2\/comments?post=29844"}],"version-history":[{"count":0,"href":"https:\/\/cheveuxluxe.com\/index.php\/wp-json\/wp\/v2\/product\/29844\/revisions"}],"wp:featuredmedia":[{"embeddable":true,"href":"https:\/\/cheveuxluxe.com\/index.php\/wp-json\/wp\/v2\/media\/29837"}],"wp:attachment":[{"href":"https:\/\/cheveuxluxe.com\/index.php\/wp-json\/wp\/v2\/media?parent=29844"}],"wp:term":[{"taxonomy":"pwb-brand","embeddable":true,"href":"https:\/\/cheveuxluxe.com\/index.php\/wp-json\/wp\/v2\/pwb-brand?post=29844"},{"taxonomy":"product_cat","embeddable":true,"href":"https:\/\/cheveuxluxe.com\/index.php\/wp-json\/wp\/v2\/product_cat?post=29844"},{"taxonomy":"product_tag","embeddable":true,"href":"https:\/\/cheveuxluxe.com\/index.php\/wp-json\/wp\/v2\/product_tag?post=29844"}],"curies":[{"name":"wp","href":"https:\/\/api.w.org\/{rel}","templated":true}]}}