{"id":29860,"date":"2024-04-09T22:22:29","date_gmt":"2024-04-09T22:22:29","guid":{"rendered":"https:\/\/cheveuxluxe.com\/index.php\/product\/schwarzkopf-professional-blondme-ab-vitamine-c-5x5g\/"},"modified":"2024-04-13T14:00:58","modified_gmt":"2024-04-13T14:00:58","slug":"schwarzkopf-professional-blondme-ab-vitamine-c-5x5g","status":"publish","type":"product","link":"https:\/\/cheveuxluxe.com\/index.php\/product\/schwarzkopf-professional-blondme-ab-vitamine-c-5x5g\/","title":{"rendered":"Schwarzkopf Professional BlondMe AB Vitamine C 5x5g"},"content":{"rendered":"<div class=\"product-content_bottom\">\n<div class=\"pdp-info\">\n<div class=\"pdp-tabs tab-container\">\n<div class=\"tab js-tab\">\n<h3 class=\"tab-title pdp-tabs_title js-tab-mobile-title open\"><span>Points cl\u00e9s<\/span><\/h3>\n<div class=\"tab-description pdp-tabs_description js-tab-description open\" itemprop=\"description\">\n<ul>\n<li>Balaie les min\u00e9raux et autres r\u00e9sidus de l&rsquo;eau dure*<br \/>*lorsqu&rsquo;il est utilis\u00e9 en combinaison avec le BLONDME All Blondes Detox Mask<\/li>\n<li>\u00c9limine l&rsquo;accumulation d&rsquo;ions qui peuvent cr\u00e9er l&rsquo;effet verd\u00e2tre de la piscine sur les blondes et les teintes claires*<br \/>*lorsqu&rsquo;il est utilis\u00e9 en combinaison avec le BLONDME All Blondes Detox Mask<\/li>\n<li>Laisse les cheveux visiblement plus lumineux*<br \/>*lorsqu&rsquo;il est utilis\u00e9 en combinaison avec le BLONDME All Blondes Detox Mask<\/li>\n<\/ul>\n<\/div>\n<\/div>\n<div class=\"tab js-tab\">\n<h3 class=\"tab-title pdp-tabs_title js-tab-mobile-title\"><span>Description<\/span><\/h3>\n<div class=\"tab-description pdp-tabs_description js-tab-description\" itemprop=\"description\">The BLONDME All Blondes Vitamin C shots, utilis\u00e9s en combinaison avec le BLONDME All Blondes Detox Mask, aident \u00e0 balayer les min\u00e9raux et autres r\u00e9sidus de l&rsquo;eau des cheveux, neutralisent les tons verts des agresseurs chimiques et laissent tous les types de cheveux blonds lumineux avec un aspect brillant sain.<\/div>\n<\/div>\n<div class=\"tab js-tab\">\n<h3 class=\"tab-title pdp-tabs_title js-tab-mobile-title\"><span>Mode d&#8217;emploi<\/span><\/h3>\n<div class=\"tab-description pdp-tabs_description js-tab-description\">M\u00e9langez 1 sachet avec 25g du masque BLONDME All Blondes Detox Mask.<br \/>Laissez agir pendant 10 \u00e0 20 minutes, puis rincez abondamment.<\/div>\n<\/div>\n<div class=\"tab js-tab\">\n<h3 class=\"tab-title pdp-tabs_title js-tab-mobile-title\"><span>Ingr\u00e9dients<\/span><\/h3>\n<div class=\"tab-description pdp-tabs_description js-tab-description\">Ascorbic Acid*Taurine*Lysine HCl*Allantoin*Malic Acid*Calcium Hydroxide*Citric Acid*Calcium Carbonate<\/div>\n<\/div>\n<div class=\"tab js-tab\">\n<h3 class=\"tab-title pdp-tabs_title js-tab-mobile-title\"><span>Livraison et stock<\/span><\/h3>\n<div class=\"tab-description pdp-tabs_description js-tab-description\">\n<div class=\"pdp-delivery_info\">\n<div class=\"content-asset\">Livraison et d\u00e9laisRetours et remboursements<\/div>\n<\/div>\n<\/div>\n<\/div>\n<\/div>\n<\/div>\n<\/div>\n","protected":false},"excerpt":{"rendered":"<p>Points cl\u00e9s Balaie les min\u00e9raux et autres r\u00e9sidus de l&rsquo;eau dure**lorsqu&rsquo;il est utilis\u00e9 en combinaison&hellip;<\/p>\n","protected":false},"featured_media":21714,"comment_status":"open","ping_status":"closed","template":"","meta":[],"pwb-brand":[646],"product_cat":[588],"product_tag":[319,127,140],"class_list":{"0":"post-29860","1":"product","2":"type-product","3":"status-publish","4":"has-post-thumbnail","6":"pwb-brand-schwarzkopf-professional","7":"product_cat-soins-lotions-et-serums","8":"product_tag-schwarzkopf-professional","9":"product_tag-shampooing-et-coiffure","10":"product_tag-soins-lotions-et-serums","12":"first","13":"instock","14":"taxable","15":"shipping-taxable","16":"purchasable","17":"product-type-simple","18":"layout-style-3","19":"col-md-4 col-sm-4 col-xs-6","20":"col-lg-3","21":"product-has-gallery","22":"product-style-default"},"aioseo_notices":[],"brands":[{"id":646,"name":"Schwarzkopf Professional","slug":"schwarzkopf-professional"}],"_links":{"self":[{"href":"https:\/\/cheveuxluxe.com\/index.php\/wp-json\/wp\/v2\/product\/29860","targetHints":{"allow":["GET"]}}],"collection":[{"href":"https:\/\/cheveuxluxe.com\/index.php\/wp-json\/wp\/v2\/product"}],"about":[{"href":"https:\/\/cheveuxluxe.com\/index.php\/wp-json\/wp\/v2\/types\/product"}],"replies":[{"embeddable":true,"href":"https:\/\/cheveuxluxe.com\/index.php\/wp-json\/wp\/v2\/comments?post=29860"}],"version-history":[{"count":0,"href":"https:\/\/cheveuxluxe.com\/index.php\/wp-json\/wp\/v2\/product\/29860\/revisions"}],"wp:featuredmedia":[{"embeddable":true,"href":"https:\/\/cheveuxluxe.com\/index.php\/wp-json\/wp\/v2\/media\/21714"}],"wp:attachment":[{"href":"https:\/\/cheveuxluxe.com\/index.php\/wp-json\/wp\/v2\/media?parent=29860"}],"wp:term":[{"taxonomy":"pwb-brand","embeddable":true,"href":"https:\/\/cheveuxluxe.com\/index.php\/wp-json\/wp\/v2\/pwb-brand?post=29860"},{"taxonomy":"product_cat","embeddable":true,"href":"https:\/\/cheveuxluxe.com\/index.php\/wp-json\/wp\/v2\/product_cat?post=29860"},{"taxonomy":"product_tag","embeddable":true,"href":"https:\/\/cheveuxluxe.com\/index.php\/wp-json\/wp\/v2\/product_tag?post=29860"}],"curies":[{"name":"wp","href":"https:\/\/api.w.org\/{rel}","templated":true}]}}