{"id":29863,"date":"2024-04-09T22:22:35","date_gmt":"2024-04-09T22:22:35","guid":{"rendered":"https:\/\/cheveuxluxe.com\/index.php\/product\/schwarzkopf-professional-bonacure-moisture-kick-baume-hydratant-150ml\/"},"modified":"2024-04-13T14:26:24","modified_gmt":"2024-04-13T14:26:24","slug":"schwarzkopf-professional-bonacure-moisture-kick-baume-hydratant-150ml","status":"publish","type":"product","link":"https:\/\/cheveuxluxe.com\/index.php\/product\/schwarzkopf-professional-bonacure-moisture-kick-baume-hydratant-150ml\/","title":{"rendered":"Schwarzkopf Professional Bonacure Moisture Kick Baume Hydratant 150ml"},"content":{"rendered":"<div class=\"product-content_bottom\">\n<div class=\"pdp-info\">\n<div class=\"pdp-tabs tab-container\">\n<div class=\"tab js-tab\">\n<h3 class=\"tab-title pdp-tabs_title js-tab-mobile-title open\"><span>Points cl\u00e9s<\/span><\/h3>\n<div class=\"tab-description pdp-tabs_description js-tab-description open\" itemprop=\"description\">\n<ul>\n<li>Enrichi en glyc\u00e9rol, il hydrate les cheveux pour une sensation de l\u00e9g\u00e8ret\u00e9 et une meilleure \u00e9lasticit\u00e9<\/li>\n<li>Am\u00e9lioration de la maniabilit\u00e9 lors du coiffage des cheveux \u00e9pais<\/li>\n<li>Ajoute une brillance d&rsquo;apparence saine<\/li>\n<li>Formule v\u00e9gane*<\/li>\n<li>Prot\u00e8ge contre la chaleur du s\u00e8che-cheveux<\/li>\n<\/ul>\n<\/div>\n<\/div>\n<div class=\"tab js-tab\">\n<h3 class=\"tab-title pdp-tabs_title js-tab-mobile-title\"><span>Description<\/span><\/h3>\n<div class=\"tab-description pdp-tabs_description js-tab-description\" itemprop=\"description\">Un traitement hydratant sans rin\u00e7age de Bonacure Moisture Kick, sp\u00e9cialement formul\u00e9 pour les cheveux normaux \u00e0 secs. Sans silicones ni colorants artificiels, la formule conditionne les cheveux en toute l\u00e9g\u00e8ret\u00e9, les aidant \u00e0 conserver leur niveau d&rsquo;hydratation optimal, pour une \u00e9lasticit\u00e9 accrue et une sensation de l\u00e9g\u00e8ret\u00e9 qui dure jusqu&rsquo;\u00e0 48 heures.<\/p>\n<p>Produit capillaire vegan*.<\/p><\/div>\n<\/div>\n<div class=\"tab js-tab\">\n<h3 class=\"tab-title pdp-tabs_title js-tab-mobile-title\"><span>Mode d&#8217;emploi<\/span><\/h3>\n<div class=\"tab-description pdp-tabs_description js-tab-description\">Appliquez le traitement hydratant uniform\u00e9ment sur les cheveux humides ou secs. Laisser agir.<\/div>\n<\/div>\n<div class=\"tab js-tab\">\n<h3 class=\"tab-title pdp-tabs_title js-tab-mobile-title\"><span>Ingr\u00e9dients<\/span><\/h3>\n<div class=\"tab-description pdp-tabs_description js-tab-description\">Aqua (Water, Eau) Alcohol denat. Cetearyl Alcohol Glycerin Butyrospermum Parkii (Shea) Butter Isopropyl Myristate Panthenol Soy Amino Acids Wheat Amino Acids Serine Threonine Arginine HCl Phenoxyethanol Parfum (Fragrance) Ceteareth-20 Citric Acid Ethylhexylglycerin Linalool Citronellol Alpha-Isomethyl Ionone Geraniol Limonene Benzyl Alcohol Sodium Benzoate Potassium Sorbate<\/div>\n<\/div>\n<div class=\"tab js-tab\">\n<h3 class=\"tab-title pdp-tabs_title js-tab-mobile-title\"><span>Livraison et stock<\/span><\/h3>\n<div class=\"tab-description pdp-tabs_description js-tab-description\">\n<div class=\"pdp-delivery_info\">\n<div class=\"content-asset\">Livraison et d\u00e9laisRetours et remboursements<\/div>\n<\/div>\n<\/div>\n<\/div>\n<div class=\"tab js-tab\">\n<h3 class=\"tab-title pdp-tabs_title js-tab-mobile-title\"><span>Pr\u00e9cautions d&#8217;emploi<\/span><\/h3>\n<div class=\"tab-description pdp-tabs_description js-tab-description\">\u00c9viter le contact avec les yeux. Rincer imm\u00e9diatement si le produit entre en contact avec les yeux. Tenir hors de port\u00e9e des enfants.<\/div>\n<\/div>\n<\/div>\n<\/div>\n<\/div>\n","protected":false},"excerpt":{"rendered":"<p>Points cl\u00e9s Enrichi en glyc\u00e9rol, il hydrate les cheveux pour une sensation de l\u00e9g\u00e8ret\u00e9 et&hellip;<\/p>\n","protected":false},"featured_media":20797,"comment_status":"open","ping_status":"closed","template":"","meta":[],"pwb-brand":[646],"product_cat":[617],"product_tag":[274,319,273],"class_list":{"0":"post-29863","1":"product","2":"type-product","3":"status-publish","4":"has-post-thumbnail","6":"pwb-brand-schwarzkopf-professional","7":"product_cat-coiffure","8":"product_tag-coiffure","9":"product_tag-schwarzkopf-professional","10":"product_tag-vegan","12":"first","13":"instock","14":"taxable","15":"shipping-taxable","16":"purchasable","17":"product-type-simple","18":"layout-style-3","19":"col-md-4 col-sm-4 col-xs-6","20":"col-lg-3","21":"product-has-gallery","22":"product-style-default"},"aioseo_notices":[],"brands":[{"id":646,"name":"Schwarzkopf Professional","slug":"schwarzkopf-professional"}],"_links":{"self":[{"href":"https:\/\/cheveuxluxe.com\/index.php\/wp-json\/wp\/v2\/product\/29863","targetHints":{"allow":["GET"]}}],"collection":[{"href":"https:\/\/cheveuxluxe.com\/index.php\/wp-json\/wp\/v2\/product"}],"about":[{"href":"https:\/\/cheveuxluxe.com\/index.php\/wp-json\/wp\/v2\/types\/product"}],"replies":[{"embeddable":true,"href":"https:\/\/cheveuxluxe.com\/index.php\/wp-json\/wp\/v2\/comments?post=29863"}],"version-history":[{"count":0,"href":"https:\/\/cheveuxluxe.com\/index.php\/wp-json\/wp\/v2\/product\/29863\/revisions"}],"wp:featuredmedia":[{"embeddable":true,"href":"https:\/\/cheveuxluxe.com\/index.php\/wp-json\/wp\/v2\/media\/20797"}],"wp:attachment":[{"href":"https:\/\/cheveuxluxe.com\/index.php\/wp-json\/wp\/v2\/media?parent=29863"}],"wp:term":[{"taxonomy":"pwb-brand","embeddable":true,"href":"https:\/\/cheveuxluxe.com\/index.php\/wp-json\/wp\/v2\/pwb-brand?post=29863"},{"taxonomy":"product_cat","embeddable":true,"href":"https:\/\/cheveuxluxe.com\/index.php\/wp-json\/wp\/v2\/product_cat?post=29863"},{"taxonomy":"product_tag","embeddable":true,"href":"https:\/\/cheveuxluxe.com\/index.php\/wp-json\/wp\/v2\/product_tag?post=29863"}],"curies":[{"name":"wp","href":"https:\/\/api.w.org\/{rel}","templated":true}]}}