{"id":29886,"date":"2024-04-09T22:23:34","date_gmt":"2024-04-09T22:23:34","guid":{"rendered":"https:\/\/cheveuxluxe.com\/index.php\/product\/schwarzkopf-professional-bonacure-r-two-fluide-renovateur-145ml\/"},"modified":"2024-04-13T14:01:02","modified_gmt":"2024-04-13T14:01:02","slug":"schwarzkopf-professional-bonacure-r-two-fluide-renovateur-145ml","status":"publish","type":"product","link":"https:\/\/cheveuxluxe.com\/index.php\/product\/schwarzkopf-professional-bonacure-r-two-fluide-renovateur-145ml\/","title":{"rendered":"Schwarzkopf Professional Bonacure R-Two Fluide R\u00e9novateur 145ml"},"content":{"rendered":"<div class=\"product-content_bottom\">\n<div class=\"pdp-info\">\n<div class=\"pdp-tabs tab-container\">\n<div class=\"tab js-tab\">\n<h3 class=\"tab-title pdp-tabs_title js-tab-mobile-title open\"><span>Points cl\u00e9s<\/span><\/h3>\n<div class=\"tab-description pdp-tabs_description js-tab-description open\" itemprop=\"description\">\n<ul>\n<li>Un soin capillaire sans rin\u00e7age qui fortifie instantan\u00e9ment les cheveux<\/li>\n<li>Sans silicones ni colorants artificiels<\/li>\n<li>Sans ingr\u00e9dients d&rsquo;origine animale<\/li>\n<\/ul>\n<\/div>\n<\/div>\n<div class=\"tab js-tab\">\n<h3 class=\"tab-title pdp-tabs_title js-tab-mobile-title\"><span>Description<\/span><\/h3>\n<div class=\"tab-description pdp-tabs_description js-tab-description\" itemprop=\"description\">Le Fluide R\u00e9novateur BC Bonacure R-TWO est un masque capillaire sans rin\u00e7age qui restaure et renforce instantan\u00e9ment les cheveux. Il est sp\u00e9cialement formul\u00e9 pour les cheveux extr\u00eamement ab\u00eem\u00e9s qui ont \u00e9t\u00e9 surtrait\u00e9s chimiquement et physiquement. Il scelle la cuticle du cheveu et cr\u00e9e un bouclier protecteur autour de la fibre capillaire, r\u00e9duisant ainsi les cassures et les signes visibles de fourches. Il permet \u00e9galement de contr\u00f4ler les frisottis et prot\u00e8ge contre la chaleur jusqu&rsquo;\u00e0 230\u00b0C. Sans silicones ni colorants artificiels.<\/div>\n<\/div>\n<div class=\"tab js-tab\">\n<h3 class=\"tab-title pdp-tabs_title js-tab-mobile-title\"><span>Mode d&#8217;emploi<\/span><\/h3>\n<div class=\"tab-description pdp-tabs_description js-tab-description\">Appliquez sur cheveux humides ou secs. Commencez par 2 pressions. Ajoutez selon la longueur et l&rsquo;\u00e9paisseur des cheveux. Ne pas rincer.<\/div>\n<\/div>\n<div class=\"tab js-tab\">\n<h3 class=\"tab-title pdp-tabs_title js-tab-mobile-title\"><span>Ingr\u00e9dients<\/span><\/h3>\n<div class=\"tab-description pdp-tabs_description js-tab-description\">Aqua (Water, Eau), Hydroxypropyl Starch Phosphate, Dicaprylyl Carbonate, Cetearyl Alcohol, Distearoylethyl Hydroxyethylmonium Methosulfate, Hydroxypropylgluconamide, Hydroxypropylammonium Gluconate, Soy Amino Acids, Wheat Amino Acids, Serine, Threonine, Arginine HCl, Panthenol, Hydroxypropyl Guar Hydroxypropyltrimonium Chloride, Phenoxyethanol, Stearamidopropyl Dimethylamine, Undecane, Parfum (Fragrance), C15-23 Alkane, C9-12 Alkane, Ceteareth-20, Citric Acid, Tridecane, Glyceryl Stearate, Ethylhexylglycerin, Behentrimonium Chloride, Linalool, Sodium Hydroxide, Isopropyl Alcohol, Limonene, Citronellol, Geraniol, Benzyl Alcohol, Sodium Benzoate, Potassium Sorbate, Helianthus Annuus (Sunflower) Seed Oil<\/div>\n<\/div>\n<div class=\"tab js-tab\">\n<h3 class=\"tab-title pdp-tabs_title js-tab-mobile-title\"><span>Livraison et stock<\/span><\/h3>\n<div class=\"tab-description pdp-tabs_description js-tab-description\">\n<div class=\"pdp-delivery_info\">\n<div class=\"content-asset\">Livraison et d\u00e9laisRetours et remboursements<\/div>\n<\/div>\n<\/div>\n<\/div>\n<div class=\"tab js-tab\">\n<h3 class=\"tab-title pdp-tabs_title js-tab-mobile-title\"><span>Pr\u00e9cautions d&#8217;emploi<\/span><\/h3>\n<div class=\"tab-description pdp-tabs_description js-tab-description\">Eviter le contact avec les yeux. En cas de contact avec les yeux, rincez abondamment avec de l\u2019eau. Gardez hors de port\u00e9e des enfants.<\/div>\n<\/div>\n<\/div>\n<\/div>\n<\/div>\n","protected":false},"excerpt":{"rendered":"<p>Points cl\u00e9s Un soin capillaire sans rin\u00e7age qui fortifie instantan\u00e9ment les cheveux Sans silicones ni&hellip;<\/p>\n","protected":false},"featured_media":29879,"comment_status":"open","ping_status":"closed","template":"","meta":[],"pwb-brand":[646],"product_cat":[588],"product_tag":[319,127,140],"class_list":{"0":"post-29886","1":"product","2":"type-product","3":"status-publish","4":"has-post-thumbnail","6":"pwb-brand-schwarzkopf-professional","7":"product_cat-soins-lotions-et-serums","8":"product_tag-schwarzkopf-professional","9":"product_tag-shampooing-et-coiffure","10":"product_tag-soins-lotions-et-serums","12":"first","13":"instock","14":"taxable","15":"shipping-taxable","16":"purchasable","17":"product-type-simple","18":"layout-style-3","19":"col-md-4 col-sm-4 col-xs-6","20":"col-lg-3","21":"product-has-gallery","22":"product-style-default"},"aioseo_notices":[],"brands":[{"id":646,"name":"Schwarzkopf Professional","slug":"schwarzkopf-professional"}],"_links":{"self":[{"href":"https:\/\/cheveuxluxe.com\/index.php\/wp-json\/wp\/v2\/product\/29886","targetHints":{"allow":["GET"]}}],"collection":[{"href":"https:\/\/cheveuxluxe.com\/index.php\/wp-json\/wp\/v2\/product"}],"about":[{"href":"https:\/\/cheveuxluxe.com\/index.php\/wp-json\/wp\/v2\/types\/product"}],"replies":[{"embeddable":true,"href":"https:\/\/cheveuxluxe.com\/index.php\/wp-json\/wp\/v2\/comments?post=29886"}],"version-history":[{"count":0,"href":"https:\/\/cheveuxluxe.com\/index.php\/wp-json\/wp\/v2\/product\/29886\/revisions"}],"wp:featuredmedia":[{"embeddable":true,"href":"https:\/\/cheveuxluxe.com\/index.php\/wp-json\/wp\/v2\/media\/29879"}],"wp:attachment":[{"href":"https:\/\/cheveuxluxe.com\/index.php\/wp-json\/wp\/v2\/media?parent=29886"}],"wp:term":[{"taxonomy":"pwb-brand","embeddable":true,"href":"https:\/\/cheveuxluxe.com\/index.php\/wp-json\/wp\/v2\/pwb-brand?post=29886"},{"taxonomy":"product_cat","embeddable":true,"href":"https:\/\/cheveuxluxe.com\/index.php\/wp-json\/wp\/v2\/product_cat?post=29886"},{"taxonomy":"product_tag","embeddable":true,"href":"https:\/\/cheveuxluxe.com\/index.php\/wp-json\/wp\/v2\/product_tag?post=29886"}],"curies":[{"name":"wp","href":"https:\/\/api.w.org\/{rel}","templated":true}]}}