{"id":29889,"date":"2024-04-09T22:23:40","date_gmt":"2024-04-09T22:23:40","guid":{"rendered":"https:\/\/cheveuxluxe.com\/index.php\/product\/schwarzkopf-professional-bonacure-color-freeze-shine-savior-150ml\/"},"modified":"2024-04-13T14:26:21","modified_gmt":"2024-04-13T14:26:21","slug":"schwarzkopf-professional-bonacure-color-freeze-shine-savior-150ml","status":"publish","type":"product","link":"https:\/\/cheveuxluxe.com\/index.php\/product\/schwarzkopf-professional-bonacure-color-freeze-shine-savior-150ml\/","title":{"rendered":"Schwarzkopf Professional Bonacure Color Freeze Shine Savior 150ml"},"content":{"rendered":"<div class=\"product-content_bottom\">\n<div class=\"pdp-info\">\n<div class=\"pdp-tabs tab-container\">\n<div class=\"tab js-tab\">\n<h3 class=\"tab-title pdp-tabs_title js-tab-mobile-title open\"><span>Points cl\u00e9s<\/span><\/h3>\n<div class=\"tab-description pdp-tabs_description js-tab-description open\" itemprop=\"description\">\n<ul>\n<li>Aide \u00e0 renforcer la structure des cheveux.<\/li>\n<li>Scelle jusqu&rsquo;\u00e0 90 % des pointes fourchues et emp\u00eache la formation de nouvelles fourches, pour des cheveux plus forts.<\/li>\n<li>Le cheveu atteint son niveau de pH optimal de 4,5, ce qui permet de conserver 90 % de la couleur jusqu&rsquo;\u00e0 30 lavages.<\/li>\n<li>Lisse chaque m\u00e8che pour des cheveux brillants.<\/li>\n<li>Prot\u00e8ge contre la chaleur du s\u00e8che-cheveux.<\/li>\n<li>Formule v\u00e9gane**<\/li>\n<\/ul>\n<\/div>\n<\/div>\n<div class=\"tab js-tab\">\n<h3 class=\"tab-title pdp-tabs_title js-tab-mobile-title\"><span>Description<\/span><\/h3>\n<div class=\"tab-description pdp-tabs_description js-tab-description\" itemprop=\"description\">Un s\u00e9rum de brillance sans rin\u00e7age pour les cheveux qui offre une protection thermique contre Bonacure Color Freeze. Sp\u00e9cialement formul\u00e9 pour les cheveux color\u00e9s, Shine Protector, sans silicones ni colorants artificiels, am\u00e9liore la maniabilit\u00e9 et renforce l&rsquo;intensit\u00e9. Redonne au cheveu sa valeur pH optimale en scellant parfaitement les pigments de couleur dans la matrice du cheveu, emp\u00eachant ainsi la d\u00e9coloration pour une couleur durable.<\/p>\n<p>Produit capillaire v\u00e9g\u00e9talien*.<\/p><\/div>\n<\/div>\n<div class=\"tab js-tab\">\n<h3 class=\"tab-title pdp-tabs_title js-tab-mobile-title\"><span>Mode d&#8217;emploi<\/span><\/h3>\n<div class=\"tab-description pdp-tabs_description js-tab-description\">Appliquez le s\u00e9rum capillaire sur des cheveux s\u00e9ch\u00e9s \u00e0 la serviette et coiffez-les comme d&rsquo;habitude. Ne pas rincer.<\/div>\n<\/div>\n<div class=\"tab js-tab\">\n<h3 class=\"tab-title pdp-tabs_title js-tab-mobile-title\"><span>Ingr\u00e9dients<\/span><\/h3>\n<div class=\"tab-description pdp-tabs_description js-tab-description\">Aqua (Water, Eau) Alcohol denat. Dicaprylyl Carbonate Dicaprylyl Ether Polyquaternium-37 Distearoylethyl Hydroxyethylmonium Methosulfate Butyrospermum Parkii (Shea) Butter Lactic Acid Calcium Hydroxide Soy Amino Acids Wheat Amino Acids Serine Threonine Arginine HCl Cetearyl Alcohol Parfum (Fragrance) Quaternium-91 Cetrimonium Methosulfate Linalool Benzyl Salicylate Isopropyl Alcohol Hexyl Cinnamal Limonene Citronellol Geraniol Benzyl Alcohol Coumarin Methyl Benzoate Sodium Benzoate Potassium Sorbate<\/div>\n<\/div>\n<div class=\"tab js-tab\">\n<h3 class=\"tab-title pdp-tabs_title js-tab-mobile-title\"><span>Livraison et stock<\/span><\/h3>\n<div class=\"tab-description pdp-tabs_description js-tab-description\">\n<div class=\"pdp-delivery_info\">\n<div class=\"content-asset\">Livraison et d\u00e9laisRetours et remboursements<\/div>\n<\/div>\n<\/div>\n<\/div>\n<div class=\"tab js-tab\">\n<h3 class=\"tab-title pdp-tabs_title js-tab-mobile-title\"><span>Pr\u00e9cautions d&#8217;emploi<\/span><\/h3>\n<div class=\"tab-description pdp-tabs_description js-tab-description\">\u00c9viter le contact avec les yeux. Rincer imm\u00e9diatement si le produit entre en contact avec les yeux. Tenir hors de port\u00e9e des enfants.<\/div>\n<\/div>\n<\/div>\n<\/div>\n<\/div>\n","protected":false},"excerpt":{"rendered":"<p>Points cl\u00e9s Aide \u00e0 renforcer la structure des cheveux. Scelle jusqu&rsquo;\u00e0 90 % des pointes&hellip;<\/p>\n","protected":false},"featured_media":20803,"comment_status":"open","ping_status":"closed","template":"","meta":[],"pwb-brand":[646],"product_cat":[617],"product_tag":[274,319,273],"class_list":{"0":"post-29889","1":"product","2":"type-product","3":"status-publish","4":"has-post-thumbnail","6":"pwb-brand-schwarzkopf-professional","7":"product_cat-coiffure","8":"product_tag-coiffure","9":"product_tag-schwarzkopf-professional","10":"product_tag-vegan","12":"first","13":"instock","14":"taxable","15":"shipping-taxable","16":"purchasable","17":"product-type-simple","18":"layout-style-3","19":"col-md-4 col-sm-4 col-xs-6","20":"col-lg-3","21":"product-has-gallery","22":"product-style-default"},"aioseo_notices":[],"brands":[{"id":646,"name":"Schwarzkopf Professional","slug":"schwarzkopf-professional"}],"_links":{"self":[{"href":"https:\/\/cheveuxluxe.com\/index.php\/wp-json\/wp\/v2\/product\/29889","targetHints":{"allow":["GET"]}}],"collection":[{"href":"https:\/\/cheveuxluxe.com\/index.php\/wp-json\/wp\/v2\/product"}],"about":[{"href":"https:\/\/cheveuxluxe.com\/index.php\/wp-json\/wp\/v2\/types\/product"}],"replies":[{"embeddable":true,"href":"https:\/\/cheveuxluxe.com\/index.php\/wp-json\/wp\/v2\/comments?post=29889"}],"version-history":[{"count":0,"href":"https:\/\/cheveuxluxe.com\/index.php\/wp-json\/wp\/v2\/product\/29889\/revisions"}],"wp:featuredmedia":[{"embeddable":true,"href":"https:\/\/cheveuxluxe.com\/index.php\/wp-json\/wp\/v2\/media\/20803"}],"wp:attachment":[{"href":"https:\/\/cheveuxluxe.com\/index.php\/wp-json\/wp\/v2\/media?parent=29889"}],"wp:term":[{"taxonomy":"pwb-brand","embeddable":true,"href":"https:\/\/cheveuxluxe.com\/index.php\/wp-json\/wp\/v2\/pwb-brand?post=29889"},{"taxonomy":"product_cat","embeddable":true,"href":"https:\/\/cheveuxluxe.com\/index.php\/wp-json\/wp\/v2\/product_cat?post=29889"},{"taxonomy":"product_tag","embeddable":true,"href":"https:\/\/cheveuxluxe.com\/index.php\/wp-json\/wp\/v2\/product_tag?post=29889"}],"curies":[{"name":"wp","href":"https:\/\/api.w.org\/{rel}","templated":true}]}}