{"id":29904,"date":"2024-04-09T22:24:41","date_gmt":"2024-04-09T22:24:41","guid":{"rendered":"https:\/\/cheveuxluxe.com\/index.php\/product\/schwarzkopf-professional-bonacure-serum-anti-pelliculaire-100-ml\/"},"modified":"2024-04-13T14:01:06","modified_gmt":"2024-04-13T14:01:06","slug":"schwarzkopf-professional-bonacure-serum-anti-pelliculaire-100-ml","status":"publish","type":"product","link":"https:\/\/cheveuxluxe.com\/index.php\/product\/schwarzkopf-professional-bonacure-serum-anti-pelliculaire-100-ml\/","title":{"rendered":"Schwarzkopf Professional Bonacure S\u00e9rum Anti-pelliculaire 100 ml"},"content":{"rendered":"<div class=\"product-content_bottom\">\n<div class=\"pdp-info\">\n<div class=\"pdp-tabs tab-container\">\n<div class=\"tab js-tab\">\n<h3 class=\"tab-title pdp-tabs_title js-tab-mobile-title open\"><span>Points cl\u00e9s<\/span><\/h3>\n<div class=\"tab-description pdp-tabs_description js-tab-description open\" itemprop=\"description\">\n<ul>\n<li>La formule avec pH neutre prot\u00e8ge le cuir chevelu des agressions externes<\/li>\n<li> Aide \u00e0 pr\u00e9venir l&rsquo;apparition de nouvelles pellicules, cibl\u00e9 sur un cuir chevelu sec ou gras \u00e0 tendance pelliculaire<\/li>\n<li> Apaise instantan\u00e9ment le cuir chevelu, apportant une sensation calmante et rafra\u00eechissante<\/li>\n<li> Formule l\u00e9g\u00e8re, non grasse et \u00e0 l&rsquo;absorption rapide<\/li>\n<li>R\u00e9\u00e9quilibre le cuir chevelu et garantit une qualit\u00e9 de cheveux optimale<\/li>\n<\/ul>\n<\/div>\n<\/div>\n<div class=\"tab js-tab\">\n<h3 class=\"tab-title pdp-tabs_title js-tab-mobile-title\"><span>Description<\/span><\/h3>\n<div class=\"tab-description pdp-tabs_description js-tab-description\" itemprop=\"description\">Test\u00e9 dermatologiquement pour \u00eatre utilis\u00e9 sur les cuirs chevelus \u00e0 tendance pellicualire, BC Bonacure Scalp S\u00e9rum Anti-pelliculaire est un fluide l\u00e9ger, non-gras et r\u00e9\u00e9quilibrant qui \u00e9limine les pellicules visibles du cuir chevelu, le prot\u00e8ge des agressions externes et pr\u00e9vient l\u2019apparition de nouvelles pellicules. La formule v\u00e9gane**, sans silicone ni colorants artificiels*, au pH neutre et \u00e0 absorption rapide, contient un complexe de super-aliments aux Super baies et \u00e0 l&rsquo;AHA. Le cuir chevelu est r\u00e9\u00e9quilibr\u00e9 et la qualit\u00e9 future de cheveux garantit. Peut \u00eatre utilis\u00e9 quotidiennement.<\/div>\n<\/div>\n<div class=\"tab js-tab\">\n<h3 class=\"tab-title pdp-tabs_title js-tab-mobile-title\"><span>Mode d&#8217;emploi<\/span><\/h3>\n<div class=\"tab-description pdp-tabs_description js-tab-description\">Faire des s\u00e9parations sur cheveux propres et humides. R\u00e9partir le S\u00e9rum Anti-pelliculaire sur le cuir chevelu et masser doucement. Ne pas rincer.<\/div>\n<\/div>\n<div class=\"tab js-tab\">\n<h3 class=\"tab-title pdp-tabs_title js-tab-mobile-title\"><span>Ingr\u00e9dients<\/span><\/h3>\n<div class=\"tab-description pdp-tabs_description js-tab-description\">Aqua (Water, Eau), Alcohol denat., Lycium Barbarum Fruit Extract, Lactic Acid, Citric Acid, Propanediol Caprylate, Parfum (Fragrance), Glycerin, Tetrahydroxypropyl Ethylenediamine, Carbomer, Tocopheryl Acetate, Niacinamide, Allantoin, Panthenol, Limonene, Menthol, Sodium Benzoate, Hydrolyzed Rice Extract, Alpha-Isomethyl Ionone, Potassium Sorbate, Hydrolyzed Soybean Extract, Sorbic Acid, Benzyl Alcohol<\/div>\n<\/div>\n<div class=\"tab js-tab\">\n<h3 class=\"tab-title pdp-tabs_title js-tab-mobile-title\"><span>Livraison et stock<\/span><\/h3>\n<div class=\"tab-description pdp-tabs_description js-tab-description\">\n<div class=\"pdp-delivery_info\">\n<div class=\"content-asset\">Livraison et d\u00e9laisRetours et remboursements<\/div>\n<\/div>\n<\/div>\n<\/div>\n<div class=\"tab js-tab\">\n<h3 class=\"tab-title pdp-tabs_title js-tab-mobile-title\"><span>Pr\u00e9cautions d&#8217;emploi<\/span><\/h3>\n<div class=\"tab-description pdp-tabs_description js-tab-description\">\u00c9viter le contact avec les yeux. En cas de contact, laver imm\u00e9diatement et abondamment avec de l&rsquo;eau. Garder hors de port\u00e9e des enfants.<\/div>\n<\/div>\n<\/div>\n<\/div>\n<\/div>\n","protected":false},"excerpt":{"rendered":"<p>Points cl\u00e9s La formule avec pH neutre prot\u00e8ge le cuir chevelu des agressions externes Aide&hellip;<\/p>\n","protected":false},"featured_media":29898,"comment_status":"open","ping_status":"closed","template":"","meta":[],"pwb-brand":[646],"product_cat":[588],"product_tag":[319,127,140],"class_list":{"0":"post-29904","1":"product","2":"type-product","3":"status-publish","4":"has-post-thumbnail","6":"pwb-brand-schwarzkopf-professional","7":"product_cat-soins-lotions-et-serums","8":"product_tag-schwarzkopf-professional","9":"product_tag-shampooing-et-coiffure","10":"product_tag-soins-lotions-et-serums","12":"first","13":"instock","14":"taxable","15":"shipping-taxable","16":"purchasable","17":"product-type-simple","18":"layout-style-3","19":"col-md-4 col-sm-4 col-xs-6","20":"col-lg-3","21":"product-has-gallery","22":"product-style-default"},"aioseo_notices":[],"brands":[{"id":646,"name":"Schwarzkopf Professional","slug":"schwarzkopf-professional"}],"_links":{"self":[{"href":"https:\/\/cheveuxluxe.com\/index.php\/wp-json\/wp\/v2\/product\/29904","targetHints":{"allow":["GET"]}}],"collection":[{"href":"https:\/\/cheveuxluxe.com\/index.php\/wp-json\/wp\/v2\/product"}],"about":[{"href":"https:\/\/cheveuxluxe.com\/index.php\/wp-json\/wp\/v2\/types\/product"}],"replies":[{"embeddable":true,"href":"https:\/\/cheveuxluxe.com\/index.php\/wp-json\/wp\/v2\/comments?post=29904"}],"version-history":[{"count":0,"href":"https:\/\/cheveuxluxe.com\/index.php\/wp-json\/wp\/v2\/product\/29904\/revisions"}],"wp:featuredmedia":[{"embeddable":true,"href":"https:\/\/cheveuxluxe.com\/index.php\/wp-json\/wp\/v2\/media\/29898"}],"wp:attachment":[{"href":"https:\/\/cheveuxluxe.com\/index.php\/wp-json\/wp\/v2\/media?parent=29904"}],"wp:term":[{"taxonomy":"pwb-brand","embeddable":true,"href":"https:\/\/cheveuxluxe.com\/index.php\/wp-json\/wp\/v2\/pwb-brand?post=29904"},{"taxonomy":"product_cat","embeddable":true,"href":"https:\/\/cheveuxluxe.com\/index.php\/wp-json\/wp\/v2\/product_cat?post=29904"},{"taxonomy":"product_tag","embeddable":true,"href":"https:\/\/cheveuxluxe.com\/index.php\/wp-json\/wp\/v2\/product_tag?post=29904"}],"curies":[{"name":"wp","href":"https:\/\/api.w.org\/{rel}","templated":true}]}}