{"id":29911,"date":"2024-04-09T22:24:58","date_gmt":"2024-04-09T22:24:58","guid":{"rendered":"https:\/\/cheveuxluxe.com\/index.php\/product\/schwarzkopf-professional-bonacure-root-serum-activateur-100-ml\/"},"modified":"2024-04-13T14:01:10","modified_gmt":"2024-04-13T14:01:10","slug":"schwarzkopf-professional-bonacure-root-serum-activateur-100-ml","status":"publish","type":"product","link":"https:\/\/cheveuxluxe.com\/index.php\/product\/schwarzkopf-professional-bonacure-root-serum-activateur-100-ml\/","title":{"rendered":"Schwarzkopf Professional Bonacure Root S\u00e9rum Activateur 100 ml"},"content":{"rendered":"<div class=\"product-content_bottom\">\n<div class=\"pdp-info\">\n<div class=\"pdp-tabs tab-container\">\n<div class=\"tab js-tab\">\n<h3 class=\"tab-title pdp-tabs_title js-tab-mobile-title open\"><span>Points cl\u00e9s<\/span><\/h3>\n<div class=\"tab-description pdp-tabs_description js-tab-description open\" itemprop=\"description\">\n<ul>\n<li>Dynamise le cuir chevelu et stimule les racines<\/li>\n<li>Stimule la micro-circulation<\/li>\n<li>Sanguine du cuir chevelu pour r\u00e9duire la perte de cheveux non-pathologique apr\u00e8s 6 semaines<\/li>\n<li>Am\u00e9liore la production de HGF (facteur de croissance des h\u00e9patocytes). Formule l\u00e9g\u00e8re, non grasse et \u00e0 l&rsquo;absorption rapide<\/li>\n<li>R\u00e9\u00e9quilibre le cuir chevelu et garantit une qualit\u00e9 de cheveux optimale<\/li>\n<\/ul>\n<\/div>\n<\/div>\n<div class=\"tab js-tab\">\n<h3 class=\"tab-title pdp-tabs_title js-tab-mobile-title\"><span>Description<\/span><\/h3>\n<div class=\"tab-description pdp-tabs_description js-tab-description\" itemprop=\"description\">Sp\u00e9cialement formul\u00e9 pour les cheveux fragiles et clairsem\u00e9s, BC Bonacure S\u00e9rum Activateur r\u00e9duit la perte de cheveux non-pathologique* en stimulant les racines** et le cuir chevelu, gr\u00e2ce \u00e0 un unique m\u00e9lange de composants. La formule v\u00e9gane****, sans silicone ni colorants artificiels***, au pH neutre et \u00e0 l&rsquo;asborption rapide contient un complexe de super-aliments au Guarana et \u00e0 la Biotine donnant une impression de cheveux plus dense. Le cuir chevelu est r\u00e9\u00e9quilibr\u00e9 et la qualit\u00e9 future des cheveux garantit. Peut \u00eatre utilis\u00e9 quotidiennement.<\/div>\n<\/div>\n<div class=\"tab js-tab\">\n<h3 class=\"tab-title pdp-tabs_title js-tab-mobile-title\"><span>Mode d&#8217;emploi<\/span><\/h3>\n<div class=\"tab-description pdp-tabs_description js-tab-description\">Faire des s\u00e9parations sur cheveux secs ou humides et appliquer deux fois par jour. R\u00e9partir le S\u00e9rum Activateur sur le cuir chevelu et masser doucement. Ne pas rincer<\/div>\n<\/div>\n<div class=\"tab js-tab\">\n<h3 class=\"tab-title pdp-tabs_title js-tab-mobile-title\"><span>Ingr\u00e9dients<\/span><\/h3>\n<div class=\"tab-description pdp-tabs_description js-tab-description\">Aqua (Water, Eau), Alcohol denat., Propylene Glycol, Biotin, Paullinia Cupana Seed Extract, Carnitine, Taurine, Echinacea Purpurea Extract, PEG-40 Hydrogenated Castor Oil, Parfum (Fragrance), Tartaric Acid, Panthenol, Sodium Hydroxide, Glycerin, Limonene, Citronellol, Sorbitol, Sodium Benzoate, Hydrolyzed Rice Extract, Benzyl Alcohol, Phenoxyethanol, Hydrolyzed Soybean Extract, Citric Acid<\/div>\n<\/div>\n<div class=\"tab js-tab\">\n<h3 class=\"tab-title pdp-tabs_title js-tab-mobile-title\"><span>Livraison et stock<\/span><\/h3>\n<div class=\"tab-description pdp-tabs_description js-tab-description\">\n<div class=\"pdp-delivery_info\">\n<div class=\"content-asset\">Livraison et d\u00e9laisRetours et remboursements<\/div>\n<\/div>\n<\/div>\n<\/div>\n<div class=\"tab js-tab\">\n<h3 class=\"tab-title pdp-tabs_title js-tab-mobile-title\"><span>Pr\u00e9cautions d&#8217;emploi<\/span><\/h3>\n<div class=\"tab-description pdp-tabs_description js-tab-description\">\u00c9viter le contact avec les yeux. En cas de contact, laver imm\u00e9diatement et abondamment avec de l&rsquo;eau. Garder hors de port\u00e9e des enfants.<\/div>\n<\/div>\n<\/div>\n<\/div>\n<\/div>\n","protected":false},"excerpt":{"rendered":"<p>Points cl\u00e9s Dynamise le cuir chevelu et stimule les racines Stimule la micro-circulation Sanguine du&hellip;<\/p>\n","protected":false},"featured_media":29905,"comment_status":"open","ping_status":"closed","template":"","meta":[],"pwb-brand":[646],"product_cat":[588],"product_tag":[319,127,140],"class_list":{"0":"post-29911","1":"product","2":"type-product","3":"status-publish","4":"has-post-thumbnail","6":"pwb-brand-schwarzkopf-professional","7":"product_cat-soins-lotions-et-serums","8":"product_tag-schwarzkopf-professional","9":"product_tag-shampooing-et-coiffure","10":"product_tag-soins-lotions-et-serums","12":"first","13":"instock","14":"taxable","15":"shipping-taxable","16":"purchasable","17":"product-type-simple","18":"layout-style-3","19":"col-md-4 col-sm-4 col-xs-6","20":"col-lg-3","21":"product-has-gallery","22":"product-style-default"},"aioseo_notices":[],"brands":[{"id":646,"name":"Schwarzkopf Professional","slug":"schwarzkopf-professional"}],"_links":{"self":[{"href":"https:\/\/cheveuxluxe.com\/index.php\/wp-json\/wp\/v2\/product\/29911","targetHints":{"allow":["GET"]}}],"collection":[{"href":"https:\/\/cheveuxluxe.com\/index.php\/wp-json\/wp\/v2\/product"}],"about":[{"href":"https:\/\/cheveuxluxe.com\/index.php\/wp-json\/wp\/v2\/types\/product"}],"replies":[{"embeddable":true,"href":"https:\/\/cheveuxluxe.com\/index.php\/wp-json\/wp\/v2\/comments?post=29911"}],"version-history":[{"count":0,"href":"https:\/\/cheveuxluxe.com\/index.php\/wp-json\/wp\/v2\/product\/29911\/revisions"}],"wp:featuredmedia":[{"embeddable":true,"href":"https:\/\/cheveuxluxe.com\/index.php\/wp-json\/wp\/v2\/media\/29905"}],"wp:attachment":[{"href":"https:\/\/cheveuxluxe.com\/index.php\/wp-json\/wp\/v2\/media?parent=29911"}],"wp:term":[{"taxonomy":"pwb-brand","embeddable":true,"href":"https:\/\/cheveuxluxe.com\/index.php\/wp-json\/wp\/v2\/pwb-brand?post=29911"},{"taxonomy":"product_cat","embeddable":true,"href":"https:\/\/cheveuxluxe.com\/index.php\/wp-json\/wp\/v2\/product_cat?post=29911"},{"taxonomy":"product_tag","embeddable":true,"href":"https:\/\/cheveuxluxe.com\/index.php\/wp-json\/wp\/v2\/product_tag?post=29911"}],"curies":[{"name":"wp","href":"https:\/\/api.w.org\/{rel}","templated":true}]}}