{"id":29918,"date":"2024-04-09T22:25:18","date_gmt":"2024-04-09T22:25:18","guid":{"rendered":"https:\/\/cheveuxluxe.com\/index.php\/product\/schwarzkopf-bonacure-scalp-serum-apaisant-100-ml\/"},"modified":"2024-04-13T14:01:11","modified_gmt":"2024-04-13T14:01:11","slug":"schwarzkopf-bonacure-scalp-serum-apaisant-100-ml","status":"publish","type":"product","link":"https:\/\/cheveuxluxe.com\/index.php\/product\/schwarzkopf-bonacure-scalp-serum-apaisant-100-ml\/","title":{"rendered":"Schwarzkopf Bonacure Scalp S\u00e9rum Apaisant 100 ml"},"content":{"rendered":"<div class=\"product-content_bottom\">\n<div class=\"pdp-info\">\n<div class=\"pdp-tabs tab-container\">\n<div class=\"tab js-tab\">\n<h3 class=\"tab-title pdp-tabs_title js-tab-mobile-title open\"><span>Points cl\u00e9s<\/span><\/h3>\n<div class=\"tab-description pdp-tabs_description js-tab-description open\" itemprop=\"description\">\n<ul>\n<li>Apaise, relaxe et r\u00e9\u00e9quilibre instantan\u00e9ment le cuir chevelu<\/li>\n<li>Aide \u00e0 apaiser et \u00e0 prot\u00e9ger le cuir chevelu de la s\u00e9cheresse, des d\u00e9mangeaisons et de la sensibilit\u00e9<\/li>\n<li>Formule l\u00e9g\u00e8re, non grasse et \u00e0 l&rsquo;absorption rapide<\/li>\n<li>Peut \u00eatre utilis\u00e9 apr\u00e8s un service technique pour apaiser un cuir chevelu irrit\u00e9<\/li>\n<li>R\u00e9\u00e9quilibre le cuir chevelu et garantit une qualit\u00e9 de cheveux optimale<\/li>\n<\/ul>\n<\/div>\n<\/div>\n<div class=\"tab js-tab\">\n<h3 class=\"tab-title pdp-tabs_title js-tab-mobile-title\"><span>Description<\/span><\/h3>\n<div class=\"tab-description pdp-tabs_description js-tab-description\" itemprop=\"description\">Test\u00e9 dermatologiquement pour \u00eatre utilis\u00e9 sur les cuirs chevelus secs, sensibles, et sujets aux irritations. La formule v\u00e9gane** et sans silicone ni colorantsartificiels*, contient un complexe de super-alimentsavec du Kale et de la Mad\u00e9cassoside.<\/p>\n<p>BonacureScalp S\u00e9rum Apaisant calme le cuir chevelu,avec une sensation d&rsquo;hydratation, apr\u00e8s seulementune application. Le cuir chevelu est r\u00e9\u00e9quilibr\u00e9et la qualit\u00e9 futures de cheveux garantit. Peut \u00eatre utilis\u00e9 quotidiennement.<\/p><\/div>\n<\/div>\n<div class=\"tab js-tab\">\n<h3 class=\"tab-title pdp-tabs_title js-tab-mobile-title\"><span>Mode d&#8217;emploi<\/span><\/h3>\n<div class=\"tab-description pdp-tabs_description js-tab-description\">Faire des s\u00e9parations sur cheveux propres et humides. R\u00e9partir le S\u00e9rum Apaisant sur le cuir chevelu et masser doucement. Ne pas rincer.<\/div>\n<\/div>\n<div class=\"tab js-tab\">\n<h3 class=\"tab-title pdp-tabs_title js-tab-mobile-title\"><span>Ingr\u00e9dients<\/span><\/h3>\n<div class=\"tab-description pdp-tabs_description js-tab-description\">Aqua (Water, Eau), Madecassoside, Brassica Oleracea Acephala Leaf Extract, Bisabolol, Allantoin, PEG-40 Hydrogenated Castor Oil, Glycerin, Parfum (Fragrance), Phenoxyethanol, Carbomer, Aminomethyl Propanol, Sodium Benzoate, Panthenol, Lactic Acid, Farnesol, Hydrolyzed Rice Extract, Potassium Sorbate, Citric Acid, Hydrolyzed Soybean Extract<\/div>\n<\/div>\n<div class=\"tab js-tab\">\n<h3 class=\"tab-title pdp-tabs_title js-tab-mobile-title\"><span>Livraison et stock<\/span><\/h3>\n<div class=\"tab-description pdp-tabs_description js-tab-description\">\n<div class=\"pdp-delivery_info\">\n<div class=\"content-asset\">Livraison et d\u00e9laisRetours et remboursements<\/div>\n<\/div>\n<\/div>\n<\/div>\n<div class=\"tab js-tab\">\n<h3 class=\"tab-title pdp-tabs_title js-tab-mobile-title\"><span>Pr\u00e9cautions d&#8217;emploi<\/span><\/h3>\n<div class=\"tab-description pdp-tabs_description js-tab-description\">\u00c9viter le contact avec les yeux. En cas de contact, laver imm\u00e9diatement et abondamment avec de l&rsquo;eau. Garder hors de port\u00e9e des enfants.<\/div>\n<\/div>\n<\/div>\n<\/div>\n<\/div>\n","protected":false},"excerpt":{"rendered":"<p>Points cl\u00e9s Apaise, relaxe et r\u00e9\u00e9quilibre instantan\u00e9ment le cuir chevelu Aide \u00e0 apaiser et \u00e0&hellip;<\/p>\n","protected":false},"featured_media":29912,"comment_status":"open","ping_status":"closed","template":"","meta":[],"pwb-brand":[646],"product_cat":[588],"product_tag":[319,127,140],"class_list":{"0":"post-29918","1":"product","2":"type-product","3":"status-publish","4":"has-post-thumbnail","6":"pwb-brand-schwarzkopf-professional","7":"product_cat-soins-lotions-et-serums","8":"product_tag-schwarzkopf-professional","9":"product_tag-shampooing-et-coiffure","10":"product_tag-soins-lotions-et-serums","12":"first","13":"instock","14":"taxable","15":"shipping-taxable","16":"purchasable","17":"product-type-simple","18":"layout-style-3","19":"col-md-4 col-sm-4 col-xs-6","20":"col-lg-3","21":"product-has-gallery","22":"product-style-default"},"aioseo_notices":[],"brands":[{"id":646,"name":"Schwarzkopf Professional","slug":"schwarzkopf-professional"}],"_links":{"self":[{"href":"https:\/\/cheveuxluxe.com\/index.php\/wp-json\/wp\/v2\/product\/29918","targetHints":{"allow":["GET"]}}],"collection":[{"href":"https:\/\/cheveuxluxe.com\/index.php\/wp-json\/wp\/v2\/product"}],"about":[{"href":"https:\/\/cheveuxluxe.com\/index.php\/wp-json\/wp\/v2\/types\/product"}],"replies":[{"embeddable":true,"href":"https:\/\/cheveuxluxe.com\/index.php\/wp-json\/wp\/v2\/comments?post=29918"}],"version-history":[{"count":0,"href":"https:\/\/cheveuxluxe.com\/index.php\/wp-json\/wp\/v2\/product\/29918\/revisions"}],"wp:featuredmedia":[{"embeddable":true,"href":"https:\/\/cheveuxluxe.com\/index.php\/wp-json\/wp\/v2\/media\/29912"}],"wp:attachment":[{"href":"https:\/\/cheveuxluxe.com\/index.php\/wp-json\/wp\/v2\/media?parent=29918"}],"wp:term":[{"taxonomy":"pwb-brand","embeddable":true,"href":"https:\/\/cheveuxluxe.com\/index.php\/wp-json\/wp\/v2\/pwb-brand?post=29918"},{"taxonomy":"product_cat","embeddable":true,"href":"https:\/\/cheveuxluxe.com\/index.php\/wp-json\/wp\/v2\/product_cat?post=29918"},{"taxonomy":"product_tag","embeddable":true,"href":"https:\/\/cheveuxluxe.com\/index.php\/wp-json\/wp\/v2\/product_tag?post=29918"}],"curies":[{"name":"wp","href":"https:\/\/api.w.org\/{rel}","templated":true}]}}