{"id":29921,"date":"2024-04-09T22:25:23","date_gmt":"2024-04-09T22:25:23","guid":{"rendered":"https:\/\/cheveuxluxe.com\/index.php\/product\/redken-acidic-perfecting-lotion-sans-rincage-150ml\/"},"modified":"2024-04-13T14:14:55","modified_gmt":"2024-04-13T14:14:55","slug":"redken-acidic-perfecting-lotion-sans-rincage-150ml","status":"publish","type":"product","link":"https:\/\/cheveuxluxe.com\/index.php\/product\/redken-acidic-perfecting-lotion-sans-rincage-150ml\/","title":{"rendered":"Redken Acidic Perfecting Lotion sans rin\u00e7age 150ml"},"content":{"rendered":"<div class=\"product-content_bottom\">\n<div class=\"pdp-info\">\n<div class=\"pdp-tabs tab-container\">\n<div class=\"tab js-tab\">\n<h3 class=\"tab-title pdp-tabs_title js-tab-mobile-title open\"><span>Points cl\u00e9s<\/span><\/h3>\n<div class=\"tab-description pdp-tabs_description js-tab-description open\" itemprop=\"description\">\n<ul>\n<li>Ce soin sans rin\u00e7age pour cheveux ab\u00eem\u00e9s aide \u00e0 renforcer les cheveux, \u00e0 consolider les liens affaiblis dans les cheveux et \u00e0 pr\u00e9venir des cassures.<\/li>\n<li>Notre 1er service de soin pro Redken sur mesure qui r\u00e9\u00e9quilibre les 3 composants cl\u00e9s pour des cheveux en parfaite sant\u00e9.<\/li>\n<li>Notre soin le plus concentr\u00e9 pour une r\u00e9paration optimale et une protection des cheveux.<\/li>\n<li>Pour tous les types et toutes les textures de cheveux.<\/li>\n<\/ul>\n<\/div>\n<\/div>\n<div class=\"tab js-tab\">\n<h3 class=\"tab-title pdp-tabs_title js-tab-mobile-title\"><span>Description<\/span><\/h3>\n<div class=\"tab-description pdp-tabs_description js-tab-description\" itemprop=\"description\">Redken Acidic Bonding Concentrate Leave-In Treatmen est la formule r\u00e9paratrice tout-en-un la plus concentr\u00e9e de Redken pour tous les types de cheveux endommag\u00e9s.<br \/>Ce traitement sans rin\u00e7age offre une r\u00e9paration puissante, un soin intense, prot\u00e8ge contre la d\u00e9coloration des cheveux et apporte de la brillance. <\/p>\n<p>5% COMPLEXE DE SOIN BONDING AVEC DE L\u2019ACIDE CITRIQUE<br \/>Aide \u00e0 r\u00e9parer et revitaliser les cheveux tout en renfor\u00e7ant les liens affaiblies<\/p>\n<p>SILICONES DE HAUTE QUALIT\u00c9<br \/>Revitalisent et apporte de la brillance<\/div>\n<\/div>\n<div class=\"tab js-tab\">\n<h3 class=\"tab-title pdp-tabs_title js-tab-mobile-title\"><span>Mode d&#8217;emploi<\/span><\/h3>\n<div class=\"tab-description pdp-tabs_description js-tab-description\">Il est recommand\u00e9 d&rsquo;effectuer le traitement complet avec le shampooing et l&rsquo;apr\u00e8s-shampooing Acidic Bonding Concentrate.<br \/>Appliquer sur des cheveux lav\u00e9s et humides.<br \/>Ne pas rincer.<br \/>Styl\u00e9 comme d&rsquo;habitude.<br \/>\u00c9vitez tout contact avec les yeux.<\/div>\n<\/div>\n<div class=\"tab js-tab\">\n<h3 class=\"tab-title pdp-tabs_title js-tab-mobile-title\"><span>Ingr\u00e9dients<\/span><\/h3>\n<div class=\"tab-description pdp-tabs_description js-tab-description\">AQUA \/ WATER \/ EAU DIMETHICONE CETEARYL ALCOHOL AMODIMETHICONE PHENOXYETHANOL POLYQUATERNIUM-37 DIMETHICONOL PARFUM \/ FRAGRANCE PROPYLENE GLYCOL DICAPRYLATE\/DICAPRATE TRIDECETH-5 STEARETH-20 CETYL HYDROXYETHYLCELLULOSE GLYCERIN CITRIC ACID LIMONENE PPG-1 TRIDECETH-6 TRIDECETH-10 SODIUM HYDROXIDE CHLORHEXIDINE DIGLUCONATE SORBITAN OLEATE ACETIC ACID LINALOOL CITRONELLOL CITRAL EUGENOL<\/div>\n<\/div>\n<div class=\"tab js-tab\">\n<h3 class=\"tab-title pdp-tabs_title js-tab-mobile-title\"><span>Livraison et stock<\/span><\/h3>\n<div class=\"tab-description pdp-tabs_description js-tab-description\">\n<div class=\"pdp-delivery_info\">\n<div class=\"content-asset\">Livraison et d\u00e9laisRetours et remboursements<\/div>\n<\/div>\n<\/div>\n<\/div>\n<\/div>\n<\/div>\n<\/div>\n","protected":false},"excerpt":{"rendered":"<p>Points cl\u00e9s Ce soin sans rin\u00e7age pour cheveux ab\u00eem\u00e9s aide \u00e0 renforcer les cheveux, \u00e0&hellip;<\/p>\n","protected":false},"featured_media":21501,"comment_status":"open","ping_status":"closed","template":"","meta":[],"pwb-brand":[647],"product_cat":[600],"product_tag":[144,321,127],"class_list":{"0":"post-29921","1":"product","2":"type-product","3":"status-publish","4":"has-post-thumbnail","6":"pwb-brand-redken","7":"product_cat-lissage-et-keratine","8":"product_tag-lissage-et-keratine","9":"product_tag-redken","10":"product_tag-shampooing-et-coiffure","12":"first","13":"instock","14":"taxable","15":"shipping-taxable","16":"purchasable","17":"product-type-simple","18":"layout-style-3","19":"col-md-4 col-sm-4 col-xs-6","20":"col-lg-3","21":"product-has-gallery","22":"product-style-default"},"aioseo_notices":[],"brands":[{"id":647,"name":"Redken","slug":"redken"}],"_links":{"self":[{"href":"https:\/\/cheveuxluxe.com\/index.php\/wp-json\/wp\/v2\/product\/29921","targetHints":{"allow":["GET"]}}],"collection":[{"href":"https:\/\/cheveuxluxe.com\/index.php\/wp-json\/wp\/v2\/product"}],"about":[{"href":"https:\/\/cheveuxluxe.com\/index.php\/wp-json\/wp\/v2\/types\/product"}],"replies":[{"embeddable":true,"href":"https:\/\/cheveuxluxe.com\/index.php\/wp-json\/wp\/v2\/comments?post=29921"}],"version-history":[{"count":0,"href":"https:\/\/cheveuxluxe.com\/index.php\/wp-json\/wp\/v2\/product\/29921\/revisions"}],"wp:featuredmedia":[{"embeddable":true,"href":"https:\/\/cheveuxluxe.com\/index.php\/wp-json\/wp\/v2\/media\/21501"}],"wp:attachment":[{"href":"https:\/\/cheveuxluxe.com\/index.php\/wp-json\/wp\/v2\/media?parent=29921"}],"wp:term":[{"taxonomy":"pwb-brand","embeddable":true,"href":"https:\/\/cheveuxluxe.com\/index.php\/wp-json\/wp\/v2\/pwb-brand?post=29921"},{"taxonomy":"product_cat","embeddable":true,"href":"https:\/\/cheveuxluxe.com\/index.php\/wp-json\/wp\/v2\/product_cat?post=29921"},{"taxonomy":"product_tag","embeddable":true,"href":"https:\/\/cheveuxluxe.com\/index.php\/wp-json\/wp\/v2\/product_tag?post=29921"}],"curies":[{"name":"wp","href":"https:\/\/api.w.org\/{rel}","templated":true}]}}