{"id":29924,"date":"2024-04-09T22:25:26","date_gmt":"2024-04-09T22:25:26","guid":{"rendered":"https:\/\/cheveuxluxe.com\/index.php\/product\/redken-extreme-anti-snap-240ml\/"},"modified":"2024-04-13T14:10:57","modified_gmt":"2024-04-13T14:10:57","slug":"redken-extreme-anti-snap-240ml","status":"publish","type":"product","link":"https:\/\/cheveuxluxe.com\/index.php\/product\/redken-extreme-anti-snap-240ml\/","title":{"rendered":"Redken Extreme Anti-Snap 240ml"},"content":{"rendered":"<div class=\"product-content_bottom\">\n<div class=\"pdp-info\">\n<div class=\"pdp-tabs tab-container\">\n<div class=\"tab js-tab\">\n<h3 class=\"tab-title pdp-tabs_title js-tab-mobile-title open\"><span>Points cl\u00e9s<\/span><\/h3>\n<div class=\"tab-description pdp-tabs_description js-tab-description open\" itemprop=\"description\">\n<ul>\n<li>Lisse les cuticules<\/li>\n<li>R\u00e9duit la casse<\/li>\n<li>Fortifie et Restaure<\/li>\n<li>Prot\u00e9ine de soja<\/li>\n<\/ul>\n<\/div>\n<\/div>\n<div class=\"tab js-tab\">\n<h3 class=\"tab-title pdp-tabs_title js-tab-mobile-title\"><span>Description<\/span><\/h3>\n<div class=\"tab-description pdp-tabs_description js-tab-description\" itemprop=\"description\">ANTI-SNAP: LISSE LES CUTICULES DES CHEVEUX, R\u00c9DUIT LA CASSE ET FORTIFIE.<\/p>\n<p>RESTAURE LES CHEVEUX ET R\u00c9PARE LES CUTICULES POUR LES RENDRE BRILLANTS. C\u00c9RAMIDE P\u00c9N\u00c8TRE LES CUTICULES DE L\u2018INT\u00c9RIEUR POUR RESTAURER LA STRUCTURE DU CHEVEU.<\/p>\n<p>RCT COMPLEX EST COMPOS\u00c9 DE PROT\u00c9INE DE SOJA QUI APPORTE DE LA STRUCTURE \u00c0 LA RACINE, D\u2018ARGININE QUI NOURRIT LES CHEVEUX PROFOND\u00c9MENT JUSQU\u2018AU CORTEX ET DE SEPICAP QUI RESTAURE LES POINTES DES CHEVEUX.<\/p><\/div>\n<\/div>\n<div class=\"tab js-tab\">\n<h3 class=\"tab-title pdp-tabs_title js-tab-mobile-title\"><span>Mode d&#8217;emploi<\/span><\/h3>\n<div class=\"tab-description pdp-tabs_description js-tab-description\">APR\u00c8S LE SHAMPOOING, APPLIQUER LE TRAITEMENT ANTI-SNAP SUR LES CHEVEUX AFFAIBLIS OU LES ENDROITS SENSIBLES. NE PAS RINCER. POUR UNE ACTION PLUS IMPORTANTE, LE TRAITEMENT ANTI-SNAP PEUT \u00caTRE APPLIQU\u00c9 SUIVANT L&rsquo;APR\u00c8S-SHAMPOOING.<\/div>\n<\/div>\n<div class=\"tab js-tab\">\n<h3 class=\"tab-title pdp-tabs_title js-tab-mobile-title\"><span>Ingr\u00e9dients<\/span><\/h3>\n<div class=\"tab-description pdp-tabs_description js-tab-description\">AQUA\/WATER\/EAU, POLYACRYLAMIDE, PHENOXYETHANOL, AMODIMETHICONE, C13-14 ISOPARAFFIN, ISOPROPYL MYRISTATE, PARFUM\/FRAGRANCE LAURETH-7, XYLOSE, HYDROLYZED SOY PROTEIN, TRIDECETH-6, HYDROLYZED VEGETABLE PROTEIN PG-PROPYL SILANETRIOL, ARGININE, CITRIC ACID, CETYL ALCOHOL, CETRIMONIUM CHLORIDE, BEHENTRIMONIUM METHOSULFATE, BENZYL BENZOATE, QUATERNIUM-33, LIMONENE, BENZYL ALCOHOL, LINALOOL, 2-OLEAMIDO-1, 3-OCTADECANEDIOL (D162261\/2)<\/div>\n<\/div>\n<div class=\"tab js-tab\">\n<h3 class=\"tab-title pdp-tabs_title js-tab-mobile-title\"><span>Livraison et stock<\/span><\/h3>\n<div class=\"tab-description pdp-tabs_description js-tab-description\">\n<div class=\"pdp-delivery_info\">\n<div class=\"content-asset\">Livraison et d\u00e9laisRetours et remboursements<\/div>\n<\/div>\n<\/div>\n<\/div>\n<\/div>\n<\/div>\n<\/div>\n","protected":false},"excerpt":{"rendered":"<p>Points cl\u00e9s Lisse les cuticules R\u00e9duit la casse Fortifie et Restaure Prot\u00e9ine de soja Description&hellip;<\/p>\n","protected":false},"featured_media":22100,"comment_status":"open","ping_status":"closed","template":"","meta":[],"pwb-brand":[647],"product_cat":[598],"product_tag":[321,127,599],"class_list":{"0":"post-29924","1":"product","2":"type-product","3":"status-publish","4":"has-post-thumbnail","6":"pwb-brand-redken","7":"product_cat-type-de-cheveux","8":"product_tag-redken","9":"product_tag-shampooing-et-coiffure","10":"product_tag-type-de-cheveux","12":"first","13":"instock","14":"taxable","15":"shipping-taxable","16":"purchasable","17":"product-type-simple","18":"layout-style-3","19":"col-md-4 col-sm-4 col-xs-6","20":"col-lg-3","21":"product-has-gallery","22":"product-style-default"},"aioseo_notices":[],"brands":[{"id":647,"name":"Redken","slug":"redken"}],"_links":{"self":[{"href":"https:\/\/cheveuxluxe.com\/index.php\/wp-json\/wp\/v2\/product\/29924","targetHints":{"allow":["GET"]}}],"collection":[{"href":"https:\/\/cheveuxluxe.com\/index.php\/wp-json\/wp\/v2\/product"}],"about":[{"href":"https:\/\/cheveuxluxe.com\/index.php\/wp-json\/wp\/v2\/types\/product"}],"replies":[{"embeddable":true,"href":"https:\/\/cheveuxluxe.com\/index.php\/wp-json\/wp\/v2\/comments?post=29924"}],"version-history":[{"count":0,"href":"https:\/\/cheveuxluxe.com\/index.php\/wp-json\/wp\/v2\/product\/29924\/revisions"}],"wp:featuredmedia":[{"embeddable":true,"href":"https:\/\/cheveuxluxe.com\/index.php\/wp-json\/wp\/v2\/media\/22100"}],"wp:attachment":[{"href":"https:\/\/cheveuxluxe.com\/index.php\/wp-json\/wp\/v2\/media?parent=29924"}],"wp:term":[{"taxonomy":"pwb-brand","embeddable":true,"href":"https:\/\/cheveuxluxe.com\/index.php\/wp-json\/wp\/v2\/pwb-brand?post=29924"},{"taxonomy":"product_cat","embeddable":true,"href":"https:\/\/cheveuxluxe.com\/index.php\/wp-json\/wp\/v2\/product_cat?post=29924"},{"taxonomy":"product_tag","embeddable":true,"href":"https:\/\/cheveuxluxe.com\/index.php\/wp-json\/wp\/v2\/product_tag?post=29924"}],"curies":[{"name":"wp","href":"https:\/\/api.w.org\/{rel}","templated":true}]}}