{"id":29936,"date":"2024-04-09T22:25:57","date_gmt":"2024-04-09T22:25:57","guid":{"rendered":"https:\/\/cheveuxluxe.com\/index.php\/product\/redken-acidic-concentre-de-proteines-aminees-10ml-x10\/"},"modified":"2024-04-13T14:15:14","modified_gmt":"2024-04-13T14:15:14","slug":"redken-acidic-concentre-de-proteines-aminees-10ml-x10","status":"publish","type":"product","link":"https:\/\/cheveuxluxe.com\/index.php\/product\/redken-acidic-concentre-de-proteines-aminees-10ml-x10\/","title":{"rendered":"Redken Acidic Concentr\u00e9 de Prot\u00e9ines Amin\u00e9es 10ml x10"},"content":{"rendered":"<div class=\"product-content_bottom\">\n<div class=\"pdp-info\">\n<div class=\"pdp-tabs tab-container\">\n<div class=\"tab js-tab\">\n<h3 class=\"tab-title pdp-tabs_title js-tab-mobile-title open\"><span>Points cl\u00e9s<\/span><\/h3>\n<div class=\"tab-description pdp-tabs_description js-tab-description open\" itemprop=\"description\">\n<ul>\n<li>Aide \u00e0 renforcer les cheveux et \u00e0 r\u00e9duire les cassures<\/li>\n<li>Pour des cheveux en parfaite sant\u00e9<\/li>\n<li>Notre soin le plus concentr\u00e9<\/li>\n<li>Pour tous les types et toutes les textures de cheveux<\/li>\n<\/ul>\n<\/div>\n<\/div>\n<div class=\"tab js-tab\">\n<h3 class=\"tab-title pdp-tabs_title js-tab-mobile-title\"><span>Description<\/span><\/h3>\n<div class=\"tab-description pdp-tabs_description js-tab-description\" itemprop=\"description\">Soin professionnel sur mesure avec 3 ingr\u00e9dients cl\u00e9s pour des cheveux en parfaite sant\u00e9 : Prot\u00e9ines, hydratation et un pH \u00e9quilibr\u00e9 acide. Acidic Protein Amino Concentrate aide \u00e0 r\u00e9duire les cassures et \u00e0 redonner de la force aux cheveux. Convient aux cheveux color\u00e9s. 88% de casses en moins apr\u00e8s une seule utilisation. R\u00e9pare les dommages jusqu&rsquo;\u00e0 un an en arri\u00e8re lorsque la routine Acidic Bonding Concentratee est appliqu\u00e9e. Formul\u00e9 avec 12 % d&rsquo;\u00e9l\u00e9ments cationiques + acides amin\u00e9s. Pour un usage professionnel uniquement.<\/div>\n<\/div>\n<div class=\"tab js-tab\">\n<h3 class=\"tab-title pdp-tabs_title js-tab-mobile-title\"><span>Mode d&#8217;emploi<\/span><\/h3>\n<div class=\"tab-description pdp-tabs_description js-tab-description\">Utilisation : Appliquer jusqu&rsquo;\u00e0 15 ml (1 dose = 5 ml) d&rsquo;Acidic Protein Amino Concentrate sur les cheveux s\u00e9ch\u00e9s \u00e0 la serviette. Si n\u00e9cessaire, m\u00e9langer avec Acidic Moisture Concentrate et appliquer. Laissez reposer pendant 5 minutes. Ne pas rincer. Terminer avec le pH Sealer. En cas de contact avec les yeux, rincez-les imm\u00e9diatement.<\/div>\n<\/div>\n<div class=\"tab js-tab\">\n<h3 class=\"tab-title pdp-tabs_title js-tab-mobile-title\"><span>Ingr\u00e9dients<\/span><\/h3>\n<div class=\"tab-description pdp-tabs_description js-tab-description\">AQUA \/ WATER OCTYLDODECANOL BEHENTRIMONIUM CHLORIDE CETEARYL ALCOHOL AMODIMETHICONE ARGININE GLUTAMIC ACID GLYCERIN PEG-40\/PPG-8 METHYLAMINOPROPYL\/HYDROXYPROPYL DIMETHICONE COPOLYMER POLYQUATERNIUM-37 ISOPROPYL ALCOHOL PROPYLENE GLYCOL DICAPRYLATE\/DICAPRATE CITRIC ACID DIPROPYLENE GLYCOL PHENOXYETHANOL HYDROXYETHYLCELLULOSE PARFUM \/ FRAGRANCE POLYQUATERNIUM-10 POLYSORBATE 20 PPG-1 TRIDECETH-6 TRIDECETH-6 HYDROLYZED VEGETABLE PROTEIN PG-PROPYL SILANETRIOL CETYL ALCOHOL SORBITAN OLEATE BEHENTRIMONIUM METHOSULFATECHLORHEXIDINE DIGLUCONATE CETRIMONIUM CHLORIDE QUATERNIUM-33 BENZYL ALCOHOL LINALOOL HEXYL CINNAMAL POTASSIUM SORBATE<\/div>\n<\/div>\n<div class=\"tab js-tab\">\n<h3 class=\"tab-title pdp-tabs_title js-tab-mobile-title\"><span>Livraison et stock<\/span><\/h3>\n<div class=\"tab-description pdp-tabs_description js-tab-description\">\n<div class=\"pdp-delivery_info\">\n<div class=\"content-asset\">Livraison et d\u00e9laisRetours et remboursements<\/div>\n<\/div>\n<\/div>\n<\/div>\n<\/div>\n<\/div>\n<\/div>\n","protected":false},"excerpt":{"rendered":"<p>Points cl\u00e9s Aide \u00e0 renforcer les cheveux et \u00e0 r\u00e9duire les cassures Pour des cheveux&hellip;<\/p>\n","protected":false},"featured_media":20809,"comment_status":"open","ping_status":"closed","template":"","meta":[],"pwb-brand":[647],"product_cat":[600],"product_tag":[144,321,127],"class_list":{"0":"post-29936","1":"product","2":"type-product","3":"status-publish","4":"has-post-thumbnail","6":"pwb-brand-redken","7":"product_cat-lissage-et-keratine","8":"product_tag-lissage-et-keratine","9":"product_tag-redken","10":"product_tag-shampooing-et-coiffure","12":"first","13":"instock","14":"taxable","15":"shipping-taxable","16":"purchasable","17":"product-type-simple","18":"layout-style-3","19":"col-md-4 col-sm-4 col-xs-6","20":"col-lg-3","21":"product-has-gallery","22":"product-style-default"},"aioseo_notices":[],"brands":[{"id":647,"name":"Redken","slug":"redken"}],"_links":{"self":[{"href":"https:\/\/cheveuxluxe.com\/index.php\/wp-json\/wp\/v2\/product\/29936","targetHints":{"allow":["GET"]}}],"collection":[{"href":"https:\/\/cheveuxluxe.com\/index.php\/wp-json\/wp\/v2\/product"}],"about":[{"href":"https:\/\/cheveuxluxe.com\/index.php\/wp-json\/wp\/v2\/types\/product"}],"replies":[{"embeddable":true,"href":"https:\/\/cheveuxluxe.com\/index.php\/wp-json\/wp\/v2\/comments?post=29936"}],"version-history":[{"count":0,"href":"https:\/\/cheveuxluxe.com\/index.php\/wp-json\/wp\/v2\/product\/29936\/revisions"}],"wp:featuredmedia":[{"embeddable":true,"href":"https:\/\/cheveuxluxe.com\/index.php\/wp-json\/wp\/v2\/media\/20809"}],"wp:attachment":[{"href":"https:\/\/cheveuxluxe.com\/index.php\/wp-json\/wp\/v2\/media?parent=29936"}],"wp:term":[{"taxonomy":"pwb-brand","embeddable":true,"href":"https:\/\/cheveuxluxe.com\/index.php\/wp-json\/wp\/v2\/pwb-brand?post=29936"},{"taxonomy":"product_cat","embeddable":true,"href":"https:\/\/cheveuxluxe.com\/index.php\/wp-json\/wp\/v2\/product_cat?post=29936"},{"taxonomy":"product_tag","embeddable":true,"href":"https:\/\/cheveuxluxe.com\/index.php\/wp-json\/wp\/v2\/product_tag?post=29936"}],"curies":[{"name":"wp","href":"https:\/\/api.w.org\/{rel}","templated":true}]}}