{"id":29943,"date":"2024-04-09T22:26:12","date_gmt":"2024-04-09T22:26:12","guid":{"rendered":"https:\/\/cheveuxluxe.com\/index.php\/product\/redken-acidic-bonding-concentrate-apres-shampooing-fluide-190ml\/"},"modified":"2024-04-13T14:01:22","modified_gmt":"2024-04-13T14:01:22","slug":"redken-acidic-bonding-concentrate-apres-shampooing-fluide-190ml","status":"publish","type":"product","link":"https:\/\/cheveuxluxe.com\/index.php\/product\/redken-acidic-bonding-concentrate-apres-shampooing-fluide-190ml\/","title":{"rendered":"Redken Acidic Bonding Concentrate Apr\u00e8s-Shampooing Fluide 190ml"},"content":{"rendered":"<div class=\"product-content_bottom\">\n<div class=\"pdp-info\">\n<div class=\"pdp-tabs tab-container\">\n<div class=\"tab js-tab\">\n<h3 class=\"tab-title pdp-tabs_title js-tab-mobile-title open\"><span>Points cl\u00e9s<\/span><\/h3>\n<div class=\"tab-description pdp-tabs_description js-tab-description open\" itemprop=\"description\">\n<ul>\n<li>L&rsquo;apr\u00e8s-shampooing l\u00e9ger r\u00e9pare en profondeur les cheveux fins.<\/li>\n<li>B\u00e9n\u00e9fices : D\u00e9m\u00ealage 4x plus facile*<\/li>\n<li>48h de volume**<\/li>\n<li>Renforce les ponts internes du cheveu * Vs Shampooing classique ** Test consommateur \u00ab\u00a0<\/li>\n<\/ul>\n<\/div>\n<\/div>\n<div class=\"tab js-tab\">\n<h3 class=\"tab-title pdp-tabs_title js-tab-mobile-title\"><span>Description<\/span><\/h3>\n<div class=\"tab-description pdp-tabs_description js-tab-description\" itemprop=\"description\">Redken, des produits inspir\u00e9s par la science, recommand\u00e9s par les pros, pour vous redonner le pouvoir. Acidic Bonding Concentrate est un concentr\u00e9 du soin bonding \u00e0 l&rsquo;acide citrique pour une transformation imm\u00e9diate de tous types et textures de cheveux m\u00eame les plus exigeants. L&rsquo;acide citrique est un acide alpha-hydroxy pr\u00e9sent dans notre complexe de soin bonding qui aide \u00e0 fortifier les ponts affaiblis pour am\u00e9liorer la force et la r\u00e9silience des cheveux apr\u00e8s les services de d\u00e9coloration ou de coloration. Le light Conditioner r\u00e9pare en profondeur les cheveux fins. B\u00e9n\u00e9fices : D\u00e9m\u00ealage 4x plus facile* 48h de volume** Renforce les ponts internes du cheveu * Vs Shampooing classique ** Test consommateur<\/div>\n<\/div>\n<div class=\"tab js-tab\">\n<h3 class=\"tab-title pdp-tabs_title js-tab-mobile-title\"><span>Mode d&#8217;emploi<\/span><\/h3>\n<div class=\"tab-description pdp-tabs_description js-tab-description\">Apr\u00e8s utilisation du shampooing Acidic Bonding Concentrate, vaporisez sur cheveux mouill\u00e9s des mi-longueurs jusqu&rsquo;aux pointes. Rincez. En cas de contact avec les yeux, rincez-les imm\u00e9diatement.<\/div>\n<\/div>\n<div class=\"tab js-tab\">\n<h3 class=\"tab-title pdp-tabs_title js-tab-mobile-title\"><span>Ingr\u00e9dients<\/span><\/h3>\n<div class=\"tab-description pdp-tabs_description js-tab-description\">AQUA \/ WATER \/ EAU \u2022 BEHENTRIMONIUM CHLORIDE \u2022 CETEARYL ALCOHOL \u2022 SODIUM CITRATE \u2022 CITRIC ACID \u2022 POLYQUATERNIUM-37 \u2022 OCTYLDODECANOL \u2022 POTATO STARCH MODIFIED \u2022 ISOPROPYL ALCOHOL \u2022 POLYSORBATE 20 \u2022 PROPYLENE GLYCOL DICAPRYLATE\/DICAPRATE \u2022 PARFUM \/ FRAGRANCE \u2022 PANTHENOL \u2022 STEARAMIDOPROPYL DIMETHYLAMINE \u2022 CAPRYLYL GLYCOL \u2022 SALICYLIC ACID \u2022 PPG-1 TRIDECETH-6 \u2022 GLYCERYL STEARATE \u2022 LIMONENE \u2022 SORBITAN OLEATE \u2022 LINALOOL \u2022 CITRONELLOL<\/div>\n<\/div>\n<div class=\"tab js-tab\">\n<h3 class=\"tab-title pdp-tabs_title js-tab-mobile-title\"><span>Livraison et stock<\/span><\/h3>\n<div class=\"tab-description pdp-tabs_description js-tab-description\">\n<div class=\"pdp-delivery_info\">\n<div class=\"content-asset\">Livraison et d\u00e9laisRetours et remboursements<\/div>\n<\/div>\n<\/div>\n<\/div>\n<div class=\"tab js-tab\">\n<h3 class=\"tab-title pdp-tabs_title js-tab-mobile-title\"><span>Pr\u00e9cautions d&#8217;emploi<\/span><\/h3>\n<div class=\"tab-description pdp-tabs_description js-tab-description\">En cas de contact avec les yeux, rincez-les imm\u00e9diatement.<\/div>\n<\/div>\n<\/div>\n<\/div>\n<\/div>\n","protected":false},"excerpt":{"rendered":"<p>Points cl\u00e9s L&rsquo;apr\u00e8s-shampooing l\u00e9ger r\u00e9pare en profondeur les cheveux fins. B\u00e9n\u00e9fices : D\u00e9m\u00ealage 4x plus&hellip;<\/p>\n","protected":false},"featured_media":29938,"comment_status":"open","ping_status":"closed","template":"","meta":[],"pwb-brand":[647],"product_cat":[588],"product_tag":[321,127,140],"class_list":{"0":"post-29943","1":"product","2":"type-product","3":"status-publish","4":"has-post-thumbnail","6":"pwb-brand-redken","7":"product_cat-soins-lotions-et-serums","8":"product_tag-redken","9":"product_tag-shampooing-et-coiffure","10":"product_tag-soins-lotions-et-serums","12":"first","13":"instock","14":"taxable","15":"shipping-taxable","16":"purchasable","17":"product-type-simple","18":"layout-style-3","19":"col-md-4 col-sm-4 col-xs-6","20":"col-lg-3","21":"product-has-gallery","22":"product-style-default"},"aioseo_notices":[],"brands":[{"id":647,"name":"Redken","slug":"redken"}],"_links":{"self":[{"href":"https:\/\/cheveuxluxe.com\/index.php\/wp-json\/wp\/v2\/product\/29943","targetHints":{"allow":["GET"]}}],"collection":[{"href":"https:\/\/cheveuxluxe.com\/index.php\/wp-json\/wp\/v2\/product"}],"about":[{"href":"https:\/\/cheveuxluxe.com\/index.php\/wp-json\/wp\/v2\/types\/product"}],"replies":[{"embeddable":true,"href":"https:\/\/cheveuxluxe.com\/index.php\/wp-json\/wp\/v2\/comments?post=29943"}],"version-history":[{"count":0,"href":"https:\/\/cheveuxluxe.com\/index.php\/wp-json\/wp\/v2\/product\/29943\/revisions"}],"wp:featuredmedia":[{"embeddable":true,"href":"https:\/\/cheveuxluxe.com\/index.php\/wp-json\/wp\/v2\/media\/29938"}],"wp:attachment":[{"href":"https:\/\/cheveuxluxe.com\/index.php\/wp-json\/wp\/v2\/media?parent=29943"}],"wp:term":[{"taxonomy":"pwb-brand","embeddable":true,"href":"https:\/\/cheveuxluxe.com\/index.php\/wp-json\/wp\/v2\/pwb-brand?post=29943"},{"taxonomy":"product_cat","embeddable":true,"href":"https:\/\/cheveuxluxe.com\/index.php\/wp-json\/wp\/v2\/product_cat?post=29943"},{"taxonomy":"product_tag","embeddable":true,"href":"https:\/\/cheveuxluxe.com\/index.php\/wp-json\/wp\/v2\/product_tag?post=29943"}],"curies":[{"name":"wp","href":"https:\/\/api.w.org\/{rel}","templated":true}]}}