{"id":29945,"date":"2024-04-09T22:26:15","date_gmt":"2024-04-09T22:26:15","guid":{"rendered":"https:\/\/cheveuxluxe.com\/index.php\/product\/redken-frizz-dismiss-instant-delfate-125ml\/"},"modified":"2024-04-13T14:11:17","modified_gmt":"2024-04-13T14:11:17","slug":"redken-frizz-dismiss-instant-delfate-125ml","status":"publish","type":"product","link":"https:\/\/cheveuxluxe.com\/index.php\/product\/redken-frizz-dismiss-instant-delfate-125ml\/","title":{"rendered":"Redken Frizz Dismiss Instant Delfate 125ml"},"content":{"rendered":"<div class=\"product-content_bottom\">\n<div class=\"pdp-info\">\n<div class=\"pdp-tabs tab-container\">\n<div class=\"tab js-tab\">\n<h3 class=\"tab-title pdp-tabs_title js-tab-mobile-title open\"><span>Points cl\u00e9s<\/span><\/h3>\n<div class=\"tab-description pdp-tabs_description js-tab-description open\" itemprop=\"description\">\n<ul>\n<li>Anti-Frisottis<\/li>\n<li>Humidity resist complex<\/li>\n<li>Hydratation Intense<\/li>\n<\/ul>\n<\/div>\n<\/div>\n<div class=\"tab js-tab\">\n<h3 class=\"tab-title pdp-tabs_title js-tab-mobile-title\"><span>Description<\/span><\/h3>\n<div class=\"tab-description pdp-tabs_description js-tab-description\" itemprop=\"description\">HUMID OIL: AGIT CONTRE LES FRISOTTIS CAUS\u00c9S PAR L&rsquo;HUMIDIT\u00c9.<\/p>\n<p>NEW HUMIDITY-RESIST COMPLEX. AQUATORIL PROT\u00c8GE DE L\u2018HUMIDIT\u00c9 ET PROCURE UNE HYDRATATION INTENSE. L\u2018HUILE DE GRAINES DE PRACAXI R\u00c9PARE LA FIBRE CAPILLAIRE ET LISSE LES CUTICULES DES CHEVEUX. L\u2018HUILE V\u00c9G\u00c9TALE PERMET UN CONTR\u00d4LE ABSOLU ET REND LES CHEVEUX MANIABLES.<\/p><\/div>\n<\/div>\n<div class=\"tab js-tab\">\n<h3 class=\"tab-title pdp-tabs_title js-tab-mobile-title\"><span>Mode d&#8217;emploi<\/span><\/h3>\n<div class=\"tab-description pdp-tabs_description js-tab-description\">APPLIQUER UNIFORM\u00c9MENT SUR CHEVEUX ESSOR\u00c9S<\/div>\n<\/div>\n<div class=\"tab js-tab\">\n<h3 class=\"tab-title pdp-tabs_title js-tab-mobile-title\"><span>Ingr\u00e9dients<\/span><\/h3>\n<div class=\"tab-description pdp-tabs_description js-tab-description\">CYCLOPENTASILOXANE DIMETHICONOL GLYCINE SOJA OIL \/ SOYBEAN OIL PARFUM \/ FRAGRANCE ORBIGNYA OLEIFERA SEED OIL BENZYL SALICYLATE BENZYL ALCOHOL LINALOOL HEXYL CINNAMAL GERANIOL AMYL CINNAMAL COUMARIN CITRONELLOL LIMONENE BENZYL BENZOATE CITRIC ACID<\/div>\n<\/div>\n<div class=\"tab js-tab\">\n<h3 class=\"tab-title pdp-tabs_title js-tab-mobile-title\"><span>Livraison et stock<\/span><\/h3>\n<div class=\"tab-description pdp-tabs_description js-tab-description\">\n<div class=\"pdp-delivery_info\">\n<div class=\"content-asset\">Livraison et d\u00e9laisRetours et remboursements<\/div>\n<\/div>\n<\/div>\n<\/div>\n<\/div>\n<\/div>\n<\/div>\n","protected":false},"excerpt":{"rendered":"<p>Points cl\u00e9s Anti-Frisottis Humidity resist complex Hydratation Intense Description HUMID OIL: AGIT CONTRE LES FRISOTTIS&hellip;<\/p>\n","protected":false},"featured_media":21862,"comment_status":"open","ping_status":"closed","template":"","meta":[],"pwb-brand":[647],"product_cat":[598],"product_tag":[321,127,599],"class_list":{"0":"post-29945","1":"product","2":"type-product","3":"status-publish","4":"has-post-thumbnail","6":"pwb-brand-redken","7":"product_cat-type-de-cheveux","8":"product_tag-redken","9":"product_tag-shampooing-et-coiffure","10":"product_tag-type-de-cheveux","12":"first","13":"instock","14":"taxable","15":"shipping-taxable","16":"purchasable","17":"product-type-simple","18":"layout-style-3","19":"col-md-4 col-sm-4 col-xs-6","20":"col-lg-3","21":"product-has-gallery","22":"product-style-default"},"aioseo_notices":[],"brands":[{"id":647,"name":"Redken","slug":"redken"}],"_links":{"self":[{"href":"https:\/\/cheveuxluxe.com\/index.php\/wp-json\/wp\/v2\/product\/29945","targetHints":{"allow":["GET"]}}],"collection":[{"href":"https:\/\/cheveuxluxe.com\/index.php\/wp-json\/wp\/v2\/product"}],"about":[{"href":"https:\/\/cheveuxluxe.com\/index.php\/wp-json\/wp\/v2\/types\/product"}],"replies":[{"embeddable":true,"href":"https:\/\/cheveuxluxe.com\/index.php\/wp-json\/wp\/v2\/comments?post=29945"}],"version-history":[{"count":0,"href":"https:\/\/cheveuxluxe.com\/index.php\/wp-json\/wp\/v2\/product\/29945\/revisions"}],"wp:featuredmedia":[{"embeddable":true,"href":"https:\/\/cheveuxluxe.com\/index.php\/wp-json\/wp\/v2\/media\/21862"}],"wp:attachment":[{"href":"https:\/\/cheveuxluxe.com\/index.php\/wp-json\/wp\/v2\/media?parent=29945"}],"wp:term":[{"taxonomy":"pwb-brand","embeddable":true,"href":"https:\/\/cheveuxluxe.com\/index.php\/wp-json\/wp\/v2\/pwb-brand?post=29945"},{"taxonomy":"product_cat","embeddable":true,"href":"https:\/\/cheveuxluxe.com\/index.php\/wp-json\/wp\/v2\/product_cat?post=29945"},{"taxonomy":"product_tag","embeddable":true,"href":"https:\/\/cheveuxluxe.com\/index.php\/wp-json\/wp\/v2\/product_tag?post=29945"}],"curies":[{"name":"wp","href":"https:\/\/api.w.org\/{rel}","templated":true}]}}