{"id":29946,"date":"2024-04-09T22:26:16","date_gmt":"2024-04-09T22:26:16","guid":{"rendered":"https:\/\/cheveuxluxe.com\/index.php\/product\/redken-gelee-big-blowout-100ml\/"},"modified":"2024-04-13T14:05:21","modified_gmt":"2024-04-13T14:05:21","slug":"redken-gelee-big-blowout-100ml","status":"publish","type":"product","link":"https:\/\/cheveuxluxe.com\/index.php\/product\/redken-gelee-big-blowout-100ml\/","title":{"rendered":"Redken Gel\u00e9e Big Blowout 100ml"},"content":{"rendered":"<div class=\"product-content_bottom\">\n<div class=\"pdp-info\">\n<div class=\"pdp-tabs tab-container\">\n<div class=\"tab js-tab\">\n<h3 class=\"tab-title pdp-tabs_title js-tab-mobile-title open\"><span>Points cl\u00e9s<\/span><\/h3>\n<div class=\"tab-description pdp-tabs_description js-tab-description open\" itemprop=\"description\">\n<ul>\n<li>Prot\u00e8ge contre la chaleur<\/li>\n<li>Donne du volume<\/li>\n<li>Ajoute de la brillance et de la texture<\/li>\n<li>Anti frisottis<\/li>\n<\/ul>\n<\/div>\n<\/div>\n<div class=\"tab js-tab\">\n<h3 class=\"tab-title pdp-tabs_title js-tab-mobile-title\"><span>Description<\/span><\/h3>\n<div class=\"tab-description pdp-tabs_description js-tab-description\" itemprop=\"description\">Redken Big Blowout est un gel unique qui se fond dans les cheveux lors du s\u00e9chage pour ajouter instantan\u00e9ment du volume et de la texture avec un fini doux et soyeux. La formule l\u00e9g\u00e8re en gel\u00e9e prot\u00e8ge vos cheveux de la chaleur du s\u00e8che-cheveux et leur donne un mouvement naturel sans les raidir.<\/div>\n<\/div>\n<div class=\"tab js-tab\">\n<h3 class=\"tab-title pdp-tabs_title js-tab-mobile-title\"><span>Mode d&#8217;emploi<\/span><\/h3>\n<div class=\"tab-description pdp-tabs_description js-tab-description\">Appliquer sur cheveux humides, s\u00e9cher et coiffer \u00e0 votre choix.<\/div>\n<\/div>\n<div class=\"tab js-tab\">\n<h3 class=\"tab-title pdp-tabs_title js-tab-mobile-title\"><span>Ingr\u00e9dients<\/span><\/h3>\n<div class=\"tab-description pdp-tabs_description js-tab-description\">AQUA \/ WATER \/ EAU o PROPYLENE GLYCOL o TRISILOXANE o HEXYLENE GLYCOL o DIMETHICONE\/VINYL DIMETHICONE CROSSPOLYMER o POLYACRYLAMIDE o C13-14 ISOPARAFFIN o PARFUM \/ FRAGRANCE o PHENOXYETHANOL o PVP o LAURETH-7 o ETHYLHEXYLGLYCERIN o LAURETH-4 o LINALOOL o SERICA POWDER \/ SILK POWDER \/ POUDRE DE SOIE o BENZOPHENONE-4 o LIMONENE o GERANIOL o EUGENOL o CI 60730 \/ EXT. VIOLET 2 o CI 17200 \/ RED 33 o CI 19140 \/ YELLOW 5 o TOCOPHEROL<\/div>\n<\/div>\n<div class=\"tab js-tab\">\n<h3 class=\"tab-title pdp-tabs_title js-tab-mobile-title\"><span>Livraison et stock<\/span><\/h3>\n<div class=\"tab-description pdp-tabs_description js-tab-description\">\n<div class=\"pdp-delivery_info\">\n<div class=\"content-asset\">Livraison et d\u00e9laisRetours et remboursements<\/div>\n<\/div>\n<\/div>\n<\/div>\n<div class=\"tab js-tab\">\n<h3 class=\"tab-title pdp-tabs_title js-tab-mobile-title\"><span>Pr\u00e9cautions d&#8217;emploi<\/span><\/h3>\n<div class=\"tab-description pdp-tabs_description js-tab-description\">\u00c9viter le contact avec les yeux.<\/div>\n<\/div>\n<\/div>\n<\/div>\n<\/div>\n","protected":false},"excerpt":{"rendered":"<p>Points cl\u00e9s Prot\u00e8ge contre la chaleur Donne du volume Ajoute de la brillance et de&hellip;<\/p>\n","protected":false},"featured_media":20684,"comment_status":"open","ping_status":"closed","template":"","meta":[],"pwb-brand":[647],"product_cat":[596],"product_tag":[128,321,127],"class_list":{"0":"post-29946","1":"product","2":"type-product","3":"status-publish","4":"has-post-thumbnail","6":"pwb-brand-redken","7":"product_cat-produit-coiffant-et-fixant","8":"product_tag-produit-coiffant-et-fixant","9":"product_tag-redken","10":"product_tag-shampooing-et-coiffure","12":"first","13":"instock","14":"taxable","15":"shipping-taxable","16":"purchasable","17":"product-type-simple","18":"layout-style-3","19":"col-md-4 col-sm-4 col-xs-6","20":"col-lg-3","21":"product-has-gallery","22":"product-style-default"},"aioseo_notices":[],"brands":[{"id":647,"name":"Redken","slug":"redken"}],"_links":{"self":[{"href":"https:\/\/cheveuxluxe.com\/index.php\/wp-json\/wp\/v2\/product\/29946","targetHints":{"allow":["GET"]}}],"collection":[{"href":"https:\/\/cheveuxluxe.com\/index.php\/wp-json\/wp\/v2\/product"}],"about":[{"href":"https:\/\/cheveuxluxe.com\/index.php\/wp-json\/wp\/v2\/types\/product"}],"replies":[{"embeddable":true,"href":"https:\/\/cheveuxluxe.com\/index.php\/wp-json\/wp\/v2\/comments?post=29946"}],"version-history":[{"count":0,"href":"https:\/\/cheveuxluxe.com\/index.php\/wp-json\/wp\/v2\/product\/29946\/revisions"}],"wp:featuredmedia":[{"embeddable":true,"href":"https:\/\/cheveuxluxe.com\/index.php\/wp-json\/wp\/v2\/media\/20684"}],"wp:attachment":[{"href":"https:\/\/cheveuxluxe.com\/index.php\/wp-json\/wp\/v2\/media?parent=29946"}],"wp:term":[{"taxonomy":"pwb-brand","embeddable":true,"href":"https:\/\/cheveuxluxe.com\/index.php\/wp-json\/wp\/v2\/pwb-brand?post=29946"},{"taxonomy":"product_cat","embeddable":true,"href":"https:\/\/cheveuxluxe.com\/index.php\/wp-json\/wp\/v2\/product_cat?post=29946"},{"taxonomy":"product_tag","embeddable":true,"href":"https:\/\/cheveuxluxe.com\/index.php\/wp-json\/wp\/v2\/product_tag?post=29946"}],"curies":[{"name":"wp","href":"https:\/\/api.w.org\/{rel}","templated":true}]}}