{"id":29947,"date":"2024-04-09T22:26:16","date_gmt":"2024-04-09T22:26:16","guid":{"rendered":"https:\/\/cheveuxluxe.com\/index.php\/product\/paul-mitchell-lotion-super-strong-complex-12x6ml\/"},"modified":"2024-04-13T14:12:06","modified_gmt":"2024-04-13T14:12:06","slug":"paul-mitchell-lotion-super-strong-complex-12x6ml","status":"publish","type":"product","link":"https:\/\/cheveuxluxe.com\/index.php\/product\/paul-mitchell-lotion-super-strong-complex-12x6ml\/","title":{"rendered":"Paul Mitchell Lotion Super Strong Complex 12x6ml"},"content":{"rendered":"<div class=\"product-content_bottom\">\n<div class=\"pdp-info\">\n<div class=\"pdp-tabs tab-container\">\n<div class=\"tab js-tab\">\n<h3 class=\"tab-title pdp-tabs_title js-tab-mobile-title open\"><span>Points cl\u00e9s<\/span><\/h3>\n<div class=\"tab-description pdp-tabs_description js-tab-description open\" itemprop=\"description\">\n<ul>\n<li>Ampoule de traitement qui renfor\u00e7e les cheveux faibles et \u00e9puis\u00e9s<\/li>\n<li>Pr\u00e9vient la chute des cheveux<\/li>\n<li>Reconstruit les cheveux de l&rsquo;int\u00e9rieur vers l&rsquo;ext\u00e9rieur<\/li>\n<li>Favorise la croissance des cheveux<\/li>\n<li>Une brillance intense<\/li>\n<\/ul>\n<\/div>\n<\/div>\n<div class=\"tab js-tab\">\n<h3 class=\"tab-title pdp-tabs_title js-tab-mobile-title\"><span>Description<\/span><\/h3>\n<div class=\"tab-description pdp-tabs_description js-tab-description\" itemprop=\"description\">La LOTION CHEVEUX SUPER FORT Paul Mitchell est une ampoule de traitement qui renfor\u00e7e les cheveux faibles et \u00e9puis\u00e9s ,pr\u00e9vient la chute des cheveux et reconstruit les cheveux de l&rsquo;int\u00e9rieur vers l&rsquo;ext\u00e9rieur.<br \/>Le tonique capillaire favorise la croissance des cheveux et cr\u00e9e des conditions optimales pour cela. Une brillance intense est cr\u00e9\u00e9e par un m\u00e9lange de vitamines et d&rsquo;extraits de plantes tels que le panth\u00e9nol, la lavande et l&rsquo;origan, qui en m\u00eame temps maintient les cheveux soyeux et souples.<\/p>\n<p>Appliquer l&rsquo;ampoule sur cheveux essor\u00e9s \u00e0 la serviette \u00e0 l&rsquo;aide de l&rsquo;applicateur et masser le cuir chevelu. Ne pas rincer.<\/p><\/div>\n<\/div>\n<div class=\"tab js-tab\">\n<h3 class=\"tab-title pdp-tabs_title js-tab-mobile-title\"><span>Ingr\u00e9dients<\/span><\/h3>\n<div class=\"tab-description pdp-tabs_description js-tab-description\">Niacinamide, Panthenol, Lavender, Oregano, Horsetail, Nettle, Watercress, Blessed and Thistle extract.<\/div>\n<\/div>\n<div class=\"tab js-tab\">\n<h3 class=\"tab-title pdp-tabs_title js-tab-mobile-title\"><span>Livraison et stock<\/span><\/h3>\n<div class=\"tab-description pdp-tabs_description js-tab-description\">\n<div class=\"pdp-delivery_info\">\n<div class=\"content-asset\">Livraison et d\u00e9laisRetours et remboursements<\/div>\n<\/div>\n<\/div>\n<\/div>\n<\/div>\n<\/div>\n<\/div>\n","protected":false},"excerpt":{"rendered":"<p>Points cl\u00e9s Ampoule de traitement qui renfor\u00e7e les cheveux faibles et \u00e9puis\u00e9s Pr\u00e9vient la chute&hellip;<\/p>\n","protected":false},"featured_media":16062,"comment_status":"open","ping_status":"closed","template":"","meta":[],"pwb-brand":[660],"product_cat":[598],"product_tag":[373,127,599],"class_list":{"0":"post-29947","1":"product","2":"type-product","3":"status-publish","4":"has-post-thumbnail","6":"pwb-brand-paul-mitchell","7":"product_cat-type-de-cheveux","8":"product_tag-paul-mitchell","9":"product_tag-shampooing-et-coiffure","10":"product_tag-type-de-cheveux","12":"first","13":"instock","14":"taxable","15":"shipping-taxable","16":"purchasable","17":"product-type-simple","18":"layout-style-3","19":"col-md-4 col-sm-4 col-xs-6","20":"col-lg-3","21":"product-style-default"},"aioseo_notices":[],"brands":[{"id":660,"name":"Paul Mitchell","slug":"paul-mitchell"}],"_links":{"self":[{"href":"https:\/\/cheveuxluxe.com\/index.php\/wp-json\/wp\/v2\/product\/29947","targetHints":{"allow":["GET"]}}],"collection":[{"href":"https:\/\/cheveuxluxe.com\/index.php\/wp-json\/wp\/v2\/product"}],"about":[{"href":"https:\/\/cheveuxluxe.com\/index.php\/wp-json\/wp\/v2\/types\/product"}],"replies":[{"embeddable":true,"href":"https:\/\/cheveuxluxe.com\/index.php\/wp-json\/wp\/v2\/comments?post=29947"}],"version-history":[{"count":0,"href":"https:\/\/cheveuxluxe.com\/index.php\/wp-json\/wp\/v2\/product\/29947\/revisions"}],"wp:featuredmedia":[{"embeddable":true,"href":"https:\/\/cheveuxluxe.com\/index.php\/wp-json\/wp\/v2\/media\/16062"}],"wp:attachment":[{"href":"https:\/\/cheveuxluxe.com\/index.php\/wp-json\/wp\/v2\/media?parent=29947"}],"wp:term":[{"taxonomy":"pwb-brand","embeddable":true,"href":"https:\/\/cheveuxluxe.com\/index.php\/wp-json\/wp\/v2\/pwb-brand?post=29947"},{"taxonomy":"product_cat","embeddable":true,"href":"https:\/\/cheveuxluxe.com\/index.php\/wp-json\/wp\/v2\/product_cat?post=29947"},{"taxonomy":"product_tag","embeddable":true,"href":"https:\/\/cheveuxluxe.com\/index.php\/wp-json\/wp\/v2\/product_tag?post=29947"}],"curies":[{"name":"wp","href":"https:\/\/api.w.org\/{rel}","templated":true}]}}