{"id":29964,"date":"2024-04-09T22:26:41","date_gmt":"2024-04-09T22:26:41","guid":{"rendered":"https:\/\/cheveuxluxe.com\/index.php\/product\/paul-mitchell-awapuhi-traitement-intensif-500ml\/"},"modified":"2024-04-13T14:02:51","modified_gmt":"2024-04-13T14:02:51","slug":"paul-mitchell-awapuhi-traitement-intensif-500ml","status":"publish","type":"product","link":"https:\/\/cheveuxluxe.com\/index.php\/product\/paul-mitchell-awapuhi-traitement-intensif-500ml\/","title":{"rendered":"Paul Mitchell Awapuhi Traitement intensif 500ml"},"content":{"rendered":"<div class=\"product-content_bottom\">\n<div class=\"pdp-info\">\n<div class=\"pdp-tabs tab-container\">\n<div class=\"tab js-tab\">\n<h3 class=\"tab-title pdp-tabs_title js-tab-mobile-title open\"><span>Points cl\u00e9s<\/span><\/h3>\n<div class=\"tab-description pdp-tabs_description js-tab-description open\" itemprop=\"description\">\n<ul>\n<li>Agissez au coeur des cheveux secs et abim\u00e9s.<\/li>\n<li>L\u2019extrait d\u2019awapuhi naturel r\u00e9pare chaque m\u00e8che en apportant une hydratation et une brillance intenses.<\/li>\n<li>KeraTriplex\u00ae, m\u00e9lange exclusif de prot\u00e9ine de k\u00e9ratine, reconstruit et r\u00e9pare les cheveux ternes.<\/li>\n<\/ul>\n<\/div>\n<\/div>\n<div class=\"tab js-tab\">\n<h3 class=\"tab-title pdp-tabs_title js-tab-mobile-title\"><span>Description<\/span><\/h3>\n<div class=\"tab-description pdp-tabs_description js-tab-description\" itemprop=\"description\">Ce masque capillaire hebdomadaire r\u00e9pare les cheveux secs et ab\u00eem\u00e9s et leur apporte une hydratation et une brillance intenses.<\/div>\n<\/div>\n<div class=\"tab js-tab\">\n<h3 class=\"tab-title pdp-tabs_title js-tab-mobile-title\"><span>Mode d&#8217;emploi<\/span><\/h3>\n<div class=\"tab-description pdp-tabs_description js-tab-description\">Lorsqu&rsquo;il est utilis\u00e9 avec KeraTriplex\u00ae Treatment, appliquez et traitez \u00e0 chaud pendant 10 minutes. Rincez. Lorsqu&rsquo;il est utilis\u00e9 seul, appliquez une petite quantit\u00e9 sur cheveux propres et humides. Laissez agir 3 \u00e0 5 minutes. Rincez. Utilisez une fois par semaine. Parfait pour les cheveux color\u00e9s et trait\u00e9s chimiquement. Pour un soin plus profond, envelopper les cheveux dans une serviette chaude ou appliquer de la chaleur. Pour de meilleurs r\u00e9sultats, utiliser avec le Nourishing Shampoo et le Cream Rinse.<\/div>\n<\/div>\n<div class=\"tab js-tab\">\n<h3 class=\"tab-title pdp-tabs_title js-tab-mobile-title\"><span>Ingr\u00e9dients<\/span><\/h3>\n<div class=\"tab-description pdp-tabs_description js-tab-description\">Aqua (Water, Eau), Cetearyl Alcohol, Isohexadecane, Behentrimonium Chloride, Glycerin, Isopropyl Alcohol, Cetyl Esters, Hedychium Coronarium (White Ginger) Root Extract, Panthenol, Keratin, Hydrolyzed Keratin, Oxidized Keratin, Hydrolyzed Vegetable Protein PG-Propyl Silanetriol, Wheat Amino Acids, Amodimethicone, Behentrimonium Methosulfate, Caprylyl Glycol, Cetrimonium Chloride, Citric Acid, Dimethicone, Polyquaternium-55, Polysilicone-15, Stearamidopropyl Dimethylamine, Trideceth-12, Phenoxyethanol, Potassium Sorbate, Sodium Benzoate, Methylchloroisothiazolinone, Methylisothiazolinone, Magnesium Chloride, Magnesium Nitrate, Parfum (Fragrance), Benzyl Alcohol, Benzyl Salicylate, Hexyl Cinnamal, Limonene, Linalool<\/div>\n<\/div>\n<div class=\"tab js-tab\">\n<h3 class=\"tab-title pdp-tabs_title js-tab-mobile-title\"><span>Livraison et stock<\/span><\/h3>\n<div class=\"tab-description pdp-tabs_description js-tab-description\">\n<div class=\"pdp-delivery_info\">\n<div class=\"content-asset\">Livraison et d\u00e9laisRetours et remboursements<\/div>\n<\/div>\n<\/div>\n<\/div>\n<div class=\"tab js-tab\">\n<h3 class=\"tab-title pdp-tabs_title js-tab-mobile-title\"><span>Pr\u00e9cautions d&#8217;emploi<\/span><\/h3>\n<div class=\"tab-description pdp-tabs_description js-tab-description\">Avertissement: \u00c9vitez le contact avec les yeux. En cas de contact avec les yeux, rincer soigneusement \u00e0 l\u2019eau. En cas de r\u00e9action ind\u00e9sirable, arr\u00eatez d\u2019utiliser ce produit. Consultez votre m\u00e9decin si les sympt\u00f4mes persistent. Contient du Chlorure de Behentrimonium comme adoucissant pour les cheveux.<\/div>\n<\/div>\n<\/div>\n<\/div>\n<\/div>\n","protected":false},"excerpt":{"rendered":"<p>Points cl\u00e9s Agissez au coeur des cheveux secs et abim\u00e9s. L\u2019extrait d\u2019awapuhi naturel r\u00e9pare chaque&hellip;<\/p>\n","protected":false},"featured_media":29959,"comment_status":"open","ping_status":"closed","template":"","meta":[],"pwb-brand":[660],"product_cat":[592],"product_tag":[593,373,127],"class_list":{"0":"post-29964","1":"product","2":"type-product","3":"status-publish","4":"has-post-thumbnail","6":"pwb-brand-paul-mitchell","7":"product_cat-masques-cheveux","8":"product_tag-masques-cheveux","9":"product_tag-paul-mitchell","10":"product_tag-shampooing-et-coiffure","12":"first","13":"instock","14":"taxable","15":"shipping-taxable","16":"purchasable","17":"product-type-simple","18":"layout-style-3","19":"col-md-4 col-sm-4 col-xs-6","20":"col-lg-3","21":"product-has-gallery","22":"product-style-default"},"aioseo_notices":[],"brands":[{"id":660,"name":"Paul Mitchell","slug":"paul-mitchell"}],"_links":{"self":[{"href":"https:\/\/cheveuxluxe.com\/index.php\/wp-json\/wp\/v2\/product\/29964","targetHints":{"allow":["GET"]}}],"collection":[{"href":"https:\/\/cheveuxluxe.com\/index.php\/wp-json\/wp\/v2\/product"}],"about":[{"href":"https:\/\/cheveuxluxe.com\/index.php\/wp-json\/wp\/v2\/types\/product"}],"replies":[{"embeddable":true,"href":"https:\/\/cheveuxluxe.com\/index.php\/wp-json\/wp\/v2\/comments?post=29964"}],"version-history":[{"count":0,"href":"https:\/\/cheveuxluxe.com\/index.php\/wp-json\/wp\/v2\/product\/29964\/revisions"}],"wp:featuredmedia":[{"embeddable":true,"href":"https:\/\/cheveuxluxe.com\/index.php\/wp-json\/wp\/v2\/media\/29959"}],"wp:attachment":[{"href":"https:\/\/cheveuxluxe.com\/index.php\/wp-json\/wp\/v2\/media?parent=29964"}],"wp:term":[{"taxonomy":"pwb-brand","embeddable":true,"href":"https:\/\/cheveuxluxe.com\/index.php\/wp-json\/wp\/v2\/pwb-brand?post=29964"},{"taxonomy":"product_cat","embeddable":true,"href":"https:\/\/cheveuxluxe.com\/index.php\/wp-json\/wp\/v2\/product_cat?post=29964"},{"taxonomy":"product_tag","embeddable":true,"href":"https:\/\/cheveuxluxe.com\/index.php\/wp-json\/wp\/v2\/product_tag?post=29964"}],"curies":[{"name":"wp","href":"https:\/\/api.w.org\/{rel}","templated":true}]}}