{"id":29974,"date":"2024-04-09T22:27:02","date_gmt":"2024-04-09T22:27:02","guid":{"rendered":"https:\/\/cheveuxluxe.com\/index.php\/product\/paul-mitchell-tea-tree-special-detox-kombucha-rinse-200ml\/"},"modified":"2024-04-13T14:07:33","modified_gmt":"2024-04-13T14:07:33","slug":"paul-mitchell-tea-tree-special-detox-kombucha-rinse-200ml","status":"publish","type":"product","link":"https:\/\/cheveuxluxe.com\/index.php\/product\/paul-mitchell-tea-tree-special-detox-kombucha-rinse-200ml\/","title":{"rendered":"Paul Mitchell Tea Tree Special Detox Kombucha Rinse 200ml"},"content":{"rendered":"<div class=\"product-content_bottom\">\n<div class=\"pdp-info\">\n<div class=\"pdp-tabs tab-container\">\n<div class=\"tab js-tab\">\n<h3 class=\"tab-title pdp-tabs_title js-tab-mobile-title open\"><span>Points cl\u00e9s<\/span><\/h3>\n<div class=\"tab-description pdp-tabs_description js-tab-description open\" itemprop=\"description\">\n<ul>\n<li>\u00c9limine l\u2019accumulation de produits et apporte de la brillance<\/li>\n<li>Exfolie et \u00e9limine l\u2019accumulation de produits<\/li>\n<li>Laisse les cheveux soyeux et le cuir chevelu apais\u00e9, purifi\u00e9 et rafra\u00eechi<\/li>\n<li>Parfum frais vivifiant<\/li>\n<\/ul>\n<\/div>\n<\/div>\n<div class=\"tab js-tab\">\n<h3 class=\"tab-title pdp-tabs_title js-tab-mobile-title\"><span>Ingr\u00e9dients<\/span><\/h3>\n<div class=\"tab-description pdp-tabs_description js-tab-description\">Aqua (Water, Eau), Glycerin, Dimethicone, Cocos Nucifera (Coconut) Oil, Acetic Acid, Aloe Barbadensis Leaf Juice Powder, Glycine Soja (Soybean) Oil, Hydrolyzed Adansonia Digitata Seed Extract, Macadamia Ternifolia Seed Oil, Melaleuca Alternifolia (Tea Tree) Leaf Oil, Prunus Armeniaca (Apricot) Kernel Oil, Saccharomyces\/Xylinum\/Black Tea Ferment, Triticum Vulgare (Wheat) Germ Oil, Tocopherol, Cetrimonium Chloride, Guar Hydroxypropyltrimonium Chloride, Menthyl Lactate, Polyquaternium-37, Tetrasodium EDTA, Tetrasodium Glutamate Diacetate, Ethylhexylglycerin, Isopropyl Alcohol, Citric Acid, Phenoxyethanol, Potassium Sorbate, Sodium Benzoate, Parfum (Fragrance), Linalool, Benzyl Alcohol.<\/div>\n<\/div>\n<div class=\"tab js-tab\">\n<h3 class=\"tab-title pdp-tabs_title js-tab-mobile-title\"><span>Livraison et stock<\/span><\/h3>\n<div class=\"tab-description pdp-tabs_description js-tab-description\">\n<div class=\"pdp-delivery_info\">\n<div class=\"content-asset\">Livraison et d\u00e9laisRetours et remboursements<\/div>\n<\/div>\n<\/div>\n<\/div>\n<\/div>\n<\/div>\n<\/div>\n","protected":false},"excerpt":{"rendered":"<p>Points cl\u00e9s \u00c9limine l\u2019accumulation de produits et apporte de la brillance Exfolie et \u00e9limine l\u2019accumulation&hellip;<\/p>\n","protected":false},"featured_media":29968,"comment_status":"open","ping_status":"closed","template":"","meta":[],"pwb-brand":[660],"product_cat":[598],"product_tag":[373,127,599],"class_list":{"0":"post-29974","1":"product","2":"type-product","3":"status-publish","4":"has-post-thumbnail","6":"pwb-brand-paul-mitchell","7":"product_cat-type-de-cheveux","8":"product_tag-paul-mitchell","9":"product_tag-shampooing-et-coiffure","10":"product_tag-type-de-cheveux","12":"first","13":"instock","14":"taxable","15":"shipping-taxable","16":"purchasable","17":"product-type-simple","18":"layout-style-3","19":"col-md-4 col-sm-4 col-xs-6","20":"col-lg-3","21":"product-has-gallery","22":"product-style-default"},"aioseo_notices":[],"brands":[{"id":660,"name":"Paul Mitchell","slug":"paul-mitchell"}],"_links":{"self":[{"href":"https:\/\/cheveuxluxe.com\/index.php\/wp-json\/wp\/v2\/product\/29974","targetHints":{"allow":["GET"]}}],"collection":[{"href":"https:\/\/cheveuxluxe.com\/index.php\/wp-json\/wp\/v2\/product"}],"about":[{"href":"https:\/\/cheveuxluxe.com\/index.php\/wp-json\/wp\/v2\/types\/product"}],"replies":[{"embeddable":true,"href":"https:\/\/cheveuxluxe.com\/index.php\/wp-json\/wp\/v2\/comments?post=29974"}],"version-history":[{"count":0,"href":"https:\/\/cheveuxluxe.com\/index.php\/wp-json\/wp\/v2\/product\/29974\/revisions"}],"wp:featuredmedia":[{"embeddable":true,"href":"https:\/\/cheveuxluxe.com\/index.php\/wp-json\/wp\/v2\/media\/29968"}],"wp:attachment":[{"href":"https:\/\/cheveuxluxe.com\/index.php\/wp-json\/wp\/v2\/media?parent=29974"}],"wp:term":[{"taxonomy":"pwb-brand","embeddable":true,"href":"https:\/\/cheveuxluxe.com\/index.php\/wp-json\/wp\/v2\/pwb-brand?post=29974"},{"taxonomy":"product_cat","embeddable":true,"href":"https:\/\/cheveuxluxe.com\/index.php\/wp-json\/wp\/v2\/product_cat?post=29974"},{"taxonomy":"product_tag","embeddable":true,"href":"https:\/\/cheveuxluxe.com\/index.php\/wp-json\/wp\/v2\/product_tag?post=29974"}],"curies":[{"name":"wp","href":"https:\/\/api.w.org\/{rel}","templated":true}]}}