{"id":29994,"date":"2024-04-09T22:27:45","date_gmt":"2024-04-09T22:27:45","guid":{"rendered":"https:\/\/cheveuxluxe.com\/index.php\/product\/paul-mitchell-tt-sc-anti-thinning-tonic-100ml\/"},"modified":"2024-04-13T14:13:27","modified_gmt":"2024-04-13T14:13:27","slug":"paul-mitchell-tt-sc-anti-thinning-tonic-100ml","status":"publish","type":"product","link":"https:\/\/cheveuxluxe.com\/index.php\/product\/paul-mitchell-tt-sc-anti-thinning-tonic-100ml\/","title":{"rendered":"Paul Mitchell TT SC Anti-Thinning Tonic 100ml"},"content":{"rendered":"<div class=\"product-content_bottom\">\n<div class=\"pdp-info\">\n<div class=\"pdp-tabs tab-container\">\n<div class=\"tab js-tab\">\n<h3 class=\"tab-title pdp-tabs_title js-tab-mobile-title open\"><span>Points cl\u00e9s<\/span><\/h3>\n<div class=\"tab-description pdp-tabs_description js-tab-description open\" itemprop=\"description\">\n<ul>\n<li>Am\u00e9liore la qualit\u00e9 du cuir chevelu pour des cheveux plus \u00e9pais, plus forts<\/li>\n<li>Prot\u00e9ge contre la casse<\/li>\n<li>Aide \u00e0 augmenter la densit\u00e9 des cheveux et \u00e0 favoriser une croissance saine.<\/li>\n<\/ul>\n<\/div>\n<\/div>\n<div class=\"tab js-tab\">\n<h3 class=\"tab-title pdp-tabs_title js-tab-mobile-title\"><span>Description<\/span><\/h3>\n<div class=\"tab-description pdp-tabs_description js-tab-description\" itemprop=\"description\">Utlisez ce spray deux fois par jour cr\u00e9e un am\u00e9liorer la qualit\u00e9 du cuir chevelu pour des cheveux plus \u00e9pais, plus forts. Ce m\u00e9lange exclusif contient de la prune de Kakadu, des peptides de pois, de la fleur de tr\u00e8fle, du curcuma et du ginseng, et p\u00e9n\u00e8tre dans le cuir chevelu pour aider \u00e0 stimuler et \u00e0 prot\u00e9ger contre la casse, ce qui donne des cheveux plus \u00e9pais et plus \u00e9pais.<br \/>Aide \u00e0 augmenter la densit\u00e9 des cheveux et \u00e0 favoriser une croissance saine des cheveux.<\/div>\n<\/div>\n<div class=\"tab js-tab\">\n<h3 class=\"tab-title pdp-tabs_title js-tab-mobile-title\"><span>Ingr\u00e9dients<\/span><\/h3>\n<div class=\"tab-description pdp-tabs_description js-tab-description\">Aqua (Water, Eau), Alcohol Denat. (SD Alcohol 40-B) (SDS-CA-2877), Butylene Glycol, Ethoxydiglycol, Methyl Gluceth-20, Biotin, Niacin, Panthenol, Melaleuca Alternifolia (Tea Tree) Leaf Oil, Pisum Sativum (Pea) Peptide, Terminalia Ferdinandiana (Kakadu Plum) Fruit Extract, Trifolium Pratense (Clover) Flower Extract, Curcuma Longa (Turmeric) Root Extract, Dioscorea Villosa Root Extract, Panax Ginseng Root Extract, Glycine Soja (Soybean) Seed Extract, Hydrolyzed Vegetable Protein PG-Propyl Silanetriol, Hydrolyzed Yeast Protein, Leuconostoc\/Radish Root Ferment Filtrate, Saccharomyces Cerevisiae Extract, Saccharomyces Lysate Extract, Serenoa Serrulata Fruit Extract, Acetyl Tetrapeptide-3, Alcohol, Dextran, Glycerin, Tetrasodium EDTA, Phenoxyethanol, Polyquaternium-37, Potassium Sorbate, Sodium Benzoate, Parfum (Fragrance), Citral, Citronellol, Coumarin, Eugenol, Geraniol, Limonene, Linalool.<\/div>\n<\/div>\n<div class=\"tab js-tab\">\n<h3 class=\"tab-title pdp-tabs_title js-tab-mobile-title\"><span>Livraison et stock<\/span><\/h3>\n<div class=\"tab-description pdp-tabs_description js-tab-description\">\n<div class=\"pdp-delivery_info\">\n<div class=\"content-asset\">Livraison et d\u00e9laisRetours et remboursements<\/div>\n<\/div>\n<\/div>\n<\/div>\n<\/div>\n<\/div>\n<\/div>\n","protected":false},"excerpt":{"rendered":"<p>Points cl\u00e9s Am\u00e9liore la qualit\u00e9 du cuir chevelu pour des cheveux plus \u00e9pais, plus forts&hellip;<\/p>\n","protected":false},"featured_media":15714,"comment_status":"open","ping_status":"closed","template":"","meta":[],"pwb-brand":[660],"product_cat":[598],"product_tag":[373,127,599],"class_list":{"0":"post-29994","1":"product","2":"type-product","3":"status-publish","4":"has-post-thumbnail","6":"pwb-brand-paul-mitchell","7":"product_cat-type-de-cheveux","8":"product_tag-paul-mitchell","9":"product_tag-shampooing-et-coiffure","10":"product_tag-type-de-cheveux","12":"first","13":"instock","14":"taxable","15":"shipping-taxable","16":"purchasable","17":"product-type-simple","18":"layout-style-3","19":"col-md-4 col-sm-4 col-xs-6","20":"col-lg-3","21":"product-style-default"},"aioseo_notices":[],"brands":[{"id":660,"name":"Paul Mitchell","slug":"paul-mitchell"}],"_links":{"self":[{"href":"https:\/\/cheveuxluxe.com\/index.php\/wp-json\/wp\/v2\/product\/29994","targetHints":{"allow":["GET"]}}],"collection":[{"href":"https:\/\/cheveuxluxe.com\/index.php\/wp-json\/wp\/v2\/product"}],"about":[{"href":"https:\/\/cheveuxluxe.com\/index.php\/wp-json\/wp\/v2\/types\/product"}],"replies":[{"embeddable":true,"href":"https:\/\/cheveuxluxe.com\/index.php\/wp-json\/wp\/v2\/comments?post=29994"}],"version-history":[{"count":0,"href":"https:\/\/cheveuxluxe.com\/index.php\/wp-json\/wp\/v2\/product\/29994\/revisions"}],"wp:featuredmedia":[{"embeddable":true,"href":"https:\/\/cheveuxluxe.com\/index.php\/wp-json\/wp\/v2\/media\/15714"}],"wp:attachment":[{"href":"https:\/\/cheveuxluxe.com\/index.php\/wp-json\/wp\/v2\/media?parent=29994"}],"wp:term":[{"taxonomy":"pwb-brand","embeddable":true,"href":"https:\/\/cheveuxluxe.com\/index.php\/wp-json\/wp\/v2\/pwb-brand?post=29994"},{"taxonomy":"product_cat","embeddable":true,"href":"https:\/\/cheveuxluxe.com\/index.php\/wp-json\/wp\/v2\/product_cat?post=29994"},{"taxonomy":"product_tag","embeddable":true,"href":"https:\/\/cheveuxluxe.com\/index.php\/wp-json\/wp\/v2\/product_tag?post=29994"}],"curies":[{"name":"wp","href":"https:\/\/api.w.org\/{rel}","templated":true}]}}