{"id":29995,"date":"2024-04-09T22:27:46","date_gmt":"2024-04-09T22:27:46","guid":{"rendered":"https:\/\/cheveuxluxe.com\/index.php\/product\/paul-mitchell-soin-tonifiant-et-calmant\/"},"modified":"2024-04-13T14:07:23","modified_gmt":"2024-04-13T14:07:23","slug":"paul-mitchell-soin-tonifiant-et-calmant","status":"publish","type":"product","link":"https:\/\/cheveuxluxe.com\/index.php\/product\/paul-mitchell-soin-tonifiant-et-calmant\/","title":{"rendered":"Paul Mitchell Soin Tonifiant et Calmant"},"content":{"rendered":"<div class=\"product-content_bottom\">\n<div class=\"pdp-info\">\n<div class=\"pdp-tabs tab-container\">\n<div class=\"tab js-tab\">\n<h3 class=\"tab-title pdp-tabs_title js-tab-mobile-title open\"><span>Points cl\u00e9s<\/span><\/h3>\n<div class=\"tab-description pdp-tabs_description js-tab-description open\" itemprop=\"description\">\n<ul>\n<li>D\u00e9m\u00e8le,r\u00e9pare prot\u00e8ge,hydrate<\/li>\n<li>Apaise le cuir chevelu<\/li>\n<li>Nourrissant aux actis de beurre de karit\u00e9,vitamine E<\/li>\n<li>Fragrance agr\u00e9able menthe, arbre a th\u00e9, agrumes<\/li>\n<\/ul>\n<\/div>\n<\/div>\n<div class=\"tab js-tab\">\n<h3 class=\"tab-title pdp-tabs_title js-tab-mobile-title\"><span>Description<\/span><\/h3>\n<div class=\"tab-description pdp-tabs_description js-tab-description\" itemprop=\"description\">D\u00e9m\u00e8le , r\u00e9pare et prot\u00e8ge les cheveux tout en hydratant les m\u00e8ches et en apaisant le cuir chevelu.<br \/>Les prot\u00e9ines de soja, le panth\u00e9nol, la vitamine E et le beurre de karit\u00e9 r\u00e9parent et prot\u00e8gent, tandis que l&rsquo;\u00e9corce de saule aide \u00e0 apaiser les peaux \u00e0 probl\u00e8mes.<br \/>L&rsquo;huile naturelle d&rsquo;arbre \u00e0 th\u00e9, la menthe poivr\u00e9e et la lavande parfument d\u00e9licatement les cheveux.<\/div>\n<\/div>\n<div class=\"tab js-tab\">\n<h3 class=\"tab-title pdp-tabs_title js-tab-mobile-title\"><span>Ingr\u00e9dients<\/span><\/h3>\n<div class=\"tab-description pdp-tabs_description js-tab-description\">Aqua (Water, Eau), Cetyl Alcohol, Cetearyl Alcohol, Isododecane, Isohexadecane, Stearyl Alcohol, Parfum (Fragrance), Stearalkonium Chloride, Melaleuca Alternifolia (Tea Tree) Leaf Oil, Panthenol, Aloe Barbadensis Extract, Anthemis Nobilis Flower Extract, Ascophyllum Nodosum Extract, Butyrospermum Parkii (Shea) Butter, Hedychium Coronarium (White Ginger) Root Extract, Rosmarinus Officinalis (Rosemary) Leaf, Simmondsia Chinensis (Jojoba) Seed Oil, Tocopheryl Acetate, Hydrogenated Jojoba Oil, Hydrolyzed Soy Protein, Alcohol, Behentrimonium Methosulfate, Bisamino PEG\/PPG-41\/3 Aminoethyl PG-Propyl Dimethicone, Ceteareth-20, Citric Acid, Glycerin, Guar Hydroxypropyltrimonium Chloride, PEG-12 Dimethicone, Salicylic Acid, Phenoxyethanol, Magnesium Chloride, Magnesium Nitrate, Methylchloroisothiazolinone, Methylisothiazolinone, Citronellol, Limonene, Linalool, Yellow 5 (CI 19140), Chromium Hydroxide Green (CI 77289).<\/div>\n<\/div>\n<div class=\"tab js-tab\">\n<h3 class=\"tab-title pdp-tabs_title js-tab-mobile-title\"><span>Livraison et stock<\/span><\/h3>\n<div class=\"tab-description pdp-tabs_description js-tab-description\">\n<div class=\"pdp-delivery_info\">\n<div class=\"content-asset\">Livraison et d\u00e9laisRetours et remboursements<\/div>\n<\/div>\n<\/div>\n<\/div>\n<\/div>\n<\/div>\n<\/div>\n","protected":false},"excerpt":{"rendered":"<p>Points cl\u00e9s D\u00e9m\u00e8le,r\u00e9pare prot\u00e8ge,hydrate Apaise le cuir chevelu Nourrissant aux actis de beurre de karit\u00e9,vitamine&hellip;<\/p>\n","protected":false},"featured_media":16309,"comment_status":"open","ping_status":"closed","template":"","meta":[],"pwb-brand":[660],"product_cat":[598],"product_tag":[373,127,599],"class_list":{"0":"post-29995","1":"product","2":"type-product","3":"status-publish","4":"has-post-thumbnail","6":"pwb-brand-paul-mitchell","7":"product_cat-type-de-cheveux","8":"product_tag-paul-mitchell","9":"product_tag-shampooing-et-coiffure","10":"product_tag-type-de-cheveux","12":"first","13":"instock","14":"taxable","15":"shipping-taxable","16":"purchasable","17":"product-type-simple","18":"layout-style-3","19":"col-md-4 col-sm-4 col-xs-6","20":"col-lg-3","21":"product-style-default"},"aioseo_notices":[],"brands":[{"id":660,"name":"Paul Mitchell","slug":"paul-mitchell"}],"_links":{"self":[{"href":"https:\/\/cheveuxluxe.com\/index.php\/wp-json\/wp\/v2\/product\/29995","targetHints":{"allow":["GET"]}}],"collection":[{"href":"https:\/\/cheveuxluxe.com\/index.php\/wp-json\/wp\/v2\/product"}],"about":[{"href":"https:\/\/cheveuxluxe.com\/index.php\/wp-json\/wp\/v2\/types\/product"}],"replies":[{"embeddable":true,"href":"https:\/\/cheveuxluxe.com\/index.php\/wp-json\/wp\/v2\/comments?post=29995"}],"version-history":[{"count":0,"href":"https:\/\/cheveuxluxe.com\/index.php\/wp-json\/wp\/v2\/product\/29995\/revisions"}],"wp:featuredmedia":[{"embeddable":true,"href":"https:\/\/cheveuxluxe.com\/index.php\/wp-json\/wp\/v2\/media\/16309"}],"wp:attachment":[{"href":"https:\/\/cheveuxluxe.com\/index.php\/wp-json\/wp\/v2\/media?parent=29995"}],"wp:term":[{"taxonomy":"pwb-brand","embeddable":true,"href":"https:\/\/cheveuxluxe.com\/index.php\/wp-json\/wp\/v2\/pwb-brand?post=29995"},{"taxonomy":"product_cat","embeddable":true,"href":"https:\/\/cheveuxluxe.com\/index.php\/wp-json\/wp\/v2\/product_cat?post=29995"},{"taxonomy":"product_tag","embeddable":true,"href":"https:\/\/cheveuxluxe.com\/index.php\/wp-json\/wp\/v2\/product_tag?post=29995"}],"curies":[{"name":"wp","href":"https:\/\/api.w.org\/{rel}","templated":true}]}}