{"id":29998,"date":"2024-04-09T22:27:47","date_gmt":"2024-04-09T22:27:47","guid":{"rendered":"https:\/\/cheveuxluxe.com\/index.php\/product\/osmo-serum-brillance-leger-blinding-shine-50ml\/"},"modified":"2024-04-13T14:24:47","modified_gmt":"2024-04-13T14:24:47","slug":"osmo-serum-brillance-leger-blinding-shine-50ml","status":"publish","type":"product","link":"https:\/\/cheveuxluxe.com\/index.php\/product\/osmo-serum-brillance-leger-blinding-shine-50ml\/","title":{"rendered":"Osmo S\u00e9rum Brillance L\u00e9ger Blinding Shine 50ml"},"content":{"rendered":"<div class=\"product-content_bottom\">\n<div class=\"pdp-info\">\n<div class=\"pdp-tabs tab-container\">\n<div class=\"tab js-tab\">\n<h3 class=\"tab-title pdp-tabs_title js-tab-mobile-title open\"><span>Points cl\u00e9s<\/span><\/h3>\n<div class=\"tab-description pdp-tabs_description js-tab-description open\" itemprop=\"description\">\n<ul>\n<li> S\u00e9rum brillance<\/li>\n<li>Prot\u00e9ines de soie<\/li>\n<li>Filtres UV<\/li>\n<li>Anti-frisottis<\/li>\n<li>Tout type de cheveux <\/li>\n<\/ul>\n<\/div>\n<\/div>\n<div class=\"tab js-tab\">\n<h3 class=\"tab-title pdp-tabs_title js-tab-mobile-title\"><span>Description<\/span><\/h3>\n<div class=\"tab-description pdp-tabs_description js-tab-description\" itemprop=\"description\">Le S\u00e9rum Brillance d\u2019Osmo est un v\u00e9ritable illuminateur pour toutes les chevelures. Il apporte un \u00e9clat particulier, et \u00e9limine les frisottis et les m\u00e8ches rebelles.Ce soin, \u00e0 base d\u2019huile de c\u00e8dre et de prot\u00e9ines de soie, prot\u00e8ge et hydrate les cheveux en profondeur. Sa formule enrichie en filtres UV renforce les cheveux pour les aider \u00e0 lutter contre les agressions ext\u00e9rieures. D\u00e9licat et non gras, le s\u00e9rum n\u2019alourdit pas la chevelure. Les cheveux \u00e9teints, ab\u00eem\u00e9s ou color\u00e9s retrouvent luminosit\u00e9, l\u00e9g\u00e8ret\u00e9 et souplesse. Le S\u00e9rum Brillance L\u00e9ger emp\u00eache les pointes fourchues et \u00e9limine le probl\u00e8me des cheveux emm\u00eal\u00e9s.Ce soin de finition est le produit professionnel id\u00e9al pour une utilisation quotidienne.<\/div>\n<\/div>\n<div class=\"tab js-tab\">\n<h3 class=\"tab-title pdp-tabs_title js-tab-mobile-title\"><span>Mode d&#8217;emploi<\/span><\/h3>\n<div class=\"tab-description pdp-tabs_description js-tab-description\">\u2013\u00a0Frottez quelques gouttes du S\u00e9rum Brillance au creux de vos mains et r\u00e9partissez le tout uniform\u00e9ment sur cheveux secs, en insistant bien sur les pointes.\u2013\u00a0Peignez les cheveux et proc\u00e9dez ensuite au coiffage habituel.Pour obtenir encore plus de brillance et \u00e9liminer les derni\u00e8res m\u00e8ches rebelles, utilisez le shampoing brillance de la m\u00eame gamme.<\/div>\n<\/div>\n<div class=\"tab js-tab\">\n<h3 class=\"tab-title pdp-tabs_title js-tab-mobile-title\"><span>Ingr\u00e9dients<\/span><\/h3>\n<div class=\"tab-description pdp-tabs_description js-tab-description\">Cyclopentasiloxane, Cyclohexasiloxane, Dimethiconol, Benzophenone- 3, Ethylhexyl Methoxycinnamate, Moringa Oleifera Seed Oil, Parfum (Fragrance), BHT, Linalool, Hexyl Cinnamal, Limonene, Geraniol<\/div>\n<\/div>\n<div class=\"tab js-tab\">\n<h3 class=\"tab-title pdp-tabs_title js-tab-mobile-title\"><span>Livraison et stock<\/span><\/h3>\n<div class=\"tab-description pdp-tabs_description js-tab-description\">\n<div class=\"pdp-delivery_info\">\n<div class=\"content-asset\">Livraison et d\u00e9laisRetours et remboursements<\/div>\n<\/div>\n<\/div>\n<\/div>\n<\/div>\n<\/div>\n<\/div>\n","protected":false},"excerpt":{"rendered":"<p>Points cl\u00e9s S\u00e9rum brillance Prot\u00e9ines de soie Filtres UV Anti-frisottis Tout type de cheveux Description&hellip;<\/p>\n","protected":false},"featured_media":15963,"comment_status":"open","ping_status":"closed","template":"","meta":[],"pwb-brand":[661],"product_cat":[617],"product_tag":[274,385,273],"class_list":{"0":"post-29998","1":"product","2":"type-product","3":"status-publish","4":"has-post-thumbnail","6":"pwb-brand-osmo","7":"product_cat-coiffure","8":"product_tag-coiffure","9":"product_tag-osmo","10":"product_tag-vegan","12":"first","13":"instock","14":"taxable","15":"shipping-taxable","16":"purchasable","17":"product-type-simple","18":"layout-style-3","19":"col-md-4 col-sm-4 col-xs-6","20":"col-lg-3","21":"product-style-default"},"aioseo_notices":[],"brands":[{"id":661,"name":"Osmo","slug":"osmo"}],"_links":{"self":[{"href":"https:\/\/cheveuxluxe.com\/index.php\/wp-json\/wp\/v2\/product\/29998","targetHints":{"allow":["GET"]}}],"collection":[{"href":"https:\/\/cheveuxluxe.com\/index.php\/wp-json\/wp\/v2\/product"}],"about":[{"href":"https:\/\/cheveuxluxe.com\/index.php\/wp-json\/wp\/v2\/types\/product"}],"replies":[{"embeddable":true,"href":"https:\/\/cheveuxluxe.com\/index.php\/wp-json\/wp\/v2\/comments?post=29998"}],"version-history":[{"count":0,"href":"https:\/\/cheveuxluxe.com\/index.php\/wp-json\/wp\/v2\/product\/29998\/revisions"}],"wp:featuredmedia":[{"embeddable":true,"href":"https:\/\/cheveuxluxe.com\/index.php\/wp-json\/wp\/v2\/media\/15963"}],"wp:attachment":[{"href":"https:\/\/cheveuxluxe.com\/index.php\/wp-json\/wp\/v2\/media?parent=29998"}],"wp:term":[{"taxonomy":"pwb-brand","embeddable":true,"href":"https:\/\/cheveuxluxe.com\/index.php\/wp-json\/wp\/v2\/pwb-brand?post=29998"},{"taxonomy":"product_cat","embeddable":true,"href":"https:\/\/cheveuxluxe.com\/index.php\/wp-json\/wp\/v2\/product_cat?post=29998"},{"taxonomy":"product_tag","embeddable":true,"href":"https:\/\/cheveuxluxe.com\/index.php\/wp-json\/wp\/v2\/product_tag?post=29998"}],"curies":[{"name":"wp","href":"https:\/\/api.w.org\/{rel}","templated":true}]}}