{"id":30000,"date":"2024-04-09T22:27:48","date_gmt":"2024-04-09T22:27:48","guid":{"rendered":"https:\/\/cheveuxluxe.com\/index.php\/product\/olaplex-no-9-serum-nourissant-bond-protector-90ml\/"},"modified":"2024-04-13T14:24:42","modified_gmt":"2024-04-13T14:24:42","slug":"olaplex-no-9-serum-nourissant-bond-protector-90ml","status":"publish","type":"product","link":"https:\/\/cheveuxluxe.com\/index.php\/product\/olaplex-no-9-serum-nourissant-bond-protector-90ml\/","title":{"rendered":"Olaplex No. 9 S\u00e9rum Nourissant Bond Protector 90ml"},"content":{"rendered":"<div class=\"product-content_bottom\">\n<div class=\"pdp-info\">\n<div class=\"pdp-tabs tab-container\">\n<div class=\"tab js-tab\">\n<h3 class=\"tab-title pdp-tabs_title js-tab-mobile-title open\"><span>Points cl\u00e9s<\/span><\/h3>\n<div class=\"tab-description pdp-tabs_description js-tab-description open\" itemprop=\"description\">\n<ul>\n<li>Prot\u00e8ge vos cheveux des dommages caus\u00e9s par la pollution, la casse et la chaleur<\/li>\n<li>Technologie prouv\u00e9e qui r\u00e9pare et renforce tous types de cheveux<\/li>\n<li>S\u00e9rum riche en antioxydants<\/li>\n<li>Contribue \u00e0 entretenir l&rsquo;int\u00e9grit\u00e9, la douceur et la brillance des cheveux<\/li>\n<li>Antistatique avec protection contre la chaleur jusqu&rsquo;\u00e0 232\u00b0C<\/li>\n<\/ul>\n<\/div>\n<\/div>\n<div class=\"tab js-tab\">\n<h3 class=\"tab-title pdp-tabs_title js-tab-mobile-title\"><span>Description<\/span><\/h3>\n<div class=\"tab-description pdp-tabs_description js-tab-description\" itemprop=\"description\">Un s\u00e9rum aux multiples bienfaits pour des cheveux en bonne sant\u00e9 gr\u00e2ce \u00e0 la technologie Olaplex\u00ae. Olaplex\u00ae No.9 Bond Protector Nourishing Hair Serum est un s\u00e9rum sans silicone, l\u00e9ger et riche en antioxydants. Il am\u00e9liore la routine capillaire en prot\u00e9geant et en sublimant tous types et toutes textures de cheveux. La pollution agresse nos cheveux au quotidien. Elle les rend ternes, d\u00e9vitalis\u00e9s et difficiles \u00e0 coiffer. Les liaisons finissent ainsi par se rompre. Le N\u00ba.9 regorge d&rsquo;antioxydants qui neutralisent les radicaux libres, agissent comme un bouclier contre la pollution et prot\u00e8gent les cheveux de la casse et de la chaleur.<\/div>\n<\/div>\n<div class=\"tab js-tab\">\n<h3 class=\"tab-title pdp-tabs_title js-tab-mobile-title\"><span>Mode d&#8217;emploi<\/span><\/h3>\n<div class=\"tab-description pdp-tabs_description js-tab-description\">Appliquez une petite quantit\u00e9 sur cheveux humides et s\u00e9ch\u00e9s \u00e0 la serviette, en remontant des pointes \u00e0 la racine. Appliquez-en plus si n\u00e9cessaire. S\u00e9chez \u00e0 l&rsquo;air libre pour une texture souple. S\u00e9chez au s\u00e8che-cheveux pour une finition lisse. Utilisez un embout diffuseur pour obtenir des ondulations ou des boucles. Scannez le QR code pour acc\u00e9der \u00e0 des formations et des vid\u00e9os par type et texture de cheveux.<\/div>\n<\/div>\n<div class=\"tab js-tab\">\n<h3 class=\"tab-title pdp-tabs_title js-tab-mobile-title\"><span>Ingr\u00e9dients<\/span><\/h3>\n<div class=\"tab-description pdp-tabs_description js-tab-description\">Water (Aqua\/Eau), Propanediol, Betaine, Quatemium-22, Sodium Hyaluronate, Bis-Aminopropyl Diglycol Dimaleate, Cetrimonium Chloride, Panthenol, Hydroxyethylcellulose PVP, Guar Hydroxypropyltrimonium Chloride, Furcellaria Lumbricalis Extract, Pelvetia Canaliculata Extract, Xylitylglucoside, Polyquatemium-44, Anhydroxylitol, Maltitol, Citric Acid, Trisodium Ethylenediamine Disuccinate, Xylitol, Sorbic Acid, Phenoxyethanol, Ethylhexylglycerin, Sodium Benzoate, Fragrance (Partum), Citral, Cttronellol, Hexyl Cinnamal, Limonene, Linalool<\/div>\n<\/div>\n<div class=\"tab js-tab\">\n<h3 class=\"tab-title pdp-tabs_title js-tab-mobile-title\"><span>Livraison et stock<\/span><\/h3>\n<div class=\"tab-description pdp-tabs_description js-tab-description\">\n<div class=\"pdp-delivery_info\">\n<div class=\"content-asset\">Livraison et d\u00e9laisRetours et remboursements<\/div>\n<\/div>\n<\/div>\n<\/div>\n<\/div>\n<\/div>\n<\/div>\n","protected":false},"excerpt":{"rendered":"<p>Points cl\u00e9s Prot\u00e8ge vos cheveux des dommages caus\u00e9s par la pollution, la casse et la&hellip;<\/p>\n","protected":false},"featured_media":20424,"comment_status":"open","ping_status":"closed","template":"","meta":[],"pwb-brand":[662],"product_cat":[617],"product_tag":[274,260,273],"class_list":{"0":"post-30000","1":"product","2":"type-product","3":"status-publish","4":"has-post-thumbnail","6":"pwb-brand-olaplex","7":"product_cat-coiffure","8":"product_tag-coiffure","9":"product_tag-olaplex","10":"product_tag-vegan","12":"first","13":"instock","14":"taxable","15":"shipping-taxable","16":"purchasable","17":"product-type-simple","18":"layout-style-3","19":"col-md-4 col-sm-4 col-xs-6","20":"col-lg-3","21":"product-has-gallery","22":"product-style-default"},"aioseo_notices":[],"brands":[{"id":662,"name":"Olaplex","slug":"olaplex"}],"_links":{"self":[{"href":"https:\/\/cheveuxluxe.com\/index.php\/wp-json\/wp\/v2\/product\/30000","targetHints":{"allow":["GET"]}}],"collection":[{"href":"https:\/\/cheveuxluxe.com\/index.php\/wp-json\/wp\/v2\/product"}],"about":[{"href":"https:\/\/cheveuxluxe.com\/index.php\/wp-json\/wp\/v2\/types\/product"}],"replies":[{"embeddable":true,"href":"https:\/\/cheveuxluxe.com\/index.php\/wp-json\/wp\/v2\/comments?post=30000"}],"version-history":[{"count":0,"href":"https:\/\/cheveuxluxe.com\/index.php\/wp-json\/wp\/v2\/product\/30000\/revisions"}],"wp:featuredmedia":[{"embeddable":true,"href":"https:\/\/cheveuxluxe.com\/index.php\/wp-json\/wp\/v2\/media\/20424"}],"wp:attachment":[{"href":"https:\/\/cheveuxluxe.com\/index.php\/wp-json\/wp\/v2\/media?parent=30000"}],"wp:term":[{"taxonomy":"pwb-brand","embeddable":true,"href":"https:\/\/cheveuxluxe.com\/index.php\/wp-json\/wp\/v2\/pwb-brand?post=30000"},{"taxonomy":"product_cat","embeddable":true,"href":"https:\/\/cheveuxluxe.com\/index.php\/wp-json\/wp\/v2\/product_cat?post=30000"},{"taxonomy":"product_tag","embeddable":true,"href":"https:\/\/cheveuxluxe.com\/index.php\/wp-json\/wp\/v2\/product_tag?post=30000"}],"curies":[{"name":"wp","href":"https:\/\/api.w.org\/{rel}","templated":true}]}}