{"id":30010,"date":"2024-04-09T22:28:10","date_gmt":"2024-04-09T22:28:10","guid":{"rendered":"https:\/\/cheveuxluxe.com\/index.php\/product\/olaplex-brumisateur-de-sechage-volumisant-150ml\/"},"modified":"2024-04-13T14:24:50","modified_gmt":"2024-04-13T14:24:50","slug":"olaplex-brumisateur-de-sechage-volumisant-150ml","status":"publish","type":"product","link":"https:\/\/cheveuxluxe.com\/index.php\/product\/olaplex-brumisateur-de-sechage-volumisant-150ml\/","title":{"rendered":"Olaplex Brumisateur de S\u00e9chage Volumisant 150ml"},"content":{"rendered":"<div class=\"product-content_bottom\">\n<div class=\"pdp-info\">\n<div class=\"pdp-tabs tab-container\">\n<div class=\"tab js-tab\">\n<h3 class=\"tab-title pdp-tabs_title js-tab-mobile-title open\"><span>Points cl\u00e9s<\/span><\/h3>\n<div class=\"tab-description pdp-tabs_description js-tab-description open\" itemprop=\"description\">\n<ul>\n<li>Une brume r\u00e9paratrice qui prot\u00e8ge la chevelure lors de l&rsquo;utilisation du s\u00e8che-cheveux<\/li>\n<li>R\u00e9pare et prot\u00e8ge les cheveux contre la chaleur du s\u00e8che-cheveux<\/li>\n<li>\u00c0 utiliser sur cheveux mouill\u00e9s ou secs. R\u00e9sultat : une souplesse et un volume durables<\/li>\n<li>Donne de la brillance et un toucher doux aux cheveux<\/li>\n<li>R\u00e9siste \u00e0 l\u2019humidit\u00e9<\/li>\n<li>Prot\u00e8ge de la chaleur<\/li>\n<\/ul>\n<\/div>\n<\/div>\n<div class=\"tab js-tab\">\n<h3 class=\"tab-title pdp-tabs_title js-tab-mobile-title\"><span>Description<\/span><\/h3>\n<div class=\"tab-description pdp-tabs_description js-tab-description\" itemprop=\"description\">Am\u00e9liorez votre routine de coiffage avec la brume r\u00e9paratrice Volumizing Blow Dry Mist. Rehaussez votre brushing et prot\u00e9gez vos cheveux des dommages pendant l\u2019\u00e9tape de coiffage, pour un s\u00e9chage plus rapide et des cheveux d\u2019apparence plus saine. Cheveux secs ou mouill\u00e9s, quel que soit le type de cheveux, am\u00e9liorez votre brushing sans laisser les cheveux rigides ou collants. La brume Volumizing Blow Dry Mist est invisible et donne du corps et du rebond aux cheveux. Ces derniers sont doux au toucher et visiblement brillants et en bonne sant\u00e9. R\u00e9siste \u00e0 l\u2019humidit\u00e9. Prot\u00e8ge de la chaleur.<\/div>\n<\/div>\n<div class=\"tab js-tab\">\n<h3 class=\"tab-title pdp-tabs_title js-tab-mobile-title\"><span>Mode d&#8217;emploi<\/span><\/h3>\n<div class=\"tab-description pdp-tabs_description js-tab-description\">\n<p>Vaporisez une quantit\u00e9 g\u00e9n\u00e9reuse sur cheveux propres et humides, des racines aux pointes.<\/p>\n<p>Pendant le s\u00e9chage, dirigez les cheveux vers l\u2019ext\u00e9rieur pour plus de corps et de rebond. Pour rafra\u00eechir votre coiffure au lendemain du lavage, appliquez la Volumizing Blow Dry Mist sur cheveux secs, en insistant sur les racines. Utilisez une brosse ronde pour donner du volume aux racines pendant le s\u00e9chage au s\u00e8che-cheveux.<\/p>\n<\/div>\n<\/div>\n<div class=\"tab js-tab\">\n<h3 class=\"tab-title pdp-tabs_title js-tab-mobile-title\"><span>Ingr\u00e9dients<\/span><\/h3>\n<div class=\"tab-description pdp-tabs_description js-tab-description\">Water (Aqua\/Eau), Phyllostachys Bambusoides Extract, Pisum Sativum (Pea) Peptide, Maltodextrin, Maltodextrin\/VP Copolymer, PVP, Polysorbate 20, Fragrance (Parfum), Artocarpus Heterophyllus Fruit Extract, Sodium Benzoate, Bis-Aminopropyl Diglycol Dimaleate, Sodium Metabisulfite, Potassium Sorbate, Sodium Phytate, Leuconostoc\/Radish Root Ferment Filtrate, Lactobacillus Ferment, Ethylhexylglycerin, Phenoxyethanol, Hexyl Cinnamal, Limonene, Citral, Linalool, Citronellol<\/div>\n<\/div>\n<div class=\"tab js-tab\">\n<h3 class=\"tab-title pdp-tabs_title js-tab-mobile-title\"><span>Livraison et stock<\/span><\/h3>\n<div class=\"tab-description pdp-tabs_description js-tab-description\">\n<div class=\"pdp-delivery_info\">\n<div class=\"content-asset\">Livraison et d\u00e9laisRetours et remboursements<\/div>\n<\/div>\n<\/div>\n<\/div>\n<\/div>\n<\/div>\n<\/div>\n","protected":false},"excerpt":{"rendered":"<p>Points cl\u00e9s Une brume r\u00e9paratrice qui prot\u00e8ge la chevelure lors de l&rsquo;utilisation du s\u00e8che-cheveux R\u00e9pare&hellip;<\/p>\n","protected":false},"featured_media":30004,"comment_status":"open","ping_status":"closed","template":"","meta":[],"pwb-brand":[662],"product_cat":[617],"product_tag":[274,260,273],"class_list":{"0":"post-30010","1":"product","2":"type-product","3":"status-publish","4":"has-post-thumbnail","6":"pwb-brand-olaplex","7":"product_cat-coiffure","8":"product_tag-coiffure","9":"product_tag-olaplex","10":"product_tag-vegan","12":"first","13":"instock","14":"taxable","15":"shipping-taxable","16":"purchasable","17":"product-type-simple","18":"layout-style-3","19":"col-md-4 col-sm-4 col-xs-6","20":"col-lg-3","21":"product-has-gallery","22":"product-style-default"},"aioseo_notices":[],"brands":[{"id":662,"name":"Olaplex","slug":"olaplex"}],"_links":{"self":[{"href":"https:\/\/cheveuxluxe.com\/index.php\/wp-json\/wp\/v2\/product\/30010","targetHints":{"allow":["GET"]}}],"collection":[{"href":"https:\/\/cheveuxluxe.com\/index.php\/wp-json\/wp\/v2\/product"}],"about":[{"href":"https:\/\/cheveuxluxe.com\/index.php\/wp-json\/wp\/v2\/types\/product"}],"replies":[{"embeddable":true,"href":"https:\/\/cheveuxluxe.com\/index.php\/wp-json\/wp\/v2\/comments?post=30010"}],"version-history":[{"count":0,"href":"https:\/\/cheveuxluxe.com\/index.php\/wp-json\/wp\/v2\/product\/30010\/revisions"}],"wp:featuredmedia":[{"embeddable":true,"href":"https:\/\/cheveuxluxe.com\/index.php\/wp-json\/wp\/v2\/media\/30004"}],"wp:attachment":[{"href":"https:\/\/cheveuxluxe.com\/index.php\/wp-json\/wp\/v2\/media?parent=30010"}],"wp:term":[{"taxonomy":"pwb-brand","embeddable":true,"href":"https:\/\/cheveuxluxe.com\/index.php\/wp-json\/wp\/v2\/pwb-brand?post=30010"},{"taxonomy":"product_cat","embeddable":true,"href":"https:\/\/cheveuxluxe.com\/index.php\/wp-json\/wp\/v2\/product_cat?post=30010"},{"taxonomy":"product_tag","embeddable":true,"href":"https:\/\/cheveuxluxe.com\/index.php\/wp-json\/wp\/v2\/product_tag?post=30010"}],"curies":[{"name":"wp","href":"https:\/\/api.w.org\/{rel}","templated":true}]}}