{"id":30018,"date":"2024-04-09T22:28:30","date_gmt":"2024-04-09T22:28:30","guid":{"rendered":"https:\/\/cheveuxluxe.com\/index.php\/product\/loreal-professionnel-serie-expert-vitamino-color-lait-10in1-190ml\/"},"modified":"2024-04-13T14:10:11","modified_gmt":"2024-04-13T14:10:11","slug":"loreal-professionnel-serie-expert-vitamino-color-lait-10in1-190ml","status":"publish","type":"product","link":"https:\/\/cheveuxluxe.com\/index.php\/product\/loreal-professionnel-serie-expert-vitamino-color-lait-10in1-190ml\/","title":{"rendered":"L&rsquo;Or\u00e9al Professionnel S\u00e9rie Expert Vitamino Color Lait 10In1 190ml"},"content":{"rendered":"<div class=\"product-content_bottom\">\n<div class=\"pdp-info\">\n<div class=\"pdp-tabs tab-container\">\n<div class=\"tab js-tab\">\n<h3 class=\"tab-title pdp-tabs_title js-tab-mobile-title open\"><span>Points cl\u00e9s<\/span><\/h3>\n<div class=\"tab-description pdp-tabs_description js-tab-description open\" itemprop=\"description\">\n<ul>\n<li>Enrichi en Resveratrol, ce lait pour cheveux color\u00e9s offre de nombreux b\u00e9n\u00e9fices.<\/li>\n<li>Il prot\u00e8ge la fibre capillaire et sublime votre coloration.<\/li>\n<\/ul>\n<\/div>\n<\/div>\n<div class=\"tab js-tab\">\n<h3 class=\"tab-title pdp-tabs_title js-tab-mobile-title\"><span>Description<\/span><\/h3>\n<div class=\"tab-description pdp-tabs_description js-tab-description\" itemprop=\"description\">En manque d&rsquo;\u00e9clat ou fragilis\u00e9s, vos cheveux color\u00e9s n\u00e9cessitent des soins en permanence. Avec ce lait de la gamme Vitamino Color, offrez-leur tout ce dont ils ont besoin en un seul geste. Pr\u00e9sent\u00e9 dans un flacon pratique, il contient 10 b\u00e9n\u00e9fices : protection, brillance, douceur, homog\u00e9n\u00e9it\u00e9, hydratation, d\u00e9m\u00ealage simplifi\u00e9, aide au brushing, et actions anti-casse, anti-fourches et anti-frizz. Avec sa formule professionnelle hautement concentr\u00e9e en antioxydants, ce lait pour cheveux color\u00e9s prot\u00e8ge la fibre capillaire et l&rsquo;hydrate en profondeur. Il est un atout de taille contre les pointes ab\u00eem\u00e9es et les frisottis. En surface, vos cheveux sont plus doux et plus \u00e9clatants, r\u00e9v\u00e9lant avec brio vos jolis reflets gris ou vos m\u00e8ches blondes. L&rsquo;ensemble est harmonieux et votre couleur retrouve de son authenticit\u00e9. Vos cheveux sont \u00e9galement plus faciles \u00e0 coiffer au quotidien. Cheveux color\u00e9s : quelle routine beaut\u00e9 adopter apr\u00e8s la douche ?<\/p>\n<p>Vous s\u00e9chez votre chevelure ou l&rsquo;essorez d\u00e9licatement avec une serviette, puis passez \u00e0 l&rsquo;action. Avec le lait Vitamino Color 10-en-1, vous vaporisez sans rincer. Libre \u00e0 vous, ensuite, de garder votre look naturel ou de vous coiffer plus minutieusement. Ce lait pour cheveux est id\u00e9al dans toutes les situations, aussi bien avant une coupe ou un brushing, qu&rsquo;en touche finale. Afin de pr\u00e9server votre couleur le plus longtemps possible, vous pouvez accompagner ce lait du Shampoing et du masque fixateur de couleur Vitamino Color de L&rsquo;Or\u00e9al Professionnel.<\/p><\/div>\n<\/div>\n<div class=\"tab js-tab\">\n<h3 class=\"tab-title pdp-tabs_title js-tab-mobile-title\"><span>Mode d&#8217;emploi<\/span><\/h3>\n<div class=\"tab-description pdp-tabs_description js-tab-description\">Essorez vos cheveux lav\u00e9s \u00e0 l&rsquo;aide d&rsquo;une serviette ou s\u00e9chez-les \u00e0 votre guise.<br \/>Diffusez ce lait sur vos cheveux en un seul geste.<br \/>Proc\u00e9dez \u00e0 votre brushing habituel, \u00e0 l&rsquo;aide d&rsquo;un s\u00e8che-cheveux ou d&rsquo;un lisseur professionnel.<\/div>\n<\/div>\n<div class=\"tab js-tab\">\n<h3 class=\"tab-title pdp-tabs_title js-tab-mobile-title\"><span>Ingr\u00e9dients<\/span><\/h3>\n<div class=\"tab-description pdp-tabs_description js-tab-description\">AQUA \/ WATER, COCOS NUCIFERA OIL \/ COCONUT OIL, AMODIMETHICONE, POLYQUATERNIUM-37, PHENOXYETHANOL, PROPYLENE GLYCOL DICAPRYLATE\/DICAPRATE, TOCOPHEROL, SODIUM HYDROXIDE, DIMETHICONE PEG-7 PHOSPHATE, PPG-1 TRIDECETH-6, TRIDECETH-6, BEHENTRIMONIUM CHLORIDE, XYLOSE, LACTIC ACID, ETHYLHEXYLGLYCERIN, LINALOOL, SORBITAN OLEATE, ISOPROPYL ALCOHOL, CETRIMONIUM CHLORIDE, HYDROLYZED VEGETABLE PROTEIN PG-PROPYL SILANETRIOL, RESVERATROL, BENZYL ALCOHOL, LIMONENE, COUMARIN, POTASSIUM SORBATE, PARFUM \/ FRAGRANCE<\/div>\n<\/div>\n<div class=\"tab js-tab\">\n<h3 class=\"tab-title pdp-tabs_title js-tab-mobile-title\"><span>Livraison et stock<\/span><\/h3>\n<div class=\"tab-description pdp-tabs_description js-tab-description\">\n<div class=\"pdp-delivery_info\">\n<div class=\"content-asset\">Livraison et d\u00e9laisRetours et remboursements<\/div>\n<\/div>\n<\/div>\n<\/div>\n<div class=\"tab js-tab\">\n<h3 class=\"tab-title pdp-tabs_title js-tab-mobile-title\"><span>Pr\u00e9cautions d&#8217;emploi<\/span><\/h3>\n<div class=\"tab-description pdp-tabs_description js-tab-description\">En cas de contact avec les yeux,rincer avec de l&rsquo;eau imm\u00e9diatement et abondamment. Usage externe exclusivement.<\/div>\n<\/div>\n<\/div>\n<\/div>\n<\/div>\n","protected":false},"excerpt":{"rendered":"<p>Points cl\u00e9s Enrichi en Resveratrol, ce lait pour cheveux color\u00e9s offre de nombreux b\u00e9n\u00e9fices. Il&hellip;<\/p>\n","protected":false},"featured_media":20740,"comment_status":"open","ping_status":"closed","template":"","meta":[],"pwb-brand":[649],"product_cat":[598],"product_tag":[325,127,599],"class_list":{"0":"post-30018","1":"product","2":"type-product","3":"status-publish","4":"has-post-thumbnail","6":"pwb-brand-loreal-professionnel","7":"product_cat-type-de-cheveux","8":"product_tag-loreal-professionnel","9":"product_tag-shampooing-et-coiffure","10":"product_tag-type-de-cheveux","12":"first","13":"instock","14":"taxable","15":"shipping-taxable","16":"purchasable","17":"product-type-simple","18":"layout-style-3","19":"col-md-4 col-sm-4 col-xs-6","20":"col-lg-3","21":"product-has-gallery","22":"product-style-default"},"aioseo_notices":[],"brands":[{"id":649,"name":"L'Or\u00e9al Professionnel","slug":"loreal-professionnel"}],"_links":{"self":[{"href":"https:\/\/cheveuxluxe.com\/index.php\/wp-json\/wp\/v2\/product\/30018","targetHints":{"allow":["GET"]}}],"collection":[{"href":"https:\/\/cheveuxluxe.com\/index.php\/wp-json\/wp\/v2\/product"}],"about":[{"href":"https:\/\/cheveuxluxe.com\/index.php\/wp-json\/wp\/v2\/types\/product"}],"replies":[{"embeddable":true,"href":"https:\/\/cheveuxluxe.com\/index.php\/wp-json\/wp\/v2\/comments?post=30018"}],"version-history":[{"count":0,"href":"https:\/\/cheveuxluxe.com\/index.php\/wp-json\/wp\/v2\/product\/30018\/revisions"}],"wp:featuredmedia":[{"embeddable":true,"href":"https:\/\/cheveuxluxe.com\/index.php\/wp-json\/wp\/v2\/media\/20740"}],"wp:attachment":[{"href":"https:\/\/cheveuxluxe.com\/index.php\/wp-json\/wp\/v2\/media?parent=30018"}],"wp:term":[{"taxonomy":"pwb-brand","embeddable":true,"href":"https:\/\/cheveuxluxe.com\/index.php\/wp-json\/wp\/v2\/pwb-brand?post=30018"},{"taxonomy":"product_cat","embeddable":true,"href":"https:\/\/cheveuxluxe.com\/index.php\/wp-json\/wp\/v2\/product_cat?post=30018"},{"taxonomy":"product_tag","embeddable":true,"href":"https:\/\/cheveuxluxe.com\/index.php\/wp-json\/wp\/v2\/product_tag?post=30018"}],"curies":[{"name":"wp","href":"https:\/\/api.w.org\/{rel}","templated":true}]}}