{"id":30021,"date":"2024-04-09T22:28:36","date_gmt":"2024-04-09T22:28:36","guid":{"rendered":"https:\/\/cheveuxluxe.com\/index.php\/product\/loreal-professionnel-serie-expert-scalp-aminexil-advance-activateur-42x6-ml\/"},"modified":"2024-04-13T14:08:08","modified_gmt":"2024-04-13T14:08:08","slug":"loreal-professionnel-serie-expert-scalp-aminexil-advance-activateur-42x6-ml","status":"publish","type":"product","link":"https:\/\/cheveuxluxe.com\/index.php\/product\/loreal-professionnel-serie-expert-scalp-aminexil-advance-activateur-42x6-ml\/","title":{"rendered":"L\u2019Or\u00e9al Professionnel Serie Expert Scalp-Aminexil Advance Activateur 42&#215;6 ml"},"content":{"rendered":"<div class=\"product-content_bottom\">\n<div class=\"pdp-info\">\n<div class=\"pdp-tabs tab-container\">\n<div class=\"tab js-tab\">\n<h3 class=\"tab-title pdp-tabs_title js-tab-mobile-title open\"><span>Points cl\u00e9s<\/span><\/h3>\n<div class=\"tab-description pdp-tabs_description js-tab-description open\" itemprop=\"description\">\n<ul>\n<li>Cheveux plus volumineux. R\u00e9sultats \u00e0 partir de 6 semaines*<\/li>\n<li>Anti-chute pour les cheveux sujets \u00e0 la chute | Densit\u00e9 et croissance<\/li>\n<\/ul>\n<\/div>\n<\/div>\n<div class=\"tab js-tab\">\n<h3 class=\"tab-title pdp-tabs_title js-tab-mobile-title\"><span>Description<\/span><\/h3>\n<div class=\"tab-description pdp-tabs_description js-tab-description\" itemprop=\"description\">[CHUTE DE CHEVEUX] : C&rsquo;est un cercle vicieux et vous voulez en sortir. [LUTTER CONTRE LA PERTE DE CHEVEUX] : Aminexil Advanced Programme activateur anti-chute a \u00e9t\u00e9 formul\u00e9 de mani\u00e8re cibl\u00e9e pour les cheveux sujets \u00e0 la chute. Cette cure l\u00e9g\u00e8re r\u00e9duit la chute des cheveux pour une chevelure plus dense. R\u00e9sultats \u00e0 partir de 6 semaines*.\u00a0*\u00c9tude clinique avec 130 personnes pendant 6 semaines. [ACTIFS ULTRA-PUISSANTS] : Concentr\u00e9 avec 1,5 % d&rsquo;Aminexil, pour am\u00e9liorer la r\u00e9ticulation des r\u00e9seaux de collag\u00e8ne et de fibronectine, renfor\u00e7ant l&rsquo;ancrage des racines ; et enrichi en Om\u00e9ga 6** pour aider \u00e0 nourrir la fibre capillaire. **D\u00e9riv\u00e9.[APPROUV\u00c9 PAR LES DERMATOLOGUES] : Fabriqu\u00e9 avec des pros du cheveu, approuv\u00e9 par les dermatologues. 1\u00e8re co-innovation avec 3 experts professionnels du cuir chevelu : l&rsquo;expert en balayage et en coloration, Vivek Shyam Bhatia d&rsquo;Inde, l&rsquo;expert en cuir chevelu, Takku Orii du Japon et l&rsquo;expert en permanente et en services du cuir chevelu, Jimmy Jiang de Chine.[EFFICACIT\u00c9 SCIENTIFIQUEMENT PROUV\u00c9E] : Des cheveux plus volumineux en seulement 6 semaines*. *\u00c9tude clinique avec 130 personnes pendant 6 semaines. [PARFUM FRAIS] : Une composition fra\u00eeche, envelopp\u00e9e d&rsquo;une brise rafra\u00eechissante, avec un c\u0153ur propre et une base protectrice.[COMMENT L&rsquo;UTILISER] : Appliquez une ampoule pleine uniform\u00e9ment sur le cuir chevelu. Massez du bout de vos doigts. Laissez pauser. [CONSEILS DE PRO] : Appliquez le soir apr\u00e8s la routine compl\u00e8te sous la douche pour des effets optimaux.<\/div>\n<\/div>\n<div class=\"tab js-tab\">\n<h3 class=\"tab-title pdp-tabs_title js-tab-mobile-title\"><span>Mode d&#8217;emploi<\/span><\/h3>\n<div class=\"tab-description pdp-tabs_description js-tab-description\">Appliquez une ampoule pleine uniform\u00e9ment sur le cuir chevelu. Massez du bout de vos doigts. Laissez pauser.<\/div>\n<\/div>\n<div class=\"tab js-tab\">\n<h3 class=\"tab-title pdp-tabs_title js-tab-mobile-title\"><span>Ingr\u00e9dients<\/span><\/h3>\n<div class=\"tab-description pdp-tabs_description js-tab-description\">AQUA \/ WATER \u2022 ALCOHOL DENAT. \u2022 DIAMINOPYRIMIDINE OXIDE \u2022 AMINOMETHYL PROPANOL \u2022 PEG-40 HYDROGENATED CASTOR OIL \u2022 CALCIUM PANTOTHENATE \u2022 SAFFLOWER GLUCOSIDE \u2022 PYRIDOXINE HCl \u2022 NIACINAMIDE \u2022 TOCOPHEROL \u2022 SODIUM CITRATE \u2022 PARFUM \/ FRAGRANCE<\/div>\n<\/div>\n<div class=\"tab js-tab\">\n<h3 class=\"tab-title pdp-tabs_title js-tab-mobile-title\"><span>Livraison et stock<\/span><\/h3>\n<div class=\"tab-description pdp-tabs_description js-tab-description\">\n<div class=\"pdp-delivery_info\">\n<div class=\"content-asset\">Livraison et d\u00e9laisRetours et remboursements<\/div>\n<\/div>\n<\/div>\n<\/div>\n<div class=\"tab js-tab\">\n<h3 class=\"tab-title pdp-tabs_title js-tab-mobile-title\"><span>Pr\u00e9cautions d&#8217;emploi<\/span><\/h3>\n<div class=\"tab-description pdp-tabs_description js-tab-description\">En cas de contact avec les yeux, rincer imm\u00e9diatement et abondamment.<\/div>\n<\/div>\n<\/div>\n<\/div>\n<\/div>\n","protected":false},"excerpt":{"rendered":"<p>Points cl\u00e9s Cheveux plus volumineux. R\u00e9sultats \u00e0 partir de 6 semaines* Anti-chute pour les cheveux&hellip;<\/p>\n","protected":false},"featured_media":30019,"comment_status":"open","ping_status":"closed","template":"","meta":[],"pwb-brand":[649],"product_cat":[598],"product_tag":[325,127,599],"class_list":{"0":"post-30021","1":"product","2":"type-product","3":"status-publish","4":"has-post-thumbnail","6":"pwb-brand-loreal-professionnel","7":"product_cat-type-de-cheveux","8":"product_tag-loreal-professionnel","9":"product_tag-shampooing-et-coiffure","10":"product_tag-type-de-cheveux","12":"first","13":"instock","14":"taxable","15":"shipping-taxable","16":"purchasable","17":"product-type-simple","18":"layout-style-3","19":"col-md-4 col-sm-4 col-xs-6","20":"col-lg-3","21":"product-has-gallery","22":"product-style-default"},"aioseo_notices":[],"brands":[{"id":649,"name":"L'Or\u00e9al Professionnel","slug":"loreal-professionnel"}],"_links":{"self":[{"href":"https:\/\/cheveuxluxe.com\/index.php\/wp-json\/wp\/v2\/product\/30021","targetHints":{"allow":["GET"]}}],"collection":[{"href":"https:\/\/cheveuxluxe.com\/index.php\/wp-json\/wp\/v2\/product"}],"about":[{"href":"https:\/\/cheveuxluxe.com\/index.php\/wp-json\/wp\/v2\/types\/product"}],"replies":[{"embeddable":true,"href":"https:\/\/cheveuxluxe.com\/index.php\/wp-json\/wp\/v2\/comments?post=30021"}],"version-history":[{"count":0,"href":"https:\/\/cheveuxluxe.com\/index.php\/wp-json\/wp\/v2\/product\/30021\/revisions"}],"wp:featuredmedia":[{"embeddable":true,"href":"https:\/\/cheveuxluxe.com\/index.php\/wp-json\/wp\/v2\/media\/30019"}],"wp:attachment":[{"href":"https:\/\/cheveuxluxe.com\/index.php\/wp-json\/wp\/v2\/media?parent=30021"}],"wp:term":[{"taxonomy":"pwb-brand","embeddable":true,"href":"https:\/\/cheveuxluxe.com\/index.php\/wp-json\/wp\/v2\/pwb-brand?post=30021"},{"taxonomy":"product_cat","embeddable":true,"href":"https:\/\/cheveuxluxe.com\/index.php\/wp-json\/wp\/v2\/product_cat?post=30021"},{"taxonomy":"product_tag","embeddable":true,"href":"https:\/\/cheveuxluxe.com\/index.php\/wp-json\/wp\/v2\/product_tag?post=30021"}],"curies":[{"name":"wp","href":"https:\/\/api.w.org\/{rel}","templated":true}]}}