{"id":30028,"date":"2024-04-09T22:28:46","date_gmt":"2024-04-09T22:28:46","guid":{"rendered":"https:\/\/cheveuxluxe.com\/index.php\/product\/loreal-professionnel-serie-expert-blondifier-soin-concentre-400ml\/"},"modified":"2024-04-13T14:10:23","modified_gmt":"2024-04-13T14:10:23","slug":"loreal-professionnel-serie-expert-blondifier-soin-concentre-400ml","status":"publish","type":"product","link":"https:\/\/cheveuxluxe.com\/index.php\/product\/loreal-professionnel-serie-expert-blondifier-soin-concentre-400ml\/","title":{"rendered":"L&rsquo;Or\u00e9al Professionnel S\u00e9rie Expert Blondifier Soin Concentr\u00e9 400ml"},"content":{"rendered":"<div class=\"product-content_bottom\">\n<div class=\"pdp-info\">\n<div class=\"pdp-tabs tab-container\">\n<div class=\"tab js-tab\">\n<h3 class=\"tab-title pdp-tabs_title js-tab-mobile-title open\"><span>Points cl\u00e9s<\/span><\/h3>\n<div class=\"tab-description pdp-tabs_description js-tab-description open\" itemprop=\"description\">\n<ul>\n<li>Enrichi en Complexe Gluco-polyph\u00e9nol, ce soin concentr\u00e9 est d\u00e9velopp\u00e9 sp\u00e9cialement pour les cheveux sensibilis\u00e9s et d\u00e9color\u00e9s.<\/li>\n<\/ul>\n<\/div>\n<\/div>\n<div class=\"tab js-tab\">\n<h3 class=\"tab-title pdp-tabs_title js-tab-mobile-title\"><span>Description<\/span><\/h3>\n<div class=\"tab-description pdp-tabs_description js-tab-description\" itemprop=\"description\">Soin concentr\u00e9 restaurateur et illuminateur pour cheveux blonds ou m\u00e9ch\u00e9s. Enrichi en Complexe Gluco-polyph\u00e9nol, ce soin concentr\u00e9 est d\u00e9velopp\u00e9 sp\u00e9cialement pour les cheveux sensibilis\u00e9s et d\u00e9color\u00e9s.<br \/>La fibre est plus r\u00e9sistante pour \u00e9viter la casse. Les cuticules sont liss\u00e9es, comme resserr\u00e9es. Les cheveux sont instantan\u00e9ment plus doux, brillants et forts.<br \/>Appliquer sur cheveux lav\u00e9s et essor\u00e9s. Laisser poser 2-3 minutes. Rincer soigneusement.<\/div>\n<\/div>\n<div class=\"tab js-tab\">\n<h3 class=\"tab-title pdp-tabs_title js-tab-mobile-title\"><span>Mode d&#8217;emploi<\/span><\/h3>\n<div class=\"tab-description pdp-tabs_description js-tab-description\">Appliquer sur cheveux lav\u00e9s et essor\u00e9s.<br \/>Laisser poser 2-3 minutes.<br \/>Rincer soigneusement.<\/div>\n<\/div>\n<div class=\"tab js-tab\">\n<h3 class=\"tab-title pdp-tabs_title js-tab-mobile-title\"><span>Ingr\u00e9dients<\/span><\/h3>\n<div class=\"tab-description pdp-tabs_description js-tab-description\">AQUA \/ WATER, QUATERNIUM-87, STEARYL ALCOHOL, HYDROXYPROPYL STARCH PHOSPHATE, AMODIMETHICONE, PROPYLENE GLYCOL, BEHENTRIMONIUM CHLORIDE, CANDELILLA CERA \/ CANDELILLA WAX, TRIDECETH-5, HEXADIMETHRINE CHLORIDE, GLYCERIN, METHYLPARABEN, TOCOPHERYL ACETATE, PANTHENOL, ISOPROPYL ALCOHOL, TRIDECETH-10, PHENOXYETHANOL, LINALOOL, CHLORHEXIDINE DIHYDROCHLORIDE, ACETIC ACID, 2-OLEAMIDO-1,3-OCTADECANEDIOL, NEOHESPERIDIN DIHYDROCHALCONE, PARFUM \/ FRAGRANCE<\/div>\n<\/div>\n<div class=\"tab js-tab\">\n<h3 class=\"tab-title pdp-tabs_title js-tab-mobile-title\"><span>Livraison et stock<\/span><\/h3>\n<div class=\"tab-description pdp-tabs_description js-tab-description\">\n<div class=\"pdp-delivery_info\">\n<div class=\"content-asset\">Livraison et d\u00e9laisRetours et remboursements<\/div>\n<\/div>\n<\/div>\n<\/div>\n<div class=\"tab js-tab\">\n<h3 class=\"tab-title pdp-tabs_title js-tab-mobile-title\"><span>Pr\u00e9cautions d&#8217;emploi<\/span><\/h3>\n<div class=\"tab-description pdp-tabs_description js-tab-description\">En cas de contact avec les yeux,rincer avec de l&rsquo;eau imm\u00e9diatement et abondamment. Usage externe exclusivement.<\/div>\n<\/div>\n<\/div>\n<\/div>\n<\/div>\n","protected":false},"excerpt":{"rendered":"<p>Points cl\u00e9s Enrichi en Complexe Gluco-polyph\u00e9nol, ce soin concentr\u00e9 est d\u00e9velopp\u00e9 sp\u00e9cialement pour les cheveux&hellip;<\/p>\n","protected":false},"featured_media":21590,"comment_status":"open","ping_status":"closed","template":"","meta":[],"pwb-brand":[649],"product_cat":[598],"product_tag":[325,127,599],"class_list":{"0":"post-30028","1":"product","2":"type-product","3":"status-publish","4":"has-post-thumbnail","6":"pwb-brand-loreal-professionnel","7":"product_cat-type-de-cheveux","8":"product_tag-loreal-professionnel","9":"product_tag-shampooing-et-coiffure","10":"product_tag-type-de-cheveux","12":"first","13":"instock","14":"taxable","15":"shipping-taxable","16":"purchasable","17":"product-type-simple","18":"layout-style-3","19":"col-md-4 col-sm-4 col-xs-6","20":"col-lg-3","21":"product-style-default"},"aioseo_notices":[],"brands":[{"id":649,"name":"L'Or\u00e9al Professionnel","slug":"loreal-professionnel"}],"_links":{"self":[{"href":"https:\/\/cheveuxluxe.com\/index.php\/wp-json\/wp\/v2\/product\/30028","targetHints":{"allow":["GET"]}}],"collection":[{"href":"https:\/\/cheveuxluxe.com\/index.php\/wp-json\/wp\/v2\/product"}],"about":[{"href":"https:\/\/cheveuxluxe.com\/index.php\/wp-json\/wp\/v2\/types\/product"}],"replies":[{"embeddable":true,"href":"https:\/\/cheveuxluxe.com\/index.php\/wp-json\/wp\/v2\/comments?post=30028"}],"version-history":[{"count":0,"href":"https:\/\/cheveuxluxe.com\/index.php\/wp-json\/wp\/v2\/product\/30028\/revisions"}],"wp:featuredmedia":[{"embeddable":true,"href":"https:\/\/cheveuxluxe.com\/index.php\/wp-json\/wp\/v2\/media\/21590"}],"wp:attachment":[{"href":"https:\/\/cheveuxluxe.com\/index.php\/wp-json\/wp\/v2\/media?parent=30028"}],"wp:term":[{"taxonomy":"pwb-brand","embeddable":true,"href":"https:\/\/cheveuxluxe.com\/index.php\/wp-json\/wp\/v2\/pwb-brand?post=30028"},{"taxonomy":"product_cat","embeddable":true,"href":"https:\/\/cheveuxluxe.com\/index.php\/wp-json\/wp\/v2\/product_cat?post=30028"},{"taxonomy":"product_tag","embeddable":true,"href":"https:\/\/cheveuxluxe.com\/index.php\/wp-json\/wp\/v2\/product_tag?post=30028"}],"curies":[{"name":"wp","href":"https:\/\/api.w.org\/{rel}","templated":true}]}}