{"id":30036,"date":"2024-04-09T22:29:02","date_gmt":"2024-04-09T22:29:02","guid":{"rendered":"https:\/\/cheveuxluxe.com\/index.php\/product\/loreal-professionnel-absolut-repair-molecular-masque-reparateur-sans-rincage-100ml\/"},"modified":"2024-04-13T14:02:01","modified_gmt":"2024-04-13T14:02:01","slug":"loreal-professionnel-absolut-repair-molecular-masque-reparateur-sans-rincage-100ml","status":"publish","type":"product","link":"https:\/\/cheveuxluxe.com\/index.php\/product\/loreal-professionnel-absolut-repair-molecular-masque-reparateur-sans-rincage-100ml\/","title":{"rendered":"L&rsquo;Or\u00e9al Professionnel Absolut Repair Molecular Masque R\u00e9parateur Sans Rin\u00e7age, 100ml"},"content":{"rendered":"<div class=\"product-content_bottom\">\n<div class=\"pdp-info\">\n<div class=\"pdp-tabs tab-container\">\n<div class=\"tab js-tab\">\n<h3 class=\"tab-title pdp-tabs_title js-tab-mobile-title open\"><span>Points cl\u00e9s<\/span><\/h3>\n<div class=\"tab-description pdp-tabs_description js-tab-description open\" itemprop=\"description\">\n<ul>\n<li>Toucher naturel<\/li>\n<li>Protection contre la ch\u00e2leur jusqu&rsquo;\u00e0 230\u00b0C\/450\u00b0F*<\/li>\n<li>R\u00e9pare la structure macromol\u00e9culaire des cheveux*. Restaure la force, l&rsquo;\u00e9lasticit\u00e9 et le mouvement des cheveux<\/li>\n<li>Test instrumental sur la structure macromol\u00e9culaire de la fibre apr\u00e8s application du masque sans rin\u00e7age<\/li>\n<li>Test consommateur apr\u00e8s application du shampooing + s\u00e9rum de rincer + masque sans rin\u00e7age<\/li>\n<li>La texture l\u00e9g\u00e8re de la formule p\u00e9n\u00e8tre instantan\u00e9ment et redonne de la force aux cheveux<\/li>\n<li>Les cheveux sont lisses, brillants sains et prot\u00e9g\u00e9s contre les agressions ext\u00e9rieures<\/li>\n<\/ul>\n<\/div>\n<\/div>\n<div class=\"tab js-tab\">\n<h3 class=\"tab-title pdp-tabs_title js-tab-mobile-title\"><span>Description<\/span><\/h3>\n<div class=\"tab-description pdp-tabs_description js-tab-description\" itemprop=\"description\">L&rsquo;Or\u00e9al Professionnel Absolut Repair Molecular Leave-in Mask, Texture cr\u00e9meuse, R\u00e9pare les dommages &amp; restaure la force, Protecteur contre la ch\u00e2leur pour les cheveux, Pour tous les types de cheveux ab\u00eem\u00e9s, SERIE EXPERT, 100 ml<\/div>\n<\/div>\n<div class=\"tab js-tab\">\n<h3 class=\"tab-title pdp-tabs_title js-tab-mobile-title\"><span>Mode d&#8217;emploi<\/span><\/h3>\n<div class=\"tab-description pdp-tabs_description js-tab-description\">Pour des r\u00e9sultats optimaux, utiliser apr\u00e8s le shampooing et le s\u00e9rum \u00e0 rincer Absolut Repair Molecular. Appliquer sur des cheveux essor\u00e9s. Diviser les cheveux en deux s\u00e9parations et appliquer une pompe par s\u00e9paration. Appliquer-en plus si n\u00e9cessaire. D\u00e9m\u00ealer pour une r\u00e9partition optimale. Sans rin\u00e7age. Proc\u00e9der \u00e0 un s\u00e9chage au s\u00e8che-cheveux ou \u00e0 l&rsquo;air libre.<\/div>\n<\/div>\n<div class=\"tab js-tab\">\n<h3 class=\"tab-title pdp-tabs_title js-tab-mobile-title\"><span>Ingr\u00e9dients<\/span><\/h3>\n<div class=\"tab-description pdp-tabs_description js-tab-description\">AQUA \/ WATER \/ EAU \u25cf ISOPROPYL MYRISTATE \u25cf DIMETHICONE \u25cf AMODIMETHICONE \u25cf TRIETHANOLAMINE \u25cf PHENOXYETHANOL \u25cf CARBOMER \u25cf POLYQUATERNIUM-4 \u25cf POTATO STARCH MODIFIED \u25cf HYDROXYPROPYL GUAR \u25cf BEHENTRIMONIUM CHLORIDE \u25cf ARGININE \u25cf TRIDECETH-6 \u25cf ISOPROPYL ALCOHOL \u25cf CETRIMONIUM CHLORIDE \u25cf LINALOOL \u25cf GLYCINE \u25cf SERINE \u25cf TYROSINE \u25cf CITRIC ACID \u25cf GLUTAMIC ACID \u25cf COUMARIN \u25cf BENZYL ALCOHOL \u25cf BENZYL BENZOATE \u25cf ALPHA-ISOMETHYL IONONE \u25cf PARFUM \/ FRAGRANCE \u25cf<\/div>\n<\/div>\n<div class=\"tab js-tab\">\n<h3 class=\"tab-title pdp-tabs_title js-tab-mobile-title\"><span>Livraison et stock<\/span><\/h3>\n<div class=\"tab-description pdp-tabs_description js-tab-description\">\n<div class=\"pdp-delivery_info\">\n<div class=\"content-asset\">Livraison et d\u00e9laisRetours et remboursements<\/div>\n<\/div>\n<\/div>\n<\/div>\n<div class=\"tab js-tab\">\n<h3 class=\"tab-title pdp-tabs_title js-tab-mobile-title\"><span>Pr\u00e9cautions d&#8217;emploi<\/span><\/h3>\n<div class=\"tab-description pdp-tabs_description js-tab-description\">En cas de contact avec les yeux, rincer imm\u00e9diatement et abondamment.<\/div>\n<\/div>\n<\/div>\n<\/div>\n<\/div>\n","protected":false},"excerpt":{"rendered":"<p>Points cl\u00e9s Toucher naturel Protection contre la ch\u00e2leur jusqu&rsquo;\u00e0 230\u00b0C\/450\u00b0F* R\u00e9pare la structure macromol\u00e9culaire des&hellip;<\/p>\n","protected":false},"featured_media":30030,"comment_status":"open","ping_status":"closed","template":"","meta":[],"pwb-brand":[649],"product_cat":[588],"product_tag":[325,127,140],"class_list":{"0":"post-30036","1":"product","2":"type-product","3":"status-publish","4":"has-post-thumbnail","6":"pwb-brand-loreal-professionnel","7":"product_cat-soins-lotions-et-serums","8":"product_tag-loreal-professionnel","9":"product_tag-shampooing-et-coiffure","10":"product_tag-soins-lotions-et-serums","12":"first","13":"instock","14":"taxable","15":"shipping-taxable","16":"purchasable","17":"product-type-simple","18":"layout-style-3","19":"col-md-4 col-sm-4 col-xs-6","20":"col-lg-3","21":"product-has-gallery","22":"product-style-default"},"aioseo_notices":[],"brands":[{"id":649,"name":"L'Or\u00e9al Professionnel","slug":"loreal-professionnel"}],"_links":{"self":[{"href":"https:\/\/cheveuxluxe.com\/index.php\/wp-json\/wp\/v2\/product\/30036","targetHints":{"allow":["GET"]}}],"collection":[{"href":"https:\/\/cheveuxluxe.com\/index.php\/wp-json\/wp\/v2\/product"}],"about":[{"href":"https:\/\/cheveuxluxe.com\/index.php\/wp-json\/wp\/v2\/types\/product"}],"replies":[{"embeddable":true,"href":"https:\/\/cheveuxluxe.com\/index.php\/wp-json\/wp\/v2\/comments?post=30036"}],"version-history":[{"count":0,"href":"https:\/\/cheveuxluxe.com\/index.php\/wp-json\/wp\/v2\/product\/30036\/revisions"}],"wp:featuredmedia":[{"embeddable":true,"href":"https:\/\/cheveuxluxe.com\/index.php\/wp-json\/wp\/v2\/media\/30030"}],"wp:attachment":[{"href":"https:\/\/cheveuxluxe.com\/index.php\/wp-json\/wp\/v2\/media?parent=30036"}],"wp:term":[{"taxonomy":"pwb-brand","embeddable":true,"href":"https:\/\/cheveuxluxe.com\/index.php\/wp-json\/wp\/v2\/pwb-brand?post=30036"},{"taxonomy":"product_cat","embeddable":true,"href":"https:\/\/cheveuxluxe.com\/index.php\/wp-json\/wp\/v2\/product_cat?post=30036"},{"taxonomy":"product_tag","embeddable":true,"href":"https:\/\/cheveuxluxe.com\/index.php\/wp-json\/wp\/v2\/product_tag?post=30036"}],"curies":[{"name":"wp","href":"https:\/\/api.w.org\/{rel}","templated":true}]}}