{"id":30062,"date":"2024-04-09T22:30:06","date_gmt":"2024-04-09T22:30:06","guid":{"rendered":"https:\/\/cheveuxluxe.com\/index.php\/product\/jump-your-hair-traitement-huile-100ml\/"},"modified":"2024-04-13T14:12:47","modified_gmt":"2024-04-13T14:12:47","slug":"jump-your-hair-traitement-huile-100ml","status":"publish","type":"product","link":"https:\/\/cheveuxluxe.com\/index.php\/product\/jump-your-hair-traitement-huile-100ml\/","title":{"rendered":"Jump Your Hair Traitement Huile 100ml"},"content":{"rendered":"<div class=\"product-content_bottom\">\n<div class=\"pdp-info\">\n<div class=\"pdp-tabs tab-container\">\n<div class=\"tab js-tab\">\n<h3 class=\"tab-title pdp-tabs_title js-tab-mobile-title open\"><span>Points cl\u00e9s<\/span><\/h3>\n<div class=\"tab-description pdp-tabs_description js-tab-description open\" itemprop=\"description\">\n<ul>\n<li>Traitement r\u00e9parateur instantan\u00e9 pour les cheveux secs et ab\u00eem\u00e9s<\/li>\n<li>Huile volatile non grasse<\/li>\n<li>Un d\u00e9m\u00ealage incroyable <\/li>\n<li>Ingr\u00e9dients de haute qualit\u00e9\u00a0: k\u00e9ratine et biotine<\/li>\n<li>Cheveux doux et soyeux<\/li>\n<\/ul>\n<\/div>\n<\/div>\n<div class=\"tab js-tab\">\n<h3 class=\"tab-title pdp-tabs_title js-tab-mobile-title\"><span>Description<\/span><\/h3>\n<div class=\"tab-description pdp-tabs_description js-tab-description\" itemprop=\"description\">Vous r\u00eavez d&rsquo;une crini\u00e8re flamboyante, saine et brillante\u00a0? Les chevaux nous ont murmur\u00e9 leur secret de beaut\u00e9\u00a0: La k\u00e9ratine, la prot\u00e9ine du cheveu et la biotine, la vitamine vedette des \u00e9curies. <br \/>Ultra-l\u00e9g\u00e8re et volatile, elle contient des ingr\u00e9dients \u00e9vanescents uniques pour un traitement professionnel non gras au d\u00e9licat parfum de cuir. Ce traitement capillaire d\u00e9m\u00eale, renforce la brillance et donne des cheveux nourris, faciles \u00e0 coiffer et lisses. Vaporisez-le, sentez-le, aimez-le\u00a0!<\/div>\n<\/div>\n<div class=\"tab js-tab\">\n<h3 class=\"tab-title pdp-tabs_title js-tab-mobile-title\"><span>Mode d&#8217;emploi<\/span><\/h3>\n<div class=\"tab-description pdp-tabs_description js-tab-description\">Vaporisez de la mi-longueur \u00e0 la pointe sur les cheveux secs ou humides.<\/div>\n<\/div>\n<div class=\"tab js-tab\">\n<h3 class=\"tab-title pdp-tabs_title js-tab-mobile-title\"><span>Ingr\u00e9dients<\/span><\/h3>\n<div class=\"tab-description pdp-tabs_description js-tab-description\">Dimethicone, PEG-9 Polydimethylsiloxyethyl Dimethicone, Butyrospermum Parkii (Shea) Oil, Hydrolyzed Keratin, Biotin, Parfum (Fragrance), Aqua (Water), Urea, Disodium Phosphate, Sodium Benzoate, Citric Acid, Limonene<\/div>\n<\/div>\n<div class=\"tab js-tab\">\n<h3 class=\"tab-title pdp-tabs_title js-tab-mobile-title\"><span>Livraison et stock<\/span><\/h3>\n<div class=\"tab-description pdp-tabs_description js-tab-description\">\n<div class=\"pdp-delivery_info\">\n<div class=\"content-asset\">Livraison et d\u00e9laisRetours et remboursements<\/div>\n<\/div>\n<\/div>\n<\/div>\n<div class=\"tab js-tab\">\n<h3 class=\"tab-title pdp-tabs_title js-tab-mobile-title\"><span>Pr\u00e9cautions d&#8217;emploi<\/span><\/h3>\n<div class=\"tab-description pdp-tabs_description js-tab-description\">Pour cheveux uniquement.<br \/>Refermer apr\u00e8s usage.<br \/>Conserver hors de port\u00e9e des enfants.<br \/>Eviter le contact avec les yeux.<br \/>En cas de contact, rincer \u00e0 l\u2019eau.<\/div>\n<\/div>\n<\/div>\n<\/div>\n<\/div>\n","protected":false},"excerpt":{"rendered":"<p>Points cl\u00e9s Traitement r\u00e9parateur instantan\u00e9 pour les cheveux secs et ab\u00eem\u00e9s Huile volatile non grasse&hellip;<\/p>\n","protected":false},"featured_media":22348,"comment_status":"open","ping_status":"closed","template":"","meta":[],"pwb-brand":[711],"product_cat":[598],"product_tag":[579,127,599],"class_list":{"0":"post-30062","1":"product","2":"type-product","3":"status-publish","4":"has-post-thumbnail","6":"pwb-brand-jump-your-hair","7":"product_cat-type-de-cheveux","8":"product_tag-jump-your-hair","9":"product_tag-shampooing-et-coiffure","10":"product_tag-type-de-cheveux","12":"first","13":"instock","14":"taxable","15":"shipping-taxable","16":"purchasable","17":"product-type-simple","18":"layout-style-3","19":"col-md-4 col-sm-4 col-xs-6","20":"col-lg-3","21":"product-style-default"},"aioseo_notices":[],"brands":[{"id":711,"name":"Jump Your Hair","slug":"jump-your-hair"}],"_links":{"self":[{"href":"https:\/\/cheveuxluxe.com\/index.php\/wp-json\/wp\/v2\/product\/30062","targetHints":{"allow":["GET"]}}],"collection":[{"href":"https:\/\/cheveuxluxe.com\/index.php\/wp-json\/wp\/v2\/product"}],"about":[{"href":"https:\/\/cheveuxluxe.com\/index.php\/wp-json\/wp\/v2\/types\/product"}],"replies":[{"embeddable":true,"href":"https:\/\/cheveuxluxe.com\/index.php\/wp-json\/wp\/v2\/comments?post=30062"}],"version-history":[{"count":0,"href":"https:\/\/cheveuxluxe.com\/index.php\/wp-json\/wp\/v2\/product\/30062\/revisions"}],"wp:featuredmedia":[{"embeddable":true,"href":"https:\/\/cheveuxluxe.com\/index.php\/wp-json\/wp\/v2\/media\/22348"}],"wp:attachment":[{"href":"https:\/\/cheveuxluxe.com\/index.php\/wp-json\/wp\/v2\/media?parent=30062"}],"wp:term":[{"taxonomy":"pwb-brand","embeddable":true,"href":"https:\/\/cheveuxluxe.com\/index.php\/wp-json\/wp\/v2\/pwb-brand?post=30062"},{"taxonomy":"product_cat","embeddable":true,"href":"https:\/\/cheveuxluxe.com\/index.php\/wp-json\/wp\/v2\/product_cat?post=30062"},{"taxonomy":"product_tag","embeddable":true,"href":"https:\/\/cheveuxluxe.com\/index.php\/wp-json\/wp\/v2\/product_tag?post=30062"}],"curies":[{"name":"wp","href":"https:\/\/api.w.org\/{rel}","templated":true}]}}