{"id":30067,"date":"2024-04-09T22:30:10","date_gmt":"2024-04-09T22:30:10","guid":{"rendered":"https:\/\/cheveuxluxe.com\/index.php\/product\/eugene-perma-collections-nature-huile-exceptionnelle-120ml\/"},"modified":"2024-04-13T14:06:48","modified_gmt":"2024-04-13T14:06:48","slug":"eugene-perma-collections-nature-huile-exceptionnelle-120ml","status":"publish","type":"product","link":"https:\/\/cheveuxluxe.com\/index.php\/product\/eugene-perma-collections-nature-huile-exceptionnelle-120ml\/","title":{"rendered":"Eugene Perma Collections Nature Huile Exceptionnelle 120ml"},"content":{"rendered":"<div class=\"product-content_bottom\">\n<div class=\"pdp-info\">\n<div class=\"pdp-tabs tab-container\">\n<div class=\"tab js-tab\">\n<h3 class=\"tab-title pdp-tabs_title js-tab-mobile-title open\"><span>Points cl\u00e9s<\/span><\/h3>\n<div class=\"tab-description pdp-tabs_description js-tab-description open\" itemprop=\"description\">\n<ul>\n<li>Nourrit et r\u00e9pare en profondeur la fibre capillaire<\/li>\n<li>Dompte les frisottis<\/li>\n<li>Prot\u00e8ge de la chaleur du s\u00e8che-cheveux<\/li>\n<li>Les cheveux sont faciles \u00e0 d\u00e9m\u00ealer, doux, souples et brillants<\/li>\n<li>Appliqu\u00e9e sur le corps elle laisse la peau douce, hydrat\u00e9e et delicatement parfum\u00e9e<\/li>\n<li>Huile s\u00e8che, ne laisse pas de toucher gras<\/li>\n<\/ul>\n<\/div>\n<\/div>\n<div class=\"tab js-tab\">\n<h3 class=\"tab-title pdp-tabs_title js-tab-mobile-title\"><span>Description<\/span><\/h3>\n<div class=\"tab-description pdp-tabs_description js-tab-description\" itemprop=\"description\">\n<p>Les recettes d\u2019une beaut\u00e9 engag\u00e9e<\/p>\n<p>Collections Nature s\u2019inspire de la nature pour \u00e9laborer des recettes de beaut\u00e9 capillaires plus naturelles, Vegan et fabriqu\u00e9es en France.<\/p>\n<p>Compos\u00e9e \u00e0 99% d\u2019ingr\u00e9dients d\u2019origine naturelle, cette huile s\u00e8che sublime les cheveux et le corps. Ce soin nourrit et r\u00e9pare en profondeur, dompte les frisottis tout en prot\u00e9geant de la chaleur du s\u00e8che-cheveux. Les cheveux sont faciles \u00e0 d\u00e9m\u00ealer, doux, souples et brillants.<\/p>\n<p>Formules professionnelles &amp; naturelles aux engagements forts :<br \/>-La fleur d&rsquo;Hibiscus Bio cultiv\u00e9e dans nos r\u00e9gions pour son parfum solaire et addictif.<br \/>-Sans tensio-actifs sulfat\u00e9s, sans silicones pour un r\u00e9sultat plus naturel<br \/>-100% VEGAN : formule sans ingr\u00e9dients d&rsquo;origine animale<br \/>-Eco-con\u00e7u : nos flacons sont recyclables et compos\u00e9s \u00e0 50% de mat\u00e9riaux recycl\u00e9s<br \/>-Fabriqu\u00e9 avec amour dans notre usine \u00e0 Reims<\/p>\n<\/div>\n<\/div>\n<div class=\"tab js-tab\">\n<h3 class=\"tab-title pdp-tabs_title js-tab-mobile-title\"><span>Mode d&#8217;emploi<\/span><\/h3>\n<div class=\"tab-description pdp-tabs_description js-tab-description\">Appliquer une petite quantit\u00e9 sur les longueurs essor\u00e9es ou s\u00e8ches. Ne pas rincer. Peut \u00e9galement s\u2019utiliser en soin profond en bain d\u2019huile. Sur le corps, appliquer sur une peau propre et s\u00e8che.<\/div>\n<\/div>\n<div class=\"tab js-tab\">\n<h3 class=\"tab-title pdp-tabs_title js-tab-mobile-title\"><span>Ingr\u00e9dients<\/span><\/h3>\n<div class=\"tab-description pdp-tabs_description js-tab-description\">\n<p>Ingredients : caprylic\/capric triglyceride, coco-caprylate\/caprate, c15-19 alkane, parfum (fragrance), brassica campestris \/ aleurites fordii oil copolymer, isopropyl palmitate, cannabis sativa seed oil, tocopherol, helianthus annuus (sunflower) seed oil, hibiscus syriacus flower extract.<\/p>\n<p>Cette liste d&rsquo;ingr\u00e9dients peut faire l&rsquo;objet de modifications, veuillez consulter l&#8217;emballage du produit achet\u00e9.<\/p>\n<\/div>\n<\/div>\n<div class=\"tab js-tab\">\n<h3 class=\"tab-title pdp-tabs_title js-tab-mobile-title\"><span>Livraison et stock<\/span><\/h3>\n<div class=\"tab-description pdp-tabs_description js-tab-description\">\n<div class=\"pdp-delivery_info\">\n<div class=\"content-asset\">Livraison et d\u00e9laisRetours et remboursements<\/div>\n<\/div>\n<\/div>\n<\/div>\n<div class=\"tab js-tab\">\n<h3 class=\"tab-title pdp-tabs_title js-tab-mobile-title\"><span>Pr\u00e9cautions d&#8217;emploi<\/span><\/h3>\n<div class=\"tab-description pdp-tabs_description js-tab-description\">Test\u00e9 sous contr\u00f4le dermatologique.<\/div>\n<\/div>\n<\/div>\n<\/div>\n<\/div>\n","protected":false},"excerpt":{"rendered":"<p>Points cl\u00e9s Nourrit et r\u00e9pare en profondeur la fibre capillaire Dompte les frisottis Prot\u00e8ge de&hellip;<\/p>\n","protected":false},"featured_media":30066,"comment_status":"open","ping_status":"closed","template":"","meta":[],"pwb-brand":[650],"product_cat":[596],"product_tag":[331,128,127],"class_list":{"0":"post-30067","1":"product","2":"type-product","3":"status-publish","4":"has-post-thumbnail","6":"pwb-brand-eugene-perma-professionnel","7":"product_cat-produit-coiffant-et-fixant","8":"product_tag-eugene-perma-professionnel","9":"product_tag-produit-coiffant-et-fixant","10":"product_tag-shampooing-et-coiffure","12":"first","13":"instock","14":"taxable","15":"shipping-taxable","16":"purchasable","17":"product-type-simple","18":"layout-style-3","19":"col-md-4 col-sm-4 col-xs-6","20":"col-lg-3","21":"product-style-default"},"aioseo_notices":[],"brands":[{"id":650,"name":"Eugene Perma Professionnel","slug":"eugene-perma-professionnel"}],"_links":{"self":[{"href":"https:\/\/cheveuxluxe.com\/index.php\/wp-json\/wp\/v2\/product\/30067","targetHints":{"allow":["GET"]}}],"collection":[{"href":"https:\/\/cheveuxluxe.com\/index.php\/wp-json\/wp\/v2\/product"}],"about":[{"href":"https:\/\/cheveuxluxe.com\/index.php\/wp-json\/wp\/v2\/types\/product"}],"replies":[{"embeddable":true,"href":"https:\/\/cheveuxluxe.com\/index.php\/wp-json\/wp\/v2\/comments?post=30067"}],"version-history":[{"count":0,"href":"https:\/\/cheveuxluxe.com\/index.php\/wp-json\/wp\/v2\/product\/30067\/revisions"}],"wp:featuredmedia":[{"embeddable":true,"href":"https:\/\/cheveuxluxe.com\/index.php\/wp-json\/wp\/v2\/media\/30066"}],"wp:attachment":[{"href":"https:\/\/cheveuxluxe.com\/index.php\/wp-json\/wp\/v2\/media?parent=30067"}],"wp:term":[{"taxonomy":"pwb-brand","embeddable":true,"href":"https:\/\/cheveuxluxe.com\/index.php\/wp-json\/wp\/v2\/pwb-brand?post=30067"},{"taxonomy":"product_cat","embeddable":true,"href":"https:\/\/cheveuxluxe.com\/index.php\/wp-json\/wp\/v2\/product_cat?post=30067"},{"taxonomy":"product_tag","embeddable":true,"href":"https:\/\/cheveuxluxe.com\/index.php\/wp-json\/wp\/v2\/product_tag?post=30067"}],"curies":[{"name":"wp","href":"https:\/\/api.w.org\/{rel}","templated":true}]}}