{"id":30074,"date":"2024-04-09T22:30:20","date_gmt":"2024-04-09T22:30:20","guid":{"rendered":"https:\/\/cheveuxluxe.com\/index.php\/product\/damage-undo-creme-multi-benefices\/"},"modified":"2024-04-13T14:27:37","modified_gmt":"2024-04-13T14:27:37","slug":"damage-undo-creme-multi-benefices","status":"publish","type":"product","link":"https:\/\/cheveuxluxe.com\/index.php\/product\/damage-undo-creme-multi-benefices\/","title":{"rendered":"Damage Undo Cr\u00e8me Multi-B\u00e9n\u00e9fices"},"content":{"rendered":"<div class=\"product-content_bottom\">\n<div class=\"pdp-info\">\n<div class=\"pdp-tabs tab-container\">\n<div class=\"tab js-tab\">\n<h3 class=\"tab-title pdp-tabs_title js-tab-mobile-title open\"><span>Points cl\u00e9s<\/span><\/h3>\n<div class=\"tab-description pdp-tabs_description js-tab-description open\" itemprop=\"description\">\n<ul>\n<li>Une cr\u00e8me r\u00e9volutionnaire sans rin\u00e7age qui aide \u00e0 r\u00e9parer, renforcer et prot\u00e9ger les cheveux<\/li>\n<li>La technologie Keraboost r\u00e9pare la structure des cheveux, facilite le coiffage et r\u00e9duit l&rsquo;apparence des fourches<\/li>\n<li>Prot\u00e8ge les cheveux de la chaleur thermique<\/li>\n<li>Ajoute de la texture et du volume tout en combattant les frisottis et en rendant les cheveux brillants<\/li>\n<li>Formule vegan sans parabens, SLES et SLS<\/li>\n<\/ul>\n<\/div>\n<\/div>\n<div class=\"tab js-tab\">\n<h3 class=\"tab-title pdp-tabs_title js-tab-mobile-title\"><span>Description<\/span><\/h3>\n<div class=\"tab-description pdp-tabs_description js-tab-description\" itemprop=\"description\">R\u00e9parez les effets des dommages gr\u00e2ce \u00e0 la technologie brevet\u00e9e Keraboost. Damage Undo est un puissant syst\u00e8me de r\u00e9paration des liaisons en six \u00e9tapes qui inverse les effets des dommages, r\u00e9\u00e9quilibre le pH des cheveux, prolonge la coloration et offre des cheveux en bonne sant\u00e9. Le syst\u00e8me de Damage Undo comporte six produits faciles \u00e0 utiliser qui ont pour objectif de cr\u00e9er le pH parfait pour vos cheveux. Sa technologie brevet\u00e9e Keraboost reconstruit les liaisons rompues dans les cuticules des cheveux pour r\u00e9parer et prot\u00e9ger les cheveux de l\u2019int\u00e9rieur, tout en les prot\u00e9geant des dommages caus\u00e9s par les soins chimiques et thermiques. Damage Undo cr\u00e9e la base parfaite pour les colorations et les d\u00e9colorations en prot\u00e9geant vos cheveux de la suroxydation. La coloration est fix\u00e9e pour tenir plus longtemps avec une hydratation et une brillance optimales.<\/p>\n<p>Damage Undo convient \u00e0 tous types et textures de cheveux, y compris les cheveux color\u00e9s, vierges et boucl\u00e9s. Chaque produit de la gamme est vegan et ne contient aucun ingr\u00e9dient d\u2019origine animale. Tous les produits sont certifi\u00e9s dermatologiquement et sont sans parabens et sans sulfates.<\/p>\n<p>La Damage Undo Multi Benefits Cream est un soin innovant sans rin\u00e7age qui aide \u00e0 r\u00e9parer, \u00e0 renforcer et \u00e0 prot\u00e9ger les cheveux. La technologie Keraboost r\u00e9pare la structure des cheveux, facilite le coiffage et r\u00e9duit l&rsquo;apparence des fourches. La Multi Benefits Cream aide \u00e0 : r\u00e9parer les cheveux ab\u00eem\u00e9s, combattre les frisottis, prot\u00e9ger les cheveux de la chaleur thermique, faciliter l\u2019utilisation de lisseurs, am\u00e9liorer la brillance, prot\u00e9ger la coloration, d\u00e9m\u00ealer et faciliter le coiffage, ajouter de la texture et du volume, r\u00e9duire la formation de fourches, et fixer les coiffures plus longtemps. Appliquez la cr\u00e8me \u00e0 la suite du Repairing Conditioner ou du Colour Preserver pour des cheveux hydrat\u00e9s, faciles \u00e0 coiffer et brillants. Elle peut \u00eatre utilis\u00e9e sur cheveux secs pour retravailler une coiffure ou pour une hydratation suppl\u00e9mentaire.<\/p>\n<p>Ingr\u00e9dients principaux :<br \/>Huile de crambe d&rsquo;Abyssinie : une huile l\u00e9g\u00e8re gorg\u00e9e de vitamines et de min\u00e9raux pour une croissance saine<br \/>Panth\u00e9nol : il renforce les cheveux et leur apporte une brillance \u00e9clatante<br \/>Beurre de karit\u00e9 : il prot\u00e8ge les cheveux et le cuir chevelu tout en apportant de la douceur<br \/>Prot\u00e9ine de bl\u00e9 hydrolys\u00e9e : elle renforce la structure interne des cheveux et lisse la fibre pour des cheveux doux et soyeux<\/div>\n<\/div>\n<div class=\"tab js-tab\">\n<h3 class=\"tab-title pdp-tabs_title js-tab-mobile-title\"><span>Mode d&#8217;emploi<\/span><\/h3>\n<div class=\"tab-description pdp-tabs_description js-tab-description\">Apr\u00e8s avoir utilis\u00e9 les produits nettoyants et revitalisants\/traitements Damage Undo, appliquez uniform\u00e9ment sur les cheveux humides essor\u00e9s. Style comme d&rsquo;habitude.<\/div>\n<\/div>\n<div class=\"tab js-tab\">\n<h3 class=\"tab-title pdp-tabs_title js-tab-mobile-title\"><span>Ingr\u00e9dients<\/span><\/h3>\n<div class=\"tab-description pdp-tabs_description js-tab-description\">AQUA (WATER, EAU), COCOS NUCIFERA (COCONUT) OIL, CETEARYL ALCOHOL, STEARYL HEPTANOATE, HYDROLYZED VEGETABLE PROTEIN, TARTARIC ACID, VITIS VINIFERA (GRAPE) SKIN EXTRACT, PYRUS MALUS (APPLE) FRUIT EXTRACT, TRITICUM VULGARE (WHEAT( BRAN EXTRACT, CITRUS LIMON (LEMON) FRUIT EXTRACT, CAPRYLIC\/CAPRIC TRYGLICERIDE, OCTYLDODECANOL, CETYL ALCOHOL, EUPHORBIA CERIFERA CERA (EUPHORBIA CERIFERA (CANDELILLA) WAX), MANGIFERA INDICA (MANGO) SEED BUTTER, SODIUM STEAROYL LACTYLATE, HYDROGENATED COCONUT OIL, POLYGLYCERAL-3 STEARATE, PROLINE, ARGININE HCI, PANTHENOL, CRAMBE ABYSSINICA SEED OIL, HYDROGENATED CASTOR OIL, BUTYROSPERMUM PARKII (SHEA) BUTTER, TOCOPHERYL ACETATE, HYDROLYZED WHEAT PROTEIN, SODIUM BENZOATE, POTASSIUM SORBATE, SACCHAROMYCES CEREVISIAE EXTRACT, BEHENTRIMONIUM CHLORIDE, CETRIMONIUM CHLORIDE, CITRIC ACID, SODIUM HYDROXIDE, PHENOXYETHANOL, ETHYLHEXYLGYLYCERIN, PARFUM(FRAGRANCE).<\/div>\n<\/div>\n<div class=\"tab js-tab\">\n<h3 class=\"tab-title pdp-tabs_title js-tab-mobile-title\"><span>Livraison et stock<\/span><\/h3>\n<div class=\"tab-description pdp-tabs_description js-tab-description\">\n<div class=\"pdp-delivery_info\">\n<div class=\"content-asset\">Livraison et d\u00e9laisRetours et remboursements<\/div>\n<\/div>\n<\/div>\n<\/div>\n<\/div>\n<\/div>\n<\/div>\n","protected":false},"excerpt":{"rendered":"<p>Points cl\u00e9s Une cr\u00e8me r\u00e9volutionnaire sans rin\u00e7age qui aide \u00e0 r\u00e9parer, renforcer et prot\u00e9ger les&hellip;<\/p>\n","protected":false},"featured_media":30072,"comment_status":"open","ping_status":"closed","template":"","meta":[],"pwb-brand":[713],"product_cat":[617],"product_tag":[274,582,273],"class_list":{"0":"post-30074","1":"product","2":"type-product","3":"status-publish","4":"has-post-thumbnail","6":"pwb-brand-damage-undo","7":"product_cat-coiffure","8":"product_tag-coiffure","9":"product_tag-damage-undo","10":"product_tag-vegan","12":"first","13":"instock","14":"taxable","15":"shipping-taxable","16":"purchasable","17":"product-type-simple","18":"layout-style-3","19":"col-md-4 col-sm-4 col-xs-6","20":"col-lg-3","21":"product-has-gallery","22":"product-style-default"},"aioseo_notices":[],"brands":[{"id":713,"name":"Damage Undo","slug":"damage-undo"}],"_links":{"self":[{"href":"https:\/\/cheveuxluxe.com\/index.php\/wp-json\/wp\/v2\/product\/30074","targetHints":{"allow":["GET"]}}],"collection":[{"href":"https:\/\/cheveuxluxe.com\/index.php\/wp-json\/wp\/v2\/product"}],"about":[{"href":"https:\/\/cheveuxluxe.com\/index.php\/wp-json\/wp\/v2\/types\/product"}],"replies":[{"embeddable":true,"href":"https:\/\/cheveuxluxe.com\/index.php\/wp-json\/wp\/v2\/comments?post=30074"}],"version-history":[{"count":0,"href":"https:\/\/cheveuxluxe.com\/index.php\/wp-json\/wp\/v2\/product\/30074\/revisions"}],"wp:featuredmedia":[{"embeddable":true,"href":"https:\/\/cheveuxluxe.com\/index.php\/wp-json\/wp\/v2\/media\/30072"}],"wp:attachment":[{"href":"https:\/\/cheveuxluxe.com\/index.php\/wp-json\/wp\/v2\/media?parent=30074"}],"wp:term":[{"taxonomy":"pwb-brand","embeddable":true,"href":"https:\/\/cheveuxluxe.com\/index.php\/wp-json\/wp\/v2\/pwb-brand?post=30074"},{"taxonomy":"product_cat","embeddable":true,"href":"https:\/\/cheveuxluxe.com\/index.php\/wp-json\/wp\/v2\/product_cat?post=30074"},{"taxonomy":"product_tag","embeddable":true,"href":"https:\/\/cheveuxluxe.com\/index.php\/wp-json\/wp\/v2\/product_tag?post=30074"}],"curies":[{"name":"wp","href":"https:\/\/api.w.org\/{rel}","templated":true}]}}