{"id":30076,"date":"2024-04-09T22:30:20","date_gmt":"2024-04-09T22:30:20","guid":{"rendered":"https:\/\/cheveuxluxe.com\/index.php\/product\/xp100-masque-cheveux-vital-color-480ml\/"},"modified":"2024-04-13T14:25:14","modified_gmt":"2024-04-13T14:25:14","slug":"xp100-masque-cheveux-vital-color-480ml","status":"publish","type":"product","link":"https:\/\/cheveuxluxe.com\/index.php\/product\/xp100-masque-cheveux-vital-color-480ml\/","title":{"rendered":"XP100 Masque Cheveux Vital Color 480ml"},"content":{"rendered":"<div class=\"product-content_bottom\">\n<div class=\"pdp-info\">\n<div class=\"pdp-tabs tab-container\">\n<div class=\"tab js-tab\">\n<h3 class=\"tab-title pdp-tabs_title js-tab-mobile-title open\"><span>Points cl\u00e9s<\/span><\/h3>\n<div class=\"tab-description pdp-tabs_description js-tab-description open\" itemprop=\"description\">\n<ul>\n<li> Pour cheveux color\u00e9s ou d\u00e9color\u00e9s<\/li>\n<li>Hydrate et nourrit les cheveux<\/li>\n<li>Contient de l\u2019huile de romarin<\/li>\n<li>Sans parab\u00e8nes<\/li>\n<li>Facilite le coiffage <\/li>\n<\/ul>\n<\/div>\n<\/div>\n<div class=\"tab js-tab\">\n<h3 class=\"tab-title pdp-tabs_title js-tab-mobile-title\"><span>Description<\/span><\/h3>\n<div class=\"tab-description pdp-tabs_description js-tab-description\" itemprop=\"description\">Le masque Vital Color de XP100 nourrit et hydrate en profondeur les cheveux color\u00e9s ou d\u00e9color\u00e9s, tout en prolongeant l\u2019intensit\u00e9 de la couleur.Ce soin contient de l\u2019huile de romarin aux propri\u00e9t\u00e9s anti-inflammatoires et antibact\u00e9riennes, mais aussi de l\u2019huile de lavande aux vertus r\u00e9g\u00e9n\u00e9ratrices et apaisantes. Pour compl\u00e9ter ces bienfaits, les prot\u00e9ines de soie lissantes et hydratantes viennent gainer le cheveu et apportent douceur et brillance.Ce masque est formul\u00e9 sans parab\u00e8nes et s\u2019utilise aussi souvent que souhait\u00e9.<\/div>\n<\/div>\n<div class=\"tab js-tab\">\n<h3 class=\"tab-title pdp-tabs_title js-tab-mobile-title\"><span>Mode d&#8217;emploi<\/span><\/h3>\n<div class=\"tab-description pdp-tabs_description js-tab-description\">Apr\u00e8s le shampooing, appliquez une noix de masque Vital Color de XP100 uniform\u00e9ment sur l\u2019ensemble de la chevelure humide ou essor\u00e9e \u00e0 la serviette.Laissez poser 5 minutes, puis rincez abondamment.D\u00e9m\u00ealez et proc\u00e9dez au coiffage habituel.<\/div>\n<\/div>\n<div class=\"tab js-tab\">\n<h3 class=\"tab-title pdp-tabs_title js-tab-mobile-title\"><span>Ingr\u00e9dients<\/span><\/h3>\n<div class=\"tab-description pdp-tabs_description js-tab-description\">NEW INCI 1.\u00a0 Aqua (Water) 2.\u00a0 Propylene Glycol 3.\u00a0 Cetyl Alcohol 4.\u00a0 Cetearyl Alcohol 5.\u00a0 Cocoglycerides 6.\u00a0 Distearoylethyl Dimonium Chloride 7.\u00a0 Hydroxyethylcellulose 8.\u00a0 Quaternium-91 9.\u00a0 Amodimethicone 10.Phenyl Trimethicone 11.Stearamidopropyl Dimethylamine 12.Aminopropyl Phenyl Trimethicone 13.Cetrimonium Methosulfate 14.Persea Gratissima (Avocado) Oil 15.Tocopheryl Acetate 16.Rosmarinus Officinalis (Rosemary) Leaf Oil 17.Cocodimonium Hydroxypropyl Hydrolyzed Wheat Protein 18.Parfum (Fragrance) 19.Cetrimonium Chloride 20.Trideceth-12 21.Citric Acid 22.Benzophenone-4 23.Sodium Benzoate 24.Methylchloroisothiazolinone 25.Methylisothiazolinone<\/div>\n<\/div>\n<div class=\"tab js-tab\">\n<h3 class=\"tab-title pdp-tabs_title js-tab-mobile-title\"><span>Livraison et stock<\/span><\/h3>\n<div class=\"tab-description pdp-tabs_description js-tab-description\">\n<div class=\"pdp-delivery_info\">\n<div class=\"content-asset\">Livraison et d\u00e9laisRetours et remboursements<\/div>\n<\/div>\n<\/div>\n<\/div>\n<div class=\"tab js-tab\">\n<h3 class=\"tab-title pdp-tabs_title js-tab-mobile-title\"><span>Pr\u00e9cautions d&#8217;emploi<\/span><\/h3>\n<div class=\"tab-description pdp-tabs_description js-tab-description\">\u00c9viter le contact avec les yeux. En cas de contact, rincer abondamment.<\/div>\n<\/div>\n<\/div>\n<\/div>\n<\/div>\n","protected":false},"excerpt":{"rendered":"<p>Points cl\u00e9s Pour cheveux color\u00e9s ou d\u00e9color\u00e9s Hydrate et nourrit les cheveux Contient de l\u2019huile&hellip;<\/p>\n","protected":false},"featured_media":16114,"comment_status":"open","ping_status":"closed","template":"","meta":[],"pwb-brand":[627],"product_cat":[617],"product_tag":[274,273,360],"class_list":{"0":"post-30076","1":"product","2":"type-product","3":"status-publish","4":"has-post-thumbnail","6":"pwb-brand-xp100","7":"product_cat-coiffure","8":"product_tag-coiffure","9":"product_tag-vegan","10":"product_tag-xp100","12":"first","13":"instock","14":"taxable","15":"shipping-taxable","16":"purchasable","17":"product-type-simple","18":"layout-style-3","19":"col-md-4 col-sm-4 col-xs-6","20":"col-lg-3","21":"product-has-gallery","22":"product-style-default"},"aioseo_notices":[],"brands":[{"id":627,"name":"XP100","slug":"xp100"}],"_links":{"self":[{"href":"https:\/\/cheveuxluxe.com\/index.php\/wp-json\/wp\/v2\/product\/30076","targetHints":{"allow":["GET"]}}],"collection":[{"href":"https:\/\/cheveuxluxe.com\/index.php\/wp-json\/wp\/v2\/product"}],"about":[{"href":"https:\/\/cheveuxluxe.com\/index.php\/wp-json\/wp\/v2\/types\/product"}],"replies":[{"embeddable":true,"href":"https:\/\/cheveuxluxe.com\/index.php\/wp-json\/wp\/v2\/comments?post=30076"}],"version-history":[{"count":0,"href":"https:\/\/cheveuxluxe.com\/index.php\/wp-json\/wp\/v2\/product\/30076\/revisions"}],"wp:featuredmedia":[{"embeddable":true,"href":"https:\/\/cheveuxluxe.com\/index.php\/wp-json\/wp\/v2\/media\/16114"}],"wp:attachment":[{"href":"https:\/\/cheveuxluxe.com\/index.php\/wp-json\/wp\/v2\/media?parent=30076"}],"wp:term":[{"taxonomy":"pwb-brand","embeddable":true,"href":"https:\/\/cheveuxluxe.com\/index.php\/wp-json\/wp\/v2\/pwb-brand?post=30076"},{"taxonomy":"product_cat","embeddable":true,"href":"https:\/\/cheveuxluxe.com\/index.php\/wp-json\/wp\/v2\/product_cat?post=30076"},{"taxonomy":"product_tag","embeddable":true,"href":"https:\/\/cheveuxluxe.com\/index.php\/wp-json\/wp\/v2\/product_tag?post=30076"}],"curies":[{"name":"wp","href":"https:\/\/api.w.org\/{rel}","templated":true}]}}