{"id":30080,"date":"2024-04-09T22:30:22","date_gmt":"2024-04-09T22:30:22","guid":{"rendered":"https:\/\/cheveuxluxe.com\/index.php\/product\/wunderbar-vegan-masque-cheveux-smoothn-soft-250ml\/"},"modified":"2024-04-13T14:25:28","modified_gmt":"2024-04-13T14:25:28","slug":"wunderbar-vegan-masque-cheveux-smoothn-soft-250ml","status":"publish","type":"product","link":"https:\/\/cheveuxluxe.com\/index.php\/product\/wunderbar-vegan-masque-cheveux-smoothn-soft-250ml\/","title":{"rendered":"Wunderbar Vegan Masque Cheveux Smooth&rsquo;n Soft 250ml"},"content":{"rendered":"<div class=\"product-content_bottom\">\n<div class=\"pdp-info\">\n<div class=\"pdp-tabs tab-container\">\n<div class=\"tab js-tab\">\n<h3 class=\"tab-title pdp-tabs_title js-tab-mobile-title open\"><span>Points cl\u00e9s<\/span><\/h3>\n<div class=\"tab-description pdp-tabs_description js-tab-description open\" itemprop=\"description\">\n<ul>\n<li>Un traitement doux pour les cheveux secs<\/li>\n<li>Hydrate et nourrit les cheveux, pour un r\u00e9sultat lisse et soyeux<\/li>\n<li>\u00c0 l\u2019huile d\u2019Abyssinie <\/li>\n<li>Att\u00e9nue les frisottis et l\u2019effet d\u2019\u00e9lectricit\u00e9 statique<\/li>\n<li>Prot\u00e8ge les cheveux et pr\u00e9serve la couleur contre les \u00e9l\u00e9ments externes<\/li>\n<li>Pour un r\u00e9sultat longue dur\u00e9e<\/li>\n<\/ul>\n<\/div>\n<\/div>\n<div class=\"tab js-tab\">\n<h3 class=\"tab-title pdp-tabs_title js-tab-mobile-title\"><span>Description<\/span><\/h3>\n<div class=\"tab-description pdp-tabs_description js-tab-description\" itemprop=\"description\">Le Wunderbar Vegan Smooth \u2019n Soft Mask adoucit et hydrate naturellement les cheveux secs. Ce masque capillaire 100\u00a0% v\u00e9gan contient un savant m\u00e9lange de Revitalizing Tri-Complex par Wunderbar, d\u2019huile d\u2019argan et d\u2019huile d\u2019Abyssinie. R\u00e9unis, ces ingr\u00e9dients nourrissent et r\u00e9tablissent en douceur l\u2019\u00e9quilibre hydrique des cheveux secs tout en procurant une action anti-frisottis et antistatique, pour un effet doux et soyeux longue dur\u00e9e. \u00c0 utiliser en compl\u00e9ment des Wunderbar Vegan Smooth \u2018n Soft Shampoo et Conditioner pour un r\u00e9sultat optimal.<\/div>\n<\/div>\n<div class=\"tab js-tab\">\n<h3 class=\"tab-title pdp-tabs_title js-tab-mobile-title\"><span>Mode d&#8217;emploi<\/span><\/h3>\n<div class=\"tab-description pdp-tabs_description js-tab-description\">Appliquer apr\u00e8s le lavage des cheveux, laisser poser pendant 5 \u00e0 10 minutes et rincer. R\u00e9p\u00e9ter l\u2019op\u00e9ration 1 \u00e0 2 fois par semaine.<\/div>\n<\/div>\n<div class=\"tab js-tab\">\n<h3 class=\"tab-title pdp-tabs_title js-tab-mobile-title\"><span>Ingr\u00e9dients<\/span><\/h3>\n<div class=\"tab-description pdp-tabs_description js-tab-description\">AQUA (WATER\/EAU), HYDROXYPROPYL STARCH PHOSPHATE, STEARYL ALCOHOL, QUATERNIUM-87, BEHENTRIMONIUM CHLORIDE, AMODIMETHICONE, ARGANIA SPINOSA KERNEL OIL, CRAMBE ABYSSINICA SEED OIL, PROPYLENE GLYCOL, C11-15 PARETH-7, VERBASCUM DENSIFLORUM FLOWER\/STEM EXTRACT, CAPRYLYL GLYCOL, AVOCADO OIL PEG-8 ESTERS, CANDELILLA CERA (EUPHORBIA CERIFERA (CANDELILLA)WAX\/CIRE DE CANDELILLA), GLYCERIN, TRIDECETH -12, LAURETH-9, CITRIC ACID, DISODIUM EDTA, POTASSIUM SORBATE, PHENOXYETHANOL, BENZYL ALCOHOL, SODIUM BENZOATE, SALICYLIC ACID, PARFUM (FRAGRANCE), LIMONENE, LINALOOL<\/div>\n<\/div>\n<div class=\"tab js-tab\">\n<h3 class=\"tab-title pdp-tabs_title js-tab-mobile-title\"><span>Livraison et stock<\/span><\/h3>\n<div class=\"tab-description pdp-tabs_description js-tab-description\">\n<div class=\"pdp-delivery_info\">\n<div class=\"content-asset\">Livraison et d\u00e9laisRetours et remboursements<\/div>\n<\/div>\n<\/div>\n<\/div>\n<div class=\"tab js-tab\">\n<h3 class=\"tab-title pdp-tabs_title js-tab-mobile-title\"><span>Pr\u00e9cautions d&#8217;emploi<\/span><\/h3>\n<div class=\"tab-description pdp-tabs_description js-tab-description\">\u00c9viter tout contact avec les yeux.<\/div>\n<\/div>\n<\/div>\n<\/div>\n<\/div>\n","protected":false},"excerpt":{"rendered":"<p>Points cl\u00e9s Un traitement doux pour les cheveux secs Hydrate et nourrit les cheveux, pour&hellip;<\/p>\n","protected":false},"featured_media":20414,"comment_status":"open","ping_status":"closed","template":"","meta":[],"pwb-brand":[655],"product_cat":[617],"product_tag":[274,273,352],"class_list":{"0":"post-30080","1":"product","2":"type-product","3":"status-publish","4":"has-post-thumbnail","6":"pwb-brand-wunderbar","7":"product_cat-coiffure","8":"product_tag-coiffure","9":"product_tag-vegan","10":"product_tag-wunderbar","12":"first","13":"instock","14":"taxable","15":"shipping-taxable","16":"purchasable","17":"product-type-simple","18":"layout-style-3","19":"col-md-4 col-sm-4 col-xs-6","20":"col-lg-3","21":"product-style-default"},"aioseo_notices":[],"brands":[{"id":655,"name":"Wunderbar","slug":"wunderbar"}],"_links":{"self":[{"href":"https:\/\/cheveuxluxe.com\/index.php\/wp-json\/wp\/v2\/product\/30080","targetHints":{"allow":["GET"]}}],"collection":[{"href":"https:\/\/cheveuxluxe.com\/index.php\/wp-json\/wp\/v2\/product"}],"about":[{"href":"https:\/\/cheveuxluxe.com\/index.php\/wp-json\/wp\/v2\/types\/product"}],"replies":[{"embeddable":true,"href":"https:\/\/cheveuxluxe.com\/index.php\/wp-json\/wp\/v2\/comments?post=30080"}],"version-history":[{"count":0,"href":"https:\/\/cheveuxluxe.com\/index.php\/wp-json\/wp\/v2\/product\/30080\/revisions"}],"wp:featuredmedia":[{"embeddable":true,"href":"https:\/\/cheveuxluxe.com\/index.php\/wp-json\/wp\/v2\/media\/20414"}],"wp:attachment":[{"href":"https:\/\/cheveuxluxe.com\/index.php\/wp-json\/wp\/v2\/media?parent=30080"}],"wp:term":[{"taxonomy":"pwb-brand","embeddable":true,"href":"https:\/\/cheveuxluxe.com\/index.php\/wp-json\/wp\/v2\/pwb-brand?post=30080"},{"taxonomy":"product_cat","embeddable":true,"href":"https:\/\/cheveuxluxe.com\/index.php\/wp-json\/wp\/v2\/product_cat?post=30080"},{"taxonomy":"product_tag","embeddable":true,"href":"https:\/\/cheveuxluxe.com\/index.php\/wp-json\/wp\/v2\/product_tag?post=30080"}],"curies":[{"name":"wp","href":"https:\/\/api.w.org\/{rel}","templated":true}]}}