{"id":30084,"date":"2024-04-09T22:30:25","date_gmt":"2024-04-09T22:30:25","guid":{"rendered":"https:\/\/cheveuxluxe.com\/index.php\/product\/wunderbar-color-protect-sheer-silver-masque-cheveux-250ml\/"},"modified":"2024-04-13T14:24:30","modified_gmt":"2024-04-13T14:24:30","slug":"wunderbar-color-protect-sheer-silver-masque-cheveux-250ml","status":"publish","type":"product","link":"https:\/\/cheveuxluxe.com\/index.php\/product\/wunderbar-color-protect-sheer-silver-masque-cheveux-250ml\/","title":{"rendered":"Wunderbar Color Protect Sheer Silver Masque Cheveux 250ml"},"content":{"rendered":"<div class=\"product-content_bottom\">\n<div class=\"pdp-info\">\n<div class=\"pdp-tabs tab-container\">\n<div class=\"tab js-tab\">\n<h3 class=\"tab-title pdp-tabs_title js-tab-mobile-title open\"><span>Points cl\u00e9s<\/span><\/h3>\n<div class=\"tab-description pdp-tabs_description js-tab-description open\" itemprop=\"description\">\n<ul>\n<li>Au pigment violet qui neutralise reflets dor\u00e9s des cheveux blonds et d\u00e9color\u00e9s<\/li>\n<li>Tout en conditionnant et renfor\u00e7ant en profondeur la fibre capillaire et en apportant de la brillance<\/li>\n<li>Le Tri-Complexe Revitalisant \u00e0 l\u2019huile d\u2019Argan et \u00e0 l\u2019extrait d\u2019acajou prot\u00e8ge le cheveu et aide \u00e0 pr\u00e9server la couleur des \u00e9l\u00e9ments externes, assurant un r\u00e9sultat durable<\/li>\n<\/ul>\n<\/div>\n<\/div>\n<div class=\"tab js-tab\">\n<h3 class=\"tab-title pdp-tabs_title js-tab-mobile-title\"><span>Description<\/span><\/h3>\n<div class=\"tab-description pdp-tabs_description js-tab-description\" itemprop=\"description\">Un traitement \u00e9claircissant au pigment violet qui neutralise reflets dor\u00e9s des cheveux blonds et d\u00e9color\u00e9s tout en conditionnant et renfor\u00e7ant en profondeur la fibre capillaire et en apportant de la brillance. Le Tri-Complexe Revitalisant \u00e0 l\u2019huile d\u2019Argan et \u00e0 l\u2019extrait d\u2019acajou prot\u00e8ge le cheveu et aide \u00e0 pr\u00e9server la couleur des \u00e9l\u00e9ments externes, assurant un r\u00e9sultat durable.<\/div>\n<\/div>\n<div class=\"tab js-tab\">\n<h3 class=\"tab-title pdp-tabs_title js-tab-mobile-title\"><span>Mode d&#8217;emploi<\/span><\/h3>\n<div class=\"tab-description pdp-tabs_description js-tab-description\">Appliquer apr\u00e8s le lavage des cheveux, laisser poser pendant 5 \u00e0 10 minutes et rincer. R\u00e9p\u00e9tez l\u2019application \u00e0 chaque fois que vous remarquez un exc\u00e8s de reflet jaune.<\/div>\n<\/div>\n<div class=\"tab js-tab\">\n<h3 class=\"tab-title pdp-tabs_title js-tab-mobile-title\"><span>Ingr\u00e9dients<\/span><\/h3>\n<div class=\"tab-description pdp-tabs_description js-tab-description\">\u00ab\u00a0AQUA, MYRISTYL ALCOHOL, CETEARYL ALCOHOL,GLYCERIN, DISTEAROYLETHYL HYDROXYETHYLMONIUM METHOSULFATE,HYDROXYPROPYL STARCH PHOSPHATE, VERBASCUM DENSIFLORUM FLOWER \/ STEM EXTRACT, PRUNUS AMYGDALUS DULCIS OIL, HYDROLYZED WHEAT PROTEIN, HYDROLYZED SOY PROTEIN, TILIA TOMENTOSA BUD EXTRACT, ARGANIA SPINOSA KERNEL OIL, KHAYA SENEGALENSIS WOOD EXTRACT, CETRIMONIUM CHLORIDE, AMODIMETHICONE, DIMETHICONE, SODIUM PCA, CITRIC ACID, TRIDECETH-12, SODIUM GLUCEPTATE, BENZYL ALCOHOL , BENZOIC ACID, SORBIC ACID, PHENOXYETHANOL, PARFUM, HEXYL CINNAMAL, LINALOOL, ACID VIOLET 43, BASIC BLUE 99, BASIC BROWN 16, BASIC RED 76.\u00a0\u00bb<\/div>\n<\/div>\n<div class=\"tab js-tab\">\n<h3 class=\"tab-title pdp-tabs_title js-tab-mobile-title\"><span>Livraison et stock<\/span><\/h3>\n<div class=\"tab-description pdp-tabs_description js-tab-description\">\n<div class=\"pdp-delivery_info\">\n<div class=\"content-asset\">Livraison et d\u00e9laisRetours et remboursements<\/div>\n<\/div>\n<\/div>\n<\/div>\n<div class=\"tab js-tab\">\n<h3 class=\"tab-title pdp-tabs_title js-tab-mobile-title\"><span>Pr\u00e9cautions d&#8217;emploi<\/span><\/h3>\n<div class=\"tab-description pdp-tabs_description js-tab-description\">\u00c9vitez tout contact avec les yeux.<\/div>\n<\/div>\n<\/div>\n<\/div>\n<\/div>\n","protected":false},"excerpt":{"rendered":"<p>Points cl\u00e9s Au pigment violet qui neutralise reflets dor\u00e9s des cheveux blonds et d\u00e9color\u00e9s Tout&hellip;<\/p>\n","protected":false},"featured_media":30083,"comment_status":"open","ping_status":"closed","template":"","meta":[],"pwb-brand":[655],"product_cat":[617],"product_tag":[274,273,352],"class_list":{"0":"post-30084","1":"product","2":"type-product","3":"status-publish","4":"has-post-thumbnail","6":"pwb-brand-wunderbar","7":"product_cat-coiffure","8":"product_tag-coiffure","9":"product_tag-vegan","10":"product_tag-wunderbar","12":"first","13":"instock","14":"taxable","15":"shipping-taxable","16":"purchasable","17":"product-type-simple","18":"layout-style-3","19":"col-md-4 col-sm-4 col-xs-6","20":"col-lg-3","21":"product-style-default"},"aioseo_notices":[],"brands":[{"id":655,"name":"Wunderbar","slug":"wunderbar"}],"_links":{"self":[{"href":"https:\/\/cheveuxluxe.com\/index.php\/wp-json\/wp\/v2\/product\/30084","targetHints":{"allow":["GET"]}}],"collection":[{"href":"https:\/\/cheveuxluxe.com\/index.php\/wp-json\/wp\/v2\/product"}],"about":[{"href":"https:\/\/cheveuxluxe.com\/index.php\/wp-json\/wp\/v2\/types\/product"}],"replies":[{"embeddable":true,"href":"https:\/\/cheveuxluxe.com\/index.php\/wp-json\/wp\/v2\/comments?post=30084"}],"version-history":[{"count":0,"href":"https:\/\/cheveuxluxe.com\/index.php\/wp-json\/wp\/v2\/product\/30084\/revisions"}],"wp:featuredmedia":[{"embeddable":true,"href":"https:\/\/cheveuxluxe.com\/index.php\/wp-json\/wp\/v2\/media\/30083"}],"wp:attachment":[{"href":"https:\/\/cheveuxluxe.com\/index.php\/wp-json\/wp\/v2\/media?parent=30084"}],"wp:term":[{"taxonomy":"pwb-brand","embeddable":true,"href":"https:\/\/cheveuxluxe.com\/index.php\/wp-json\/wp\/v2\/pwb-brand?post=30084"},{"taxonomy":"product_cat","embeddable":true,"href":"https:\/\/cheveuxluxe.com\/index.php\/wp-json\/wp\/v2\/product_cat?post=30084"},{"taxonomy":"product_tag","embeddable":true,"href":"https:\/\/cheveuxluxe.com\/index.php\/wp-json\/wp\/v2\/product_tag?post=30084"}],"curies":[{"name":"wp","href":"https:\/\/api.w.org\/{rel}","templated":true}]}}