{"id":30123,"date":"2024-04-09T22:32:09","date_gmt":"2024-04-09T22:32:09","guid":{"rendered":"https:\/\/cheveuxluxe.com\/index.php\/product\/wella-professionals-ultimate-repair-masque-reparateur-75ml\/"},"modified":"2024-04-13T14:02:26","modified_gmt":"2024-04-13T14:02:26","slug":"wella-professionals-ultimate-repair-masque-reparateur-75ml","status":"publish","type":"product","link":"https:\/\/cheveuxluxe.com\/index.php\/product\/wella-professionals-ultimate-repair-masque-reparateur-75ml\/","title":{"rendered":"Wella Professionals Ultimate Repair Masque R\u00e9parateur 75ml"},"content":{"rendered":"<div class=\"product-content_bottom\">\n<div class=\"pdp-info\">\n<div class=\"pdp-tabs tab-container\">\n<div class=\"tab js-tab\">\n<h3 class=\"tab-title pdp-tabs_title js-tab-mobile-title open\"><span>Points cl\u00e9s<\/span><\/h3>\n<div class=\"tab-description pdp-tabs_description js-tab-description open\" itemprop=\"description\">\n<ul>\n<li>La technologie brevet\u00e9e* aux AHA et aux om\u00e9ga-9 r\u00e9pare les cheveux de l\u2019int\u00e9rieur et de l\u2019ext\u00e9rieur<\/li>\n<li>D\u00e9m\u00ealage 6 fois plus facile *<\/li>\n<li>Sur cheveux mouill\u00e9s, par rapport \u00e0 l\u2019utilisation du shampooing seul (sans apr\u00e8s-shampooing)<\/li>\n<li>Agit instantan\u00e9ment contre les frisottis<\/li>\n<li>Rend les cheveux souples sans les alourdir<\/li>\n<li>Pour tous les types et structures de cheveux<\/li>\n<\/ul>\n<\/div>\n<\/div>\n<div class=\"tab js-tab\">\n<h3 class=\"tab-title pdp-tabs_title js-tab-mobile-title\"><span>Description<\/span><\/h3>\n<div class=\"tab-description pdp-tabs_description js-tab-description\" itemprop=\"description\">Ce masque luxueux cible les zones ab\u00eem\u00e9es de chaque cheveu, pour des cheveux visiblement plus lisses, plus sains et plus faciles \u00e0 coiffer. R\u00e9pare les cheveux tr\u00e8s ab\u00eem\u00e9s par le coiffage \u00e0 chaud, les UV, la d\u00e9coloration, les \u00e9lastiques et les extensions. P\u00e9n\u00e8tre en profondeur dans le cheveu, le fortifie et le rend souple sans l\u2019alourdir. Convient \u00e0 tous les types de cheveux.<\/p>\n<p>Wella ULTIMATE REPAIR est un syst\u00e8me de soins haut de gamme qui r\u00e9pare les cheveux ab\u00eem\u00e9s en seulement 90\u00a0secondes*. Con\u00e7u pour toutes celles et tous ceux qui souhaitent profiter de la meilleure action r\u00e9paratrice qui soit et d\u2019une sensation de cheveux naturels et resplendissants de sant\u00e9. Il procure un soin complet et conf\u00e8re aux cheveux un aspect et un toucher exceptionnels.<br \/>* En cas d\u2019application de ULTIMATE REPAIR Miracle Hair Rescue<\/div>\n<\/div>\n<div class=\"tab js-tab\">\n<h3 class=\"tab-title pdp-tabs_title js-tab-mobile-title\"><span>Mode d&#8217;emploi<\/span><\/h3>\n<div class=\"tab-description pdp-tabs_description js-tab-description\">1. R\u00e9partir sur cheveux lav\u00e9s encore humides.<br \/>2. Laisser agir 5\u00a0\u00e0 10\u00a0minutes.<br \/>3. Rincer soigneusement.<br \/>Pour des r\u00e9sultats optimaux et des cheveux resplendissants de sant\u00e9, appliquer avec les \u00e9tapes 1, 3 et 4 du syst\u00e8me de soins ULTIMATE REPAIR.<\/div>\n<\/div>\n<div class=\"tab js-tab\">\n<h3 class=\"tab-title pdp-tabs_title js-tab-mobile-title\"><span>Ingr\u00e9dients<\/span><\/h3>\n<div class=\"tab-description pdp-tabs_description js-tab-description\">Aqua\/Water\/Eau, Stearyl Alcohol, Behentrimonium Chloride, Cetyl Alcohol, Propylene Glycol, Quaternium-80, Phenoxyethanol, Parfum\/Fragrance, Isopropyl Alcohol, Malic Acid, Aminomethyl Propanol, Glyceryl Oleate, Tocopheryl Acetate, Oleic Acid, Squalane, Linalool, Citronellol, Citric Acid, Histidine, Lecithin, Ascorbyl Palmitate, Tocopherol, Hydrogenated Palm Glycerides Citrate<\/div>\n<\/div>\n<div class=\"tab js-tab\">\n<h3 class=\"tab-title pdp-tabs_title js-tab-mobile-title\"><span>Livraison et stock<\/span><\/h3>\n<div class=\"tab-description pdp-tabs_description js-tab-description\">\n<div class=\"pdp-delivery_info\">\n<div class=\"content-asset\">Livraison et d\u00e9laisRetours et remboursements<\/div>\n<\/div>\n<\/div>\n<\/div>\n<\/div>\n<\/div>\n<\/div>\n","protected":false},"excerpt":{"rendered":"<p>Points cl\u00e9s La technologie brevet\u00e9e* aux AHA et aux om\u00e9ga-9 r\u00e9pare les cheveux de l\u2019int\u00e9rieur&hellip;<\/p>\n","protected":false},"featured_media":30119,"comment_status":"open","ping_status":"closed","template":"","meta":[],"pwb-brand":[648],"product_cat":[592],"product_tag":[593,127,323],"class_list":{"0":"post-30123","1":"product","2":"type-product","3":"status-publish","4":"has-post-thumbnail","6":"pwb-brand-wella-professionals","7":"product_cat-masques-cheveux","8":"product_tag-masques-cheveux","9":"product_tag-shampooing-et-coiffure","10":"product_tag-wella-professionals","12":"first","13":"instock","14":"taxable","15":"shipping-taxable","16":"purchasable","17":"product-type-simple","18":"layout-style-3","19":"col-md-4 col-sm-4 col-xs-6","20":"col-lg-3","21":"product-has-gallery","22":"product-style-default"},"aioseo_notices":[],"brands":[{"id":648,"name":"Wella Professionals","slug":"wella-professionals"}],"_links":{"self":[{"href":"https:\/\/cheveuxluxe.com\/index.php\/wp-json\/wp\/v2\/product\/30123","targetHints":{"allow":["GET"]}}],"collection":[{"href":"https:\/\/cheveuxluxe.com\/index.php\/wp-json\/wp\/v2\/product"}],"about":[{"href":"https:\/\/cheveuxluxe.com\/index.php\/wp-json\/wp\/v2\/types\/product"}],"replies":[{"embeddable":true,"href":"https:\/\/cheveuxluxe.com\/index.php\/wp-json\/wp\/v2\/comments?post=30123"}],"version-history":[{"count":0,"href":"https:\/\/cheveuxluxe.com\/index.php\/wp-json\/wp\/v2\/product\/30123\/revisions"}],"wp:featuredmedia":[{"embeddable":true,"href":"https:\/\/cheveuxluxe.com\/index.php\/wp-json\/wp\/v2\/media\/30119"}],"wp:attachment":[{"href":"https:\/\/cheveuxluxe.com\/index.php\/wp-json\/wp\/v2\/media?parent=30123"}],"wp:term":[{"taxonomy":"pwb-brand","embeddable":true,"href":"https:\/\/cheveuxluxe.com\/index.php\/wp-json\/wp\/v2\/pwb-brand?post=30123"},{"taxonomy":"product_cat","embeddable":true,"href":"https:\/\/cheveuxluxe.com\/index.php\/wp-json\/wp\/v2\/product_cat?post=30123"},{"taxonomy":"product_tag","embeddable":true,"href":"https:\/\/cheveuxluxe.com\/index.php\/wp-json\/wp\/v2\/product_tag?post=30123"}],"curies":[{"name":"wp","href":"https:\/\/api.w.org\/{rel}","templated":true}]}}