{"id":30141,"date":"2024-04-09T22:34:12","date_gmt":"2024-04-09T22:34:12","guid":{"rendered":"https:\/\/cheveuxluxe.com\/index.php\/product\/wella-nutricurls-masque-150ml\/"},"modified":"2024-04-13T14:02:29","modified_gmt":"2024-04-13T14:02:29","slug":"wella-nutricurls-masque-150ml","status":"publish","type":"product","link":"https:\/\/cheveuxluxe.com\/index.php\/product\/wella-nutricurls-masque-150ml\/","title":{"rendered":"Wella NutriCurls Masque, 150ml"},"content":{"rendered":"<div class=\"product-content_bottom\">\n<div class=\"pdp-info\">\n<div class=\"pdp-tabs tab-container\">\n<div class=\"tab js-tab\">\n<h3 class=\"tab-title pdp-tabs_title js-tab-mobile-title open\"><span>Points cl\u00e9s<\/span><\/h3>\n<div class=\"tab-description pdp-tabs_description js-tab-description open\" itemprop=\"description\">\n<ul>\n<li>Nourrit intens\u00e9ment les cheveux boucl\u00e9s ou ondul\u00e9s.<\/li>\n<li>D\u00e9finition et ressort de la boucle ou l&rsquo;ondulation.<\/li>\n<li>Aide \u00e0 r\u00e9tablir l&rsquo;\u00e9quilibre hydrique du cheveu.<\/li>\n<\/ul>\n<\/div>\n<\/div>\n<div class=\"tab js-tab\">\n<h3 class=\"tab-title pdp-tabs_title js-tab-mobile-title\"><span>Description<\/span><\/h3>\n<div class=\"tab-description pdp-tabs_description js-tab-description\" itemprop=\"description\">La gamme Wella Professionals Nutricurls est d\u00e9di\u00e9e aux cheveux boucl\u00e9s, ondul\u00e9s ou fris\u00e9s. Chaque boucle est unique et n\u00e9cessite un niveau d\u2019hydratation bien pr\u00e9cis. Enrichi en extrait de son de bl\u00e9 et en huile de jojoba, chaque produit est formul\u00e9 pour apporter le niveau d\u2019hydratation adapt\u00e9 au type de boucle. Les cheveux ondul\u00e9s ont besoin d\u2019\u00eatre l\u00e9g\u00e8rement hydrat\u00e9s, tandis que les cheveux boucl\u00e9s n\u00e9cessitent une hydratation plus intense.<\/p>\n<p>Formul\u00e9e avec le complexe Nourish-in :<\/p>\n<p>\u2022 De l\u2019extrait de son de bl\u00e9 : naturellement riche en vitamines, min\u00e9raux, prot\u00e9ines et acides gras essentiels.<\/p>\n<p>\u2022 De l\u2019huile de jojoba qui hydrate sans alourdir.<\/p>\n<p>Le r\u00e9sultat : Des boucles d\u00e9finies pendant 24h*, parfaitement nourries, rebondies, lisses et disciplin\u00e9es.<\/p>\n<p>*En utilisant les soins Curlixir balm ou Milky waves<\/p>\n<p>Wella Professionals est une marque leader mondiale de la coloration, experte en soins capillaires professionnels. Depuis plus de 140 ans, Wella Professionals est reconnue pour ses produits iconiques, ses technologies avanc\u00e9es et ses formules ultra-performantes d\u00e9di\u00e9es \u00e0 la transformation de vos cheveux. Entretien de la couleur, r\u00e9paration intense, nutrition instantan\u00e9e, brillance, soin du cuir chevelu, nos gammes sont con\u00e7ues pour r\u00e9pondre \u00e0 chaque besoin, pour r\u00e9v\u00e9ler votre beaut\u00e9 et votre personnalit\u00e9.<\/p><\/div>\n<\/div>\n<div class=\"tab js-tab\">\n<h3 class=\"tab-title pdp-tabs_title js-tab-mobile-title\"><span>Mode d&#8217;emploi<\/span><\/h3>\n<div class=\"tab-description pdp-tabs_description js-tab-description\">Appliquer le masque sur cheveux lav\u00e9s et humides. Laisser agir 5 minutes. Rincer abondamment.<\/div>\n<\/div>\n<div class=\"tab js-tab\">\n<h3 class=\"tab-title pdp-tabs_title js-tab-mobile-title\"><span>Ingr\u00e9dients<\/span><\/h3>\n<div class=\"tab-description pdp-tabs_description js-tab-description\">Eau, Stearyl Alcohol, Behentrimonium Chloride, Cetyl Alcohol, Parfum, Fragrance, Benzyl Alcohol, Phenoxyethanol, Isopropyl Alcohol, Propylene Glycol, Quaternium-80, Methylparaben, Propylparaben, Disodium EDTA, Panthenol, Linalool, Hexyl Cinnamal, Limonene, Geraniol, Citronellol, Simmondsia Chinensis (Jojoba) Seed Oil, Cetearyl Nonanoate, Citric Acid, Ethylhexyl Isononanoate, Triticum Vulgare (Bl\u00e9) Germ Oil, Triticum Vulgare Bran Extract, Linoleic Acid, Camellia Oleifera Seed Oil, Tocophero<\/div>\n<\/div>\n<div class=\"tab js-tab\">\n<h3 class=\"tab-title pdp-tabs_title js-tab-mobile-title\"><span>Livraison et stock<\/span><\/h3>\n<div class=\"tab-description pdp-tabs_description js-tab-description\">\n<div class=\"pdp-delivery_info\">\n<div class=\"content-asset\">Livraison et d\u00e9laisRetours et remboursements<\/div>\n<\/div>\n<\/div>\n<\/div>\n<\/div>\n<\/div>\n<\/div>\n","protected":false},"excerpt":{"rendered":"<p>Points cl\u00e9s Nourrit intens\u00e9ment les cheveux boucl\u00e9s ou ondul\u00e9s. D\u00e9finition et ressort de la boucle&hellip;<\/p>\n","protected":false},"featured_media":30136,"comment_status":"open","ping_status":"closed","template":"","meta":[],"pwb-brand":[648],"product_cat":[592],"product_tag":[593,127,323],"class_list":{"0":"post-30141","1":"product","2":"type-product","3":"status-publish","4":"has-post-thumbnail","6":"pwb-brand-wella-professionals","7":"product_cat-masques-cheveux","8":"product_tag-masques-cheveux","9":"product_tag-shampooing-et-coiffure","10":"product_tag-wella-professionals","12":"first","13":"instock","14":"taxable","15":"shipping-taxable","16":"purchasable","17":"product-type-simple","18":"layout-style-3","19":"col-md-4 col-sm-4 col-xs-6","20":"col-lg-3","21":"product-has-gallery","22":"product-style-default"},"aioseo_notices":[],"brands":[{"id":648,"name":"Wella Professionals","slug":"wella-professionals"}],"_links":{"self":[{"href":"https:\/\/cheveuxluxe.com\/index.php\/wp-json\/wp\/v2\/product\/30141","targetHints":{"allow":["GET"]}}],"collection":[{"href":"https:\/\/cheveuxluxe.com\/index.php\/wp-json\/wp\/v2\/product"}],"about":[{"href":"https:\/\/cheveuxluxe.com\/index.php\/wp-json\/wp\/v2\/types\/product"}],"replies":[{"embeddable":true,"href":"https:\/\/cheveuxluxe.com\/index.php\/wp-json\/wp\/v2\/comments?post=30141"}],"version-history":[{"count":0,"href":"https:\/\/cheveuxluxe.com\/index.php\/wp-json\/wp\/v2\/product\/30141\/revisions"}],"wp:featuredmedia":[{"embeddable":true,"href":"https:\/\/cheveuxluxe.com\/index.php\/wp-json\/wp\/v2\/media\/30136"}],"wp:attachment":[{"href":"https:\/\/cheveuxluxe.com\/index.php\/wp-json\/wp\/v2\/media?parent=30141"}],"wp:term":[{"taxonomy":"pwb-brand","embeddable":true,"href":"https:\/\/cheveuxluxe.com\/index.php\/wp-json\/wp\/v2\/pwb-brand?post=30141"},{"taxonomy":"product_cat","embeddable":true,"href":"https:\/\/cheveuxluxe.com\/index.php\/wp-json\/wp\/v2\/product_cat?post=30141"},{"taxonomy":"product_tag","embeddable":true,"href":"https:\/\/cheveuxluxe.com\/index.php\/wp-json\/wp\/v2\/product_tag?post=30141"}],"curies":[{"name":"wp","href":"https:\/\/api.w.org\/{rel}","templated":true}]}}