{"id":30142,"date":"2024-04-09T22:34:15","date_gmt":"2024-04-09T22:34:15","guid":{"rendered":"https:\/\/cheveuxluxe.com\/index.php\/product\/vitalitys-intensive-colour-therapy-mask-250ml\/"},"modified":"2024-04-13T14:11:56","modified_gmt":"2024-04-13T14:11:56","slug":"vitalitys-intensive-colour-therapy-mask-250ml","status":"publish","type":"product","link":"https:\/\/cheveuxluxe.com\/index.php\/product\/vitalitys-intensive-colour-therapy-mask-250ml\/","title":{"rendered":"Vitality&rsquo;s Intensive Colour Therapy Mask 250ml"},"content":{"rendered":"<div class=\"product-content_bottom\">\n<div class=\"pdp-info\">\n<div class=\"pdp-tabs tab-container\">\n<div class=\"tab js-tab\">\n<h3 class=\"tab-title pdp-tabs_title js-tab-mobile-title open\"><span>Points cl\u00e9s<\/span><\/h3>\n<div class=\"tab-description pdp-tabs_description js-tab-description open\" itemprop=\"description\">\n<ul>\n<li> Soin cibl\u00e9 cheveux color\u00e9s<\/li>\n<li>Nutrition extr\u00eame<\/li>\n<li>Brillance intense<\/li>\n<li>Cheveux revitalis\u00e9s<\/li>\n<li>Protection <\/li>\n<\/ul>\n<\/div>\n<\/div>\n<div class=\"tab js-tab\">\n<h3 class=\"tab-title pdp-tabs_title js-tab-mobile-title\"><span>Description<\/span><\/h3>\n<div class=\"tab-description pdp-tabs_description js-tab-description\" itemprop=\"description\">Lors de la coloration, les \u00e9cailles des cheveux sont ouvertes par les produits chimiques qu\u2019elle contient, ce qui fragilise la structure de la fibre capillaire. Le cheveu devient poreux et sensibilis\u00e9, il perd sa vigueur et sa brillance. Ressuscitez-le comme par magie avec le masque Intensive Colour Therapy de Vitality&rsquo;s. Ses actifs puissants restaurent la chevelure en profondeur pour lui redonner toute sa beaut\u00e9.Le masque utilise la technologie Color Shine System, combin\u00e9e \u00e0 des agents protecteurs contre les radicaux libres, qui prot\u00e8gent et nourrissent intens\u00e9ment les cheveux. Ils retrouvent leur force et leur \u00e9clat et redeviennent faciles \u00e0 coiffer. La coloration sublim\u00e9e par le soin dure plus longtemps. Dites adieu aux cheveux r\u00eaches et ternes, abim\u00e9s par les teintures.<\/div>\n<\/div>\n<div class=\"tab js-tab\">\n<h3 class=\"tab-title pdp-tabs_title js-tab-mobile-title\"><span>Mode d&#8217;emploi<\/span><\/h3>\n<div class=\"tab-description pdp-tabs_description js-tab-description\">Appliquez une petite quantit\u00e9 de masque Intensive Colour Therapy de Vitality&rsquo;s sur les longueurs.Laissez agir 3 minutes et rincez soigneusement \u00e0 l\u2019eau claire.Pour optimiser ses r\u00e9sultats, utilisez-le en compl\u00e9ment du shampooing Intensive Colour Therapy de Vitality&rsquo;s.<\/div>\n<\/div>\n<div class=\"tab js-tab\">\n<h3 class=\"tab-title pdp-tabs_title js-tab-mobile-title\"><span>Ingr\u00e9dients<\/span><\/h3>\n<div class=\"tab-description pdp-tabs_description js-tab-description\">AQUA (WATER), CETYL ALCOHOL, MYRISTYL ALCOHOL, HYDROXYPROPYLTRIMONIUM HYDROLYZED WHEAT PROTEIN, BEHENTRIMONIUM CHLORIDE, CETRIMONIUM CHLORIDE, HELIANTHUS ANNUUS (SUNFLOWER SEED EXTRACT), QUATERNIUM-87, VITIS VINIFERA EXTRACT, AMINOPROPYL\/PHENYL TRIMETHICONE, BHT, DIAZOLIDINYL UREA, IODOPROPYNYL BUTYLCARBAMATE, PHENOXYETHANOL, METHYLPARABEN, ETHYLPARABEN, PROPYLPARABEN, BUTYLPARABEN, PARFUM ( FRAGRANCE).<\/div>\n<\/div>\n<div class=\"tab js-tab\">\n<h3 class=\"tab-title pdp-tabs_title js-tab-mobile-title\"><span>Livraison et stock<\/span><\/h3>\n<div class=\"tab-description pdp-tabs_description js-tab-description\">\n<div class=\"pdp-delivery_info\">\n<div class=\"content-asset\">Livraison et d\u00e9laisRetours et remboursements<\/div>\n<\/div>\n<\/div>\n<\/div>\n<\/div>\n<\/div>\n<\/div>\n","protected":false},"excerpt":{"rendered":"<p>Points cl\u00e9s Soin cibl\u00e9 cheveux color\u00e9s Nutrition extr\u00eame Brillance intense Cheveux revitalis\u00e9s Protection Description Lors&hellip;<\/p>\n","protected":false},"featured_media":21437,"comment_status":"open","ping_status":"closed","template":"","meta":[],"pwb-brand":[651],"product_cat":[598],"product_tag":[127,599,333],"class_list":{"0":"post-30142","1":"product","2":"type-product","3":"status-publish","4":"has-post-thumbnail","6":"pwb-brand-vitalitys","7":"product_cat-type-de-cheveux","8":"product_tag-shampooing-et-coiffure","9":"product_tag-type-de-cheveux","10":"product_tag-vitalitys","12":"first","13":"instock","14":"taxable","15":"shipping-taxable","16":"purchasable","17":"product-type-simple","18":"layout-style-3","19":"col-md-4 col-sm-4 col-xs-6","20":"col-lg-3","21":"product-style-default"},"aioseo_notices":[],"brands":[{"id":651,"name":"Vitality's","slug":"vitalitys"}],"_links":{"self":[{"href":"https:\/\/cheveuxluxe.com\/index.php\/wp-json\/wp\/v2\/product\/30142","targetHints":{"allow":["GET"]}}],"collection":[{"href":"https:\/\/cheveuxluxe.com\/index.php\/wp-json\/wp\/v2\/product"}],"about":[{"href":"https:\/\/cheveuxluxe.com\/index.php\/wp-json\/wp\/v2\/types\/product"}],"replies":[{"embeddable":true,"href":"https:\/\/cheveuxluxe.com\/index.php\/wp-json\/wp\/v2\/comments?post=30142"}],"version-history":[{"count":0,"href":"https:\/\/cheveuxluxe.com\/index.php\/wp-json\/wp\/v2\/product\/30142\/revisions"}],"wp:featuredmedia":[{"embeddable":true,"href":"https:\/\/cheveuxluxe.com\/index.php\/wp-json\/wp\/v2\/media\/21437"}],"wp:attachment":[{"href":"https:\/\/cheveuxluxe.com\/index.php\/wp-json\/wp\/v2\/media?parent=30142"}],"wp:term":[{"taxonomy":"pwb-brand","embeddable":true,"href":"https:\/\/cheveuxluxe.com\/index.php\/wp-json\/wp\/v2\/pwb-brand?post=30142"},{"taxonomy":"product_cat","embeddable":true,"href":"https:\/\/cheveuxluxe.com\/index.php\/wp-json\/wp\/v2\/product_cat?post=30142"},{"taxonomy":"product_tag","embeddable":true,"href":"https:\/\/cheveuxluxe.com\/index.php\/wp-json\/wp\/v2\/product_tag?post=30142"}],"curies":[{"name":"wp","href":"https:\/\/api.w.org\/{rel}","templated":true}]}}