{"id":30146,"date":"2024-04-09T22:34:41","date_gmt":"2024-04-09T22:34:41","guid":{"rendered":"https:\/\/cheveuxluxe.com\/index.php\/product\/vitalitys-aqua-masque-sebo-equilibrant-a-largile-200ml\/"},"modified":"2024-04-13T14:13:24","modified_gmt":"2024-04-13T14:13:24","slug":"vitalitys-aqua-masque-sebo-equilibrant-a-largile-200ml","status":"publish","type":"product","link":"https:\/\/cheveuxluxe.com\/index.php\/product\/vitalitys-aqua-masque-sebo-equilibrant-a-largile-200ml\/","title":{"rendered":"Vitality&rsquo;s Aqua Masque S\u00e9bo-\u00c9quilibrant \u00e0 l&rsquo;Argile 200ml"},"content":{"rendered":"<div class=\"product-content_bottom\">\n<div class=\"pdp-info\">\n<div class=\"pdp-tabs tab-container\">\n<div class=\"tab js-tab\">\n<h3 class=\"tab-title pdp-tabs_title js-tab-mobile-title\"><span>Ingr\u00e9dients<\/span><\/h3>\n<div class=\"tab-description pdp-tabs_description js-tab-description\">AQUA (WATER), MYRISTYL ALCOHOL, CETEARYL ALCOHOL, KAOLIN, HYDROXYPROPYL STARCH PHOSPHATE, PYRIDOXINE HCL, NIACINAMIDE, GLYCERIN, PANTHENOL, HYDROLYZED YEAST PROTEIN, THREONINE, ALLANTOIN, BIOTIN, ZINC PCA (THERMAL WATER), CITRUS AURANTIUM DULCIS (ORANGE) LEAF EXTRACT, CITRUS NOBILIS (MANDARIN ORANGE) LEAF EXTRACT, OLEA EUROPAEA (OLIVE) LEAF EXTRACT, CETRIMONIUM CHLORIDE, COCAMIDOPROPYL BETAINE, ARCTIUM LAPPA (BURDOCK) ROOT EXTRACT, SODIUM CHLORIDE, PHENOXYETHANOL, POTASSIUM SORBATE, ETHYLHEXYLGLYCERIN, METHYLPARABEN, ETHYLPARABEN, LIMONENE, CITRONELLOL, HEXYL CINNAMAL, PARFUM (FRAGRANCE).<\/div>\n<\/div>\n<div class=\"tab js-tab\">\n<h3 class=\"tab-title pdp-tabs_title js-tab-mobile-title\"><span>Livraison et stock<\/span><\/h3>\n<div class=\"tab-description pdp-tabs_description js-tab-description\">\n<div class=\"pdp-delivery_info\">\n<div class=\"content-asset\">Livraison et d\u00e9laisRetours et remboursements<\/div>\n<\/div>\n<\/div>\n<\/div>\n<\/div>\n<\/div>\n<\/div>\n","protected":false},"excerpt":{"rendered":"<p>Ingr\u00e9dients AQUA (WATER), MYRISTYL ALCOHOL, CETEARYL ALCOHOL, KAOLIN, HYDROXYPROPYL STARCH PHOSPHATE, PYRIDOXINE HCL, NIACINAMIDE, GLYCERIN,&hellip;<\/p>\n","protected":false},"featured_media":16199,"comment_status":"open","ping_status":"closed","template":"","meta":[],"pwb-brand":[651],"product_cat":[598],"product_tag":[127,599,333],"class_list":{"0":"post-30146","1":"product","2":"type-product","3":"status-publish","4":"has-post-thumbnail","6":"pwb-brand-vitalitys","7":"product_cat-type-de-cheveux","8":"product_tag-shampooing-et-coiffure","9":"product_tag-type-de-cheveux","10":"product_tag-vitalitys","12":"first","13":"instock","14":"taxable","15":"shipping-taxable","16":"purchasable","17":"product-type-simple","18":"layout-style-3","19":"col-md-4 col-sm-4 col-xs-6","20":"col-lg-3","21":"product-style-default"},"aioseo_notices":[],"brands":[{"id":651,"name":"Vitality's","slug":"vitalitys"}],"_links":{"self":[{"href":"https:\/\/cheveuxluxe.com\/index.php\/wp-json\/wp\/v2\/product\/30146","targetHints":{"allow":["GET"]}}],"collection":[{"href":"https:\/\/cheveuxluxe.com\/index.php\/wp-json\/wp\/v2\/product"}],"about":[{"href":"https:\/\/cheveuxluxe.com\/index.php\/wp-json\/wp\/v2\/types\/product"}],"replies":[{"embeddable":true,"href":"https:\/\/cheveuxluxe.com\/index.php\/wp-json\/wp\/v2\/comments?post=30146"}],"version-history":[{"count":0,"href":"https:\/\/cheveuxluxe.com\/index.php\/wp-json\/wp\/v2\/product\/30146\/revisions"}],"wp:featuredmedia":[{"embeddable":true,"href":"https:\/\/cheveuxluxe.com\/index.php\/wp-json\/wp\/v2\/media\/16199"}],"wp:attachment":[{"href":"https:\/\/cheveuxluxe.com\/index.php\/wp-json\/wp\/v2\/media?parent=30146"}],"wp:term":[{"taxonomy":"pwb-brand","embeddable":true,"href":"https:\/\/cheveuxluxe.com\/index.php\/wp-json\/wp\/v2\/pwb-brand?post=30146"},{"taxonomy":"product_cat","embeddable":true,"href":"https:\/\/cheveuxluxe.com\/index.php\/wp-json\/wp\/v2\/product_cat?post=30146"},{"taxonomy":"product_tag","embeddable":true,"href":"https:\/\/cheveuxluxe.com\/index.php\/wp-json\/wp\/v2\/product_tag?post=30146"}],"curies":[{"name":"wp","href":"https:\/\/api.w.org\/{rel}","templated":true}]}}