{"id":30156,"date":"2024-04-09T22:34:54","date_gmt":"2024-04-09T22:34:54","guid":{"rendered":"https:\/\/cheveuxluxe.com\/index.php\/product\/schwarzkopf-professional-bonacure-color-freeze-silver-traitement\/"},"modified":"2024-04-13T14:26:11","modified_gmt":"2024-04-13T14:26:11","slug":"schwarzkopf-professional-bonacure-color-freeze-silver-traitement","status":"publish","type":"product","link":"https:\/\/cheveuxluxe.com\/index.php\/product\/schwarzkopf-professional-bonacure-color-freeze-silver-traitement\/","title":{"rendered":"Schwarzkopf Professional Bonacure Color Freeze Silver Traitement"},"content":{"rendered":"<div class=\"product-content_bottom\">\n<div class=\"pdp-info\">\n<div class=\"pdp-tabs tab-container\">\n<div class=\"tab js-tab\">\n<h3 class=\"tab-title pdp-tabs_title js-tab-mobile-title open\"><span>Points cl\u00e9s<\/span><\/h3>\n<div class=\"tab-description pdp-tabs_description js-tab-description open\" itemprop=\"description\">\n<ul>\n<li>Fournit un soin en profondeur pour r\u00e9duire jusqu&rsquo;\u00e0 95 % la casse des cheveux.<\/li>\n<li>Neutralise les sous-tons chauds ind\u00e9sirables en pr\u00e9servant et en ravivant les directions de tons froids.<\/li>\n<li>Le cheveu atteint son niveau de pH optimal de 4,5, ce qui permet de conserver 90 % de la couleur jusqu&rsquo;\u00e0 30 lavages.<\/li>\n<li>Ajoute un \u00e9clat cendr\u00e9 aux cheveux blancs et aux bases tr\u00e8s claires<\/li>\n<li>Formule v\u00e9gane**<\/li>\n<\/ul>\n<\/div>\n<\/div>\n<div class=\"tab js-tab\">\n<h3 class=\"tab-title pdp-tabs_title js-tab-mobile-title\"><span>Description<\/span><\/h3>\n<div class=\"tab-description pdp-tabs_description js-tab-description\" itemprop=\"description\">Un traitement capillaire pigment\u00e9 et r\u00e9parateur de Bonacure Color Freeze, sp\u00e9cialement formul\u00e9 pour les cheveux gris et \u00e9claircis. Sans silicones ni colorants artificiels, les cheveux sont intens\u00e9ment nourris tandis que les sous-colorations chaudes sont neutralis\u00e9es. Le cheveu retrouve son niveau de pH optimal pour geler parfaitement les pigments de couleur \u00e0 l&rsquo;int\u00e9rieur de la matrice capillaire, emp\u00eachant la d\u00e9coloration pour une couleur durable.<\/p>\n<p>Produit capillaire vegan*.<\/p><\/div>\n<\/div>\n<div class=\"tab js-tab\">\n<h3 class=\"tab-title pdp-tabs_title js-tab-mobile-title\"><span>Mode d&#8217;emploi<\/span><\/h3>\n<div class=\"tab-description pdp-tabs_description js-tab-description\">Appliquez le traitement capillaire r\u00e9parateur sur les cheveux essor\u00e9s et faites-le p\u00e9n\u00e9trer. Laissez agir jusqu&rsquo;\u00e0 10 minutes. Rincez abondamment.<\/div>\n<\/div>\n<div class=\"tab js-tab\">\n<h3 class=\"tab-title pdp-tabs_title js-tab-mobile-title\"><span>Ingr\u00e9dients<\/span><\/h3>\n<div class=\"tab-description pdp-tabs_description js-tab-description\">Aqua (Water, Eau) Cetearyl Alcohol Behenamidopropyl Dimethylamine Glycerin Isopropyl Myristate Distearoylethyl Hydroxyethylmonium Methosulfate Phenoxyethanol Parfum (Fragrance) Behentrimonium Chloride Citric Acid Butyrospermum Parkii (Shea) Butter Hydroxypropyl Guar Hydroxypropyltrimonium Chloride Ceteareth-20 Ethylhexylglycerin Isopropyl Alcohol Linalool Benzyl Salicylate Hexyl Cinnemal Soy Amino Acids Wheat Amino Acids Limonene Citronellol Acid Violet 43 Benzyl Alcohol HC Blue No. 12 Sodium Benzoate Potassium Sorbate<\/div>\n<\/div>\n<div class=\"tab js-tab\">\n<h3 class=\"tab-title pdp-tabs_title js-tab-mobile-title\"><span>Livraison et stock<\/span><\/h3>\n<div class=\"tab-description pdp-tabs_description js-tab-description\">\n<div class=\"pdp-delivery_info\">\n<div class=\"content-asset\">Livraison et d\u00e9laisRetours et remboursements<\/div>\n<\/div>\n<\/div>\n<\/div>\n<div class=\"tab js-tab\">\n<h3 class=\"tab-title pdp-tabs_title js-tab-mobile-title\"><span>Pr\u00e9cautions d&#8217;emploi<\/span><\/h3>\n<div class=\"tab-description pdp-tabs_description js-tab-description\">Ce produit contient des ingr\u00e9dients qui peuvent provoquer des irritations cutan\u00e9es chez certaines personnes. Un test pr\u00e9liminaire de sensibilit\u00e9 cutan\u00e9e doit \u00eatre effectu\u00e9 au pr\u00e9alable, conform\u00e9ment aux instructions. Ce produit ne doit pas \u00eatre utilis\u00e9 pour la teinture des cils ou des sourcils. Cela pourrait provoquer la c\u00e9cit\u00e9. \u00c9vitez tout contact avec les yeux. Rincer imm\u00e9diatement si le produit entre en contact avec les yeux. Portez des gants appropri\u00e9s. Tenir hors de port\u00e9e des enfants.<\/div>\n<\/div>\n<\/div>\n<\/div>\n<\/div>\n","protected":false},"excerpt":{"rendered":"<p>Points cl\u00e9s Fournit un soin en profondeur pour r\u00e9duire jusqu&rsquo;\u00e0 95 % la casse des&hellip;<\/p>\n","protected":false},"featured_media":20783,"comment_status":"open","ping_status":"closed","template":"","meta":[],"pwb-brand":[646],"product_cat":[617],"product_tag":[274,319,273],"class_list":{"0":"post-30156","1":"product","2":"type-product","3":"status-publish","4":"has-post-thumbnail","6":"pwb-brand-schwarzkopf-professional","7":"product_cat-coiffure","8":"product_tag-coiffure","9":"product_tag-schwarzkopf-professional","10":"product_tag-vegan","12":"first","13":"instock","14":"taxable","15":"shipping-taxable","16":"purchasable","17":"product-type-simple","18":"layout-style-3","19":"col-md-4 col-sm-4 col-xs-6","20":"col-lg-3","21":"product-has-gallery","22":"product-style-default"},"aioseo_notices":[],"brands":[{"id":646,"name":"Schwarzkopf Professional","slug":"schwarzkopf-professional"}],"_links":{"self":[{"href":"https:\/\/cheveuxluxe.com\/index.php\/wp-json\/wp\/v2\/product\/30156","targetHints":{"allow":["GET"]}}],"collection":[{"href":"https:\/\/cheveuxluxe.com\/index.php\/wp-json\/wp\/v2\/product"}],"about":[{"href":"https:\/\/cheveuxluxe.com\/index.php\/wp-json\/wp\/v2\/types\/product"}],"replies":[{"embeddable":true,"href":"https:\/\/cheveuxluxe.com\/index.php\/wp-json\/wp\/v2\/comments?post=30156"}],"version-history":[{"count":0,"href":"https:\/\/cheveuxluxe.com\/index.php\/wp-json\/wp\/v2\/product\/30156\/revisions"}],"wp:featuredmedia":[{"embeddable":true,"href":"https:\/\/cheveuxluxe.com\/index.php\/wp-json\/wp\/v2\/media\/20783"}],"wp:attachment":[{"href":"https:\/\/cheveuxluxe.com\/index.php\/wp-json\/wp\/v2\/media?parent=30156"}],"wp:term":[{"taxonomy":"pwb-brand","embeddable":true,"href":"https:\/\/cheveuxluxe.com\/index.php\/wp-json\/wp\/v2\/pwb-brand?post=30156"},{"taxonomy":"product_cat","embeddable":true,"href":"https:\/\/cheveuxluxe.com\/index.php\/wp-json\/wp\/v2\/product_cat?post=30156"},{"taxonomy":"product_tag","embeddable":true,"href":"https:\/\/cheveuxluxe.com\/index.php\/wp-json\/wp\/v2\/product_tag?post=30156"}],"curies":[{"name":"wp","href":"https:\/\/api.w.org\/{rel}","templated":true}]}}